{"id":10314,"date":"2025-10-01T10:15:14","date_gmt":"2025-10-01T08:15:14","guid":{"rendered":"https:\/\/www.micro-mega.com\/?page_id=10314"},"modified":"2026-03-13T11:51:19","modified_gmt":"2026-03-13T10:51:19","slug":"120-years-2","status":"publish","type":"page","link":"https:\/\/www.micro-mega.com\/en\/120-years-2\/","title":{"rendered":"120 years"},"content":{"rendered":"\t\t<div data-elementor-type=\"wp-page\" data-elementor-id=\"10314\" class=\"elementor elementor-10314 elementor-10313\" data-elementor-post-type=\"page\">\n\t\t\t\t<div class=\"elementor-element elementor-element-e954b41 animated-fast e-flex e-con-boxed elementor-invisible e-con e-parent\" data-id=\"e954b41\" data-element_type=\"container\" data-e-type=\"container\" data-settings=\"{&quot;animation&quot;:&quot;fadeIn&quot;,&quot;animation_delay&quot;:300}\">\n\t\t\t\t\t<div class=\"e-con-inner\">\n\t\t<div class=\"elementor-element elementor-element-ee92c66 e-flex e-con-boxed e-con e-child\" data-id=\"ee92c66\" data-element_type=\"container\" data-e-type=\"container\" data-settings=\"{&quot;background_background&quot;:&quot;classic&quot;}\">\n\t\t\t\t\t<div class=\"e-con-inner\">\n\t\t\t\t<div class=\"elementor-element elementor-element-1be039b elementor-widget elementor-widget-heading\" data-id=\"1be039b\" data-element_type=\"widget\" data-e-type=\"widget\" data-widget_type=\"heading.default\">\n\t\t\t\t<div class=\"elementor-widget-container\">\n\t\t\t\t\t<h1 class=\"elementor-heading-title elementor-size-default\">Micro-Mega celebrates its 120th anniversary<\/h1>\t\t\t\t<\/div>\n\t\t\t\t<\/div>\n\t\t\t\t<div class=\"elementor-element elementor-element-f67ee0c elementor-widget elementor-widget-nt_widget_breadcrumb\" data-id=\"f67ee0c\" data-element_type=\"widget\" data-e-type=\"widget\" data-widget_type=\"nt_widget_breadcrumb.default\">\n\t\t\t\t<div class=\"elementor-widget-container\">\n\t\t\t\t\t<div class=\"nt-breadcrumb-wrapper\">\r\n    <div class=\"nt-breadcrumb\" id=\"breadcrumbs\"><ul><li><a href=\"https:\/\/www.micro-mega.com\/en\/\">Home<\/a><\/li><\/ul><\/div><\/div>\r\n\t\t\t\t<\/div>\n\t\t\t\t<\/div>\n\t\t\t\t\t<\/div>\n\t\t\t\t<\/div>\n\t\t\t\t\t<\/div>\n\t\t\t\t<\/div>\n\t\t<div class=\"elementor-element elementor-element-a59b122 animated-fast e-flex e-con-boxed elementor-invisible e-con e-parent\" data-id=\"a59b122\" data-element_type=\"container\" data-e-type=\"container\" data-settings=\"{&quot;animation&quot;:&quot;fadeInUp&quot;}\">\n\t\t\t\t\t<div class=\"e-con-inner\">\n\t\t\t\t<div class=\"elementor-element elementor-element-de58ba6 elementor-widget elementor-widget-heading\" data-id=\"de58ba6\" data-element_type=\"widget\" data-e-type=\"widget\" data-widget_type=\"heading.default\">\n\t\t\t\t<div class=\"elementor-widget-container\">\n\t\t\t\t\t<div class=\"elementor-heading-title elementor-size-default\">A year of celebration and innovation<\/div>\t\t\t\t<\/div>\n\t\t\t\t<\/div>\n\t\t<div class=\"elementor-element elementor-element-cf2287e e-con-full e-flex e-con e-child\" data-id=\"cf2287e\" data-element_type=\"container\" data-e-type=\"container\">\n\t\t\t\t<div class=\"elementor-element elementor-element-15094e7 elementor-widget elementor-widget-image\" data-id=\"15094e7\" data-element_type=\"widget\" data-e-type=\"widget\" data-widget_type=\"image.default\">\n\t\t\t\t<div class=\"elementor-widget-container\">\n\t\t\t\t\t\t\t\t\t\t\t\t\t\t\t<img fetchpriority=\"high\" decoding=\"async\" width=\"240\" height=\"292\" src=\"https:\/\/www.micro-mega.com\/wp-content\/uploads\/2025\/02\/montre-voile-1-png.webp\" class=\"attachment-large size-large wp-image-7355\" alt=\"\" \/>\t\t\t\t\t\t\t\t\t\t\t\t\t\t\t<\/div>\n\t\t\t\t<\/div>\n\t\t\t\t<div class=\"elementor-element elementor-element-6154aec elementor-widget__width-initial elementor-widget elementor-widget-text-editor\" data-id=\"6154aec\" data-element_type=\"widget\" data-e-type=\"widget\" data-widget_type=\"text-editor.default\">\n\t\t\t\t<div class=\"elementor-widget-container\">\n\t\t\t\t\t\t\t\t\t<h3 data-start=\"174\" data-end=\"237\"><strong data-start=\"178\" data-end=\"235\">120 years of excellence, innovation and expertise<\/strong><\/h3><p data-start=\"239\" data-end=\"607\">Since <strong data-start=\"246\" data-end=\"254\">1905<\/strong>, <strong data-start=\"256\" data-end=\"269\">Micro-Mega<\/strong> has shaped the history of endodontics with its expertise, commitment to precision and spirit of innovation and strong innovation mindset.\u00a0<\/p><p data-start=\"239\" data-end=\"607\">In <strong data-start=\"394\" data-end=\"402\">2025<\/strong>, celebrate its\u00a0<strong data-start=\"419\" data-end=\"443\">120 years<\/strong> of excellence, a key milestone that marks our continued commitment to push the boundaries of performance and quality for dental professionals.<\/p><h3 data-start=\"609\" data-end=\"664\">\u00a0<\/h3><p data-start=\"854\" data-end=\"1135\">\u00a0<\/p>\t\t\t\t\t\t\t\t<\/div>\n\t\t\t\t<\/div>\n\t\t\t\t<\/div>\n\t\t<div class=\"elementor-element elementor-element-1c5b367 animated-fast e-con-full e-flex elementor-invisible e-con e-child\" data-id=\"1c5b367\" data-element_type=\"container\" data-e-type=\"container\" data-settings=\"{&quot;animation&quot;:&quot;fadeInUp&quot;}\">\n\t\t\t\t<div class=\"elementor-element elementor-element-8564755 elementor-widget elementor-widget-heading\" data-id=\"8564755\" data-element_type=\"widget\" data-e-type=\"widget\" data-widget_type=\"heading.default\">\n\t\t\t\t<div class=\"elementor-widget-container\">\n\t\t\t\t\t<h3 class=\"elementor-heading-title elementor-size-default\"><div style=\"font-size: 14px;line-height: 20px\"><h3><span style=\"font-family: Calibri, sans-serif;font-size: 20px\">A milestone year marked by key highlights<\/span><span style=\"font-family: Calibri, sans-serif;font-size: 20px\"><\/span><\/h3><br><\/div>To commemorate this historic anniversary, Micro-Mega marked 2025 with several major initiatives in France and internationally, including<\/h3>\t\t\t\t<\/div>\n\t\t\t\t<\/div>\n\t\t<div class=\"elementor-element elementor-element-db8994a e-flex e-con-boxed e-con e-child\" data-id=\"db8994a\" data-element_type=\"container\" data-e-type=\"container\">\n\t\t\t\t\t<div class=\"e-con-inner\">\n\t\t\t\t<div class=\"elementor-element elementor-element-8a39307 elementor-widget elementor-widget-image\" data-id=\"8a39307\" data-element_type=\"widget\" data-e-type=\"widget\" data-widget_type=\"image.default\">\n\t\t\t\t<div class=\"elementor-widget-container\">\n\t\t\t\t\t\t\t\t\t\t\t\t\t\t\t<img decoding=\"async\" width=\"300\" height=\"278\" src=\"https:\/\/www.micro-mega.com\/wp-content\/uploads\/2025\/03\/120-ans_or-png-300x278.webp\" class=\"attachment-medium size-medium wp-image-7439\" alt=\"\" srcset=\"https:\/\/www.micro-mega.com\/wp-content\/uploads\/2025\/03\/120-ans_or-png-300x278.webp 300w, https:\/\/www.micro-mega.com\/wp-content\/uploads\/2025\/03\/120-ans_or-png.webp 400w\" sizes=\"(max-width: 300px) 100vw, 300px\" \/>\t\t\t\t\t\t\t\t\t\t\t\t\t\t\t<\/div>\n\t\t\t\t<\/div>\n\t\t\t\t<div class=\"elementor-element elementor-element-2cf1b3d elementor-widget elementor-widget-text-editor\" data-id=\"2cf1b3d\" data-element_type=\"widget\" data-e-type=\"widget\" data-widget_type=\"text-editor.default\">\n\t\t\t\t<div class=\"elementor-widget-container\">\n\t\t\t\t\t\t\t\t\t<ol style=\"list-style-image: url('https:\/\/www.micro-mega.com\/wp-content\/uploads\/2025\/03\/puce-gold-png.webp');line-height:2.5em;\"> \t<li>Launch of a <strong data-start=\"856\" data-end=\"888\">special stamp<\/strong> dedicated to the 120 years<\/li> \t<li><strong data-start=\"911\" data-end=\"935\">Exclusive events<\/strong> in France and abroad<\/li> \t<li>Increased presence at <strong data-start=\"971\" data-end=\"1026\">major dental salons<\/strong><\/li> \t<li><strong data-start=\"1031\" data-end=\"1081\">Articles &amp; announcements<\/strong> in the media<\/li> \t<li><strong data-start=\"1086\" data-end=\"1133\">Special offers<\/strong> and <strong data-start=\"1086\" data-end=\"1133\">new collaborations<\/strong><\/li><\/ol>\t\t\t\t\t\t\t\t<\/div>\n\t\t\t\t<\/div>\n\t\t\t\t<div class=\"elementor-element elementor-element-8373038 elementor-widget elementor-widget-image\" data-id=\"8373038\" data-element_type=\"widget\" data-e-type=\"widget\" data-widget_type=\"image.default\">\n\t\t\t\t<div class=\"elementor-widget-container\">\n\t\t\t\t\t\t\t\t\t\t\t\t\t\t\t\t<a href=\"https:\/\/www.micro-mega.com\/wp-content\/uploads\/2025\/03\/KV_120ans-Micro-Mega.png\" target=\"_blank\">\n\t\t\t\t\t\t\t<img decoding=\"async\" src=\"https:\/\/www.micro-mega.com\/wp-content\/uploads\/elementor\/thumbs\/KV_120ans-Micro-Mega-png-r2gp8odchqdm2dkdjhf38pksfa2wiejz5dzfxq2q48.webp\" title=\"KV_120ans-Micro-Mega\" alt=\"120 ans\" loading=\"lazy\" \/>\t\t\t\t\t\t\t\t<\/a>\n\t\t\t\t\t\t\t\t\t\t\t\t\t\t\t<\/div>\n\t\t\t\t<\/div>\n\t\t\t\t\t<\/div>\n\t\t\t\t<\/div>\n\t\t\t\t<div class=\"elementor-element elementor-element-8f1b74f elementor-widget elementor-widget-video\" data-id=\"8f1b74f\" data-element_type=\"widget\" data-e-type=\"widget\" data-settings=\"{&quot;video_type&quot;:&quot;hosted&quot;,&quot;autoplay&quot;:&quot;yes&quot;,&quot;mute&quot;:&quot;yes&quot;,&quot;controls&quot;:&quot;yes&quot;}\" data-widget_type=\"video.default\">\n\t\t\t\t<div class=\"elementor-widget-container\">\n\t\t\t\t\t\t\t<div class=\"e-hosted-video elementor-wrapper elementor-open-inline\">\n\t\t\t\t\t<video class=\"elementor-video\" src=\"https:\/\/www.micro-mega.com\/wp-content\/uploads\/2026\/03\/MICRO-MEGA-120-EN_090326.mp4\" autoplay=\"\" controls=\"\" muted=\"muted\" controlsList=\"nodownload\"><\/video>\n\t\t\t\t<\/div>\n\t\t\t\t\t\t<\/div>\n\t\t\t\t<\/div>\n\t\t\t\t<div class=\"elementor-element elementor-element-b41ad2b elementor-widget elementor-widget-text-editor\" data-id=\"b41ad2b\" data-element_type=\"widget\" data-e-type=\"widget\" data-widget_type=\"text-editor.default\">\n\t\t\t\t<div class=\"elementor-widget-container\">\n\t\t\t\t\t\t\t\t\t<h3 data-start=\"1137\" data-end=\"1165\"><style>\na {\n    text-decoration: none;\n    color: #464feb;\n}\ntr th, tr td {\n    border: 1px solid #e6e6e6;\n}\ntr th {\n    background-color: #f5f5f5;\n}\n<\/style><\/h3><div><p>These initiatives showcased Micro-Mega\u2019s heritage while reaffirming our ongoing commitment to innovation and clinical excellence.<\/p><h3><strong>Looking back at our anniversary year<\/strong><\/h3><p>On this page \u2014 and across our social media \u2014 you can revisit the highlights, testimonials, retrospectives, and key announcements shared throughout the 120th anniversary year.<\/p><p>Thank you for being part of this exceptional journey that continues to shape the future of endodontics.<\/p><p>\u00a0<\/p><\/div><p data-start=\"1490\" data-end=\"1535\"><a href=\"https:\/\/www.macommune.info\/a-besancon-micro-mega-celebre-120-ans-dinnovation-et-ouvre-un-nouveau-chapitre-de-son-histoire\/\" target=\"_blank\" rel=\"noopener\"><strong>Link to press release<\/strong><\/a><\/p>\t\t\t\t\t\t\t\t<\/div>\n\t\t\t\t<\/div>\n\t\t\t\t<\/div>\n\t\t\t\t\t<\/div>\n\t\t\t\t<\/div>\n\t\t<div class=\"elementor-element elementor-element-b772e9d e-flex e-con-boxed e-con e-parent\" data-id=\"b772e9d\" data-element_type=\"container\" data-e-type=\"container\">\n\t\t\t\t\t<div class=\"e-con-inner\">\n\t\t\t\t\t<\/div>\n\t\t\t\t<\/div>\n\t\t<div class=\"elementor-element elementor-element-00b024e e-grid e-con-boxed e-con e-parent\" data-id=\"00b024e\" data-element_type=\"container\" data-e-type=\"container\">\n\t\t\t\t\t<div class=\"e-con-inner\">\n\t\t\t\t<div class=\"elementor-element elementor-element-19e8846 elementor-widget-laptop__width-initial elementor-widget elementor-widget-image\" data-id=\"19e8846\" data-element_type=\"widget\" data-e-type=\"widget\" data-widget_type=\"image.default\">\n\t\t\t\t<div class=\"elementor-widget-container\">\n\t\t\t\t\t\t\t\t\t\t\t\t\t\t\t\t<a href=\"https:\/\/www.macommune.info\/a-besancon-micro-mega-celebre-120-ans-dinnovation-et-ouvre-un-nouveau-chapitre-de-son-histoire\/\" target=\"_blank\">\n\t\t\t\t\t\t\t<img decoding=\"async\" src=\"https:\/\/www.micro-mega.com\/wp-content\/uploads\/elementor\/thumbs\/Macommune.info_-png-r3q4np8q27h1irvezjgqzkebts20ca3i4tq85pjh00.webp\" title=\"Macommune.info\" alt=\"Macommune.info\" loading=\"lazy\" \/>\t\t\t\t\t\t\t\t<\/a>\n\t\t\t\t\t\t\t\t\t\t\t\t\t\t\t<\/div>\n\t\t\t\t<\/div>\n\t\t\t\t<div class=\"elementor-element elementor-element-0b42404 elementor-widget-laptop__width-initial elementor-widget elementor-widget-image\" data-id=\"0b42404\" data-element_type=\"widget\" data-e-type=\"widget\" data-widget_type=\"image.default\">\n\t\t\t\t<div class=\"elementor-widget-container\">\n\t\t\t\t\t\t\t\t\t\t\t\t\t\t\t\t<a href=\"https:\/\/www.estrepublicain.fr\/economie\/2025\/03\/26\/besancon-les-120-ans-de-micro-mega-a-la-pointe-des-soins-dentaires\" target=\"_blank\">\n\t\t\t\t\t\t\t<img decoding=\"async\" src=\"https:\/\/www.micro-mega.com\/wp-content\/uploads\/elementor\/thumbs\/Est-republicain-png-r3q4noavvdfr75ws5124f2mv8e6n4kzrsp2qofkv68.webp\" title=\"Est r\u00e9publicain\" alt=\"Est r\u00e9publicain\" loading=\"lazy\" \/>\t\t\t\t\t\t\t\t<\/a>\n\t\t\t\t\t\t\t\t\t\t\t\t\t\t\t<\/div>\n\t\t\t\t<\/div>\n\t\t\t\t<div class=\"elementor-element elementor-element-7c9ff23 elementor-widget-laptop__width-initial elementor-widget elementor-widget-image\" data-id=\"7c9ff23\" data-element_type=\"widget\" data-e-type=\"widget\" data-widget_type=\"image.default\">\n\t\t\t\t<div class=\"elementor-widget-container\">\n\t\t\t\t\t\t\t\t\t\t\t\t\t\t\t\t<a href=\"https:\/\/www.tracesecritesnews.fr\/actualite\/en-bref-222067\" target=\"_blank\">\n\t\t\t\t\t\t\t<img decoding=\"async\" src=\"https:\/\/www.micro-mega.com\/wp-content\/uploads\/elementor\/thumbs\/Traces-Ecrites-png-r3q4nnd1ojegvjy5ainhukven0b9wvw1gkf975m9cg.webp\" title=\"Traces Ecrites\" alt=\"Traces Ecrites\" loading=\"lazy\" \/>\t\t\t\t\t\t\t\t<\/a>\n\t\t\t\t\t\t\t\t\t\t\t\t\t\t\t<\/div>\n\t\t\t\t<\/div>\n\t\t\t\t<div class=\"elementor-element elementor-element-200c8d8 elementor-widget-laptop__width-initial elementor-widget elementor-widget-image\" data-id=\"200c8d8\" data-element_type=\"widget\" data-e-type=\"widget\" data-widget_type=\"image.default\">\n\t\t\t\t<div class=\"elementor-widget-container\">\n\t\t\t\t\t\t\t\t\t\t\t\t\t\t\t\t<a href=\"https:\/\/on-health.tv\/endodontie-micro-mega-continue-dinnover\/\" target=\"_blank\">\n\t\t\t\t\t\t\t<img decoding=\"async\" src=\"https:\/\/www.micro-mega.com\/wp-content\/uploads\/elementor\/thumbs\/On-Health-r7rummwrovn4htjit4ilmoj9ly49iv3klyukt8g1xs.webp\" title=\"On Health\" alt=\"On Health\" loading=\"lazy\" \/>\t\t\t\t\t\t\t\t<\/a>\n\t\t\t\t\t\t\t\t\t\t\t\t\t\t\t<\/div>\n\t\t\t\t<\/div>\n\t\t\t\t<div class=\"elementor-element elementor-element-85fe728 elementor-widget-laptop__width-initial elementor-widget elementor-widget-image\" data-id=\"85fe728\" data-element_type=\"widget\" data-e-type=\"widget\" data-widget_type=\"image.default\">\n\t\t\t\t<div class=\"elementor-widget-container\">\n\t\t\t\t\t\t\t\t\t\t\t\t\t\t\t\t<a href=\"https:\/\/bfc-industries.com\/actualite\/micro-mega-plus-d-un-siecle-d-innovation-sur-le-marche-de-l-endodontie\" target=\"_blank\">\n\t\t\t\t\t\t\t<img decoding=\"async\" src=\"https:\/\/www.micro-mega.com\/wp-content\/uploads\/elementor\/thumbs\/BFC-Industries-r7runf3xdwpq64ek8gpephf3fi99xs7ipuf57ja8r4.webp\" title=\"BFC Industries\" alt=\"BFC Industries\" loading=\"lazy\" \/>\t\t\t\t\t\t\t\t<\/a>\n\t\t\t\t\t\t\t\t\t\t\t\t\t\t\t<\/div>\n\t\t\t\t<\/div>\n\t\t\t\t\t<\/div>\n\t\t\t\t<\/div>\n\t\t<div class=\"elementor-element elementor-element-c9db3cd e-flex e-con-boxed e-con e-parent\" data-id=\"c9db3cd\" data-element_type=\"container\" data-e-type=\"container\">\n\t\t\t\t\t<div class=\"e-con-inner\">\n\t\t\t\t\t<\/div>\n\t\t\t\t<\/div>\n\t\t\t\t<\/div>\n\t\t","protected":false},"excerpt":{"rendered":"<p>Micro-Mega celebrates its 120th anniversary Accueil A year of celebration and innovation 120 years of excellence, innovation and expertise Since 1905, Micro-Mega has shaped the history of endodontics with its expertise, commitment to precision and spirit of innovation and strong innovation mindset.\u00a0 In 2025, celebrate its\u00a0120 years of excellence, a key milestone that marks our [&hellip;]<\/p>\n","protected":false},"author":8,"featured_media":7050,"parent":0,"menu_order":3,"comment_status":"closed","ping_status":"closed","template":"","meta":{"_acf_changed":false,"footnotes":""},"categories":[],"tags":[],"class_list":["post-10314","page","type-page","status-publish","has-post-thumbnail","hentry"],"acf":[],"yoast_head":"<!-- This site is optimized with the Yoast SEO plugin v27.1.1 - https:\/\/yoast.com\/product\/yoast-seo-wordpress\/ -->\n<title>120 ans - Micro-Mega<\/title>\n<meta name=\"description\" content=\"Since 1905, Micro-Mega has been shaping the history of endodontics with its expertise. In 2025, we celebrate 120 years of excellence.\" \/>\n<meta name=\"robots\" content=\"index, follow, max-snippet:-1, max-image-preview:large, max-video-preview:-1\" \/>\n<link rel=\"canonical\" href=\"https:\/\/www.micro-mega.com\/en\/120-years-2\/\" \/>\n<meta property=\"og:locale\" content=\"en_US\" \/>\n<meta property=\"og:type\" content=\"article\" \/>\n<meta property=\"og:title\" content=\"120 ans - Micro-Mega\" \/>\n<meta property=\"og:description\" content=\"Since 1905, Micro-Mega has been shaping the history of endodontics with its expertise. In 2025, we celebrate 120 years of excellence.\" \/>\n<meta property=\"og:url\" content=\"https:\/\/www.micro-mega.com\/en\/120-years-2\/\" \/>\n<meta property=\"og:site_name\" content=\"Micro-Mega\" \/>\n<meta property=\"article:modified_time\" content=\"2026-03-13T10:51:19+00:00\" \/>\n<meta property=\"og:image\" content=\"https:\/\/www.micro-mega.com\/wp-content\/uploads\/2025\/02\/120-ans_or-png.webp\" \/>\n\t<meta property=\"og:image:width\" content=\"4141\" \/>\n\t<meta property=\"og:image:height\" content=\"3523\" \/>\n\t<meta property=\"og:image:type\" content=\"image\/png\" \/>\n<meta name=\"twitter:card\" content=\"summary_large_image\" \/>\n<meta name=\"twitter:label1\" content=\"Est. reading time\" \/>\n\t<meta name=\"twitter:data1\" content=\"3 minutes\" \/>\n<script type=\"application\/ld+json\" class=\"yoast-schema-graph\">{\"@context\":\"https:\/\/schema.org\",\"@graph\":[{\"@type\":\"WebPage\",\"@id\":\"https:\/\/www.micro-mega.com\/en\/120-years-2\/\",\"url\":\"https:\/\/www.micro-mega.com\/en\/120-years-2\/\",\"name\":\"120 ans - Micro-Mega\",\"isPartOf\":{\"@id\":\"https:\/\/www.micro-mega.com\/en\/#website\"},\"primaryImageOfPage\":{\"@id\":\"https:\/\/www.micro-mega.com\/en\/120-years-2\/#primaryimage\"},\"image\":{\"@id\":\"https:\/\/www.micro-mega.com\/en\/120-years-2\/#primaryimage\"},\"thumbnailUrl\":\"https:\/\/www.micro-mega.com\/wp-content\/uploads\/2025\/02\/120-ans_or-png.webp\",\"datePublished\":\"2025-10-01T08:15:14+00:00\",\"dateModified\":\"2026-03-13T10:51:19+00:00\",\"description\":\"Since 1905, Micro-Mega has been shaping the history of endodontics with its expertise. In 2025, we celebrate 120 years of excellence.\",\"breadcrumb\":{\"@id\":\"https:\/\/www.micro-mega.com\/en\/120-years-2\/#breadcrumb\"},\"inLanguage\":\"en-US\",\"potentialAction\":[{\"@type\":\"ReadAction\",\"target\":[\"https:\/\/www.micro-mega.com\/en\/120-years-2\/\"]}]},{\"@type\":\"ImageObject\",\"inLanguage\":\"en-US\",\"@id\":\"https:\/\/www.micro-mega.com\/en\/120-years-2\/#primaryimage\",\"url\":\"https:\/\/www.micro-mega.com\/wp-content\/uploads\/2025\/02\/120-ans_or-png.webp\",\"contentUrl\":\"https:\/\/www.micro-mega.com\/wp-content\/uploads\/2025\/02\/120-ans_or-png.webp\",\"width\":4141,\"height\":3523,\"caption\":\"Logo 120 ans\"},{\"@type\":\"BreadcrumbList\",\"@id\":\"https:\/\/www.micro-mega.com\/en\/120-years-2\/#breadcrumb\",\"itemListElement\":[{\"@type\":\"ListItem\",\"position\":1,\"name\":\"Accueil\",\"item\":\"https:\/\/www.micro-mega.com\/en\/\"},{\"@type\":\"ListItem\",\"position\":2,\"name\":\"120 years\"}]},{\"@type\":\"WebSite\",\"@id\":\"https:\/\/www.micro-mega.com\/en\/#website\",\"url\":\"https:\/\/www.micro-mega.com\/en\/\",\"name\":\"MicroMega\",\"description\":\"Dispositifs m\u00e9dicaux destin\u00e9s \u00e0 la chirurgie dentaire\",\"publisher\":{\"@id\":\"https:\/\/www.micro-mega.com\/en\/#organization\"},\"potentialAction\":[{\"@type\":\"SearchAction\",\"target\":{\"@type\":\"EntryPoint\",\"urlTemplate\":\"https:\/\/www.micro-mega.com\/en\/?s={search_term_string}\"},\"query-input\":{\"@type\":\"PropertyValueSpecification\",\"valueRequired\":true,\"valueName\":\"search_term_string\"}}],\"inLanguage\":\"en-US\"},{\"@type\":\"Organization\",\"@id\":\"https:\/\/www.micro-mega.com\/en\/#Organization\/\",\"name\":\"Micro-Mega\",\"url\":\"https:\/\/www.micro-mega.com\/en\/\",\"logo\":{\"@type\":\"ImageObject\",\"inLanguage\":\"en-US\",\"@id\":\"https:\/\/www.micro-mega.com\/en\/#\/schema\/logo\/image\/\",\"url\":\"https:\/\/www.micro-mega.com\/wp-content\/uploads\/2025\/02\/Logo-MM-Horizontal-Original_web-png.webp\",\"contentUrl\":\"https:\/\/www.micro-mega.com\/wp-content\/uploads\/2025\/02\/Logo-MM-Horizontal-Original_web-png.webp\",\"width\":1200,\"height\":300,\"caption\":\"MicroMega\"},\"image\":{\"@id\":\"https:\/\/www.micro-mega.com\/en\/#\/schema\/logo\/image\/\"}}]}<\/script>\n<!-- \/ Yoast SEO plugin. -->","yoast_head_json":{"title":"120 ans - Micro-Mega","description":"Since 1905, Micro-Mega has been shaping the history of endodontics with its expertise. In 2025, we celebrate 120 years of excellence.","robots":{"index":"index","follow":"follow","max-snippet":"max-snippet:-1","max-image-preview":"max-image-preview:large","max-video-preview":"max-video-preview:-1"},"canonical":"https:\/\/www.micro-mega.com\/en\/120-years-2\/","og_locale":"en_US","og_type":"article","og_title":"120 ans - Micro-Mega","og_description":"Since 1905, Micro-Mega has been shaping the history of endodontics with its expertise. In 2025, we celebrate 120 years of excellence.","og_url":"https:\/\/www.micro-mega.com\/en\/120-years-2\/","og_site_name":"Micro-Mega","article_modified_time":"2026-03-13T10:51:19+00:00","og_image":[{"width":4141,"height":3523,"url":"https:\/\/www.micro-mega.com\/wp-content\/uploads\/2025\/02\/120-ans_or-png.webp","type":"image\/png"}],"twitter_card":"summary_large_image","twitter_misc":{"Est. reading time":"3 minutes"},"schema":{"@context":"https:\/\/schema.org","@graph":[{"@type":"WebPage","@id":"https:\/\/www.micro-mega.com\/en\/120-years-2\/","url":"https:\/\/www.micro-mega.com\/en\/120-years-2\/","name":"120 ans - Micro-Mega","isPartOf":{"@id":"https:\/\/www.micro-mega.com\/en\/#website"},"primaryImageOfPage":{"@id":"https:\/\/www.micro-mega.com\/en\/120-years-2\/#primaryimage"},"image":{"@id":"https:\/\/www.micro-mega.com\/en\/120-years-2\/#primaryimage"},"thumbnailUrl":"https:\/\/www.micro-mega.com\/wp-content\/uploads\/2025\/02\/120-ans_or-png.webp","datePublished":"2025-10-01T08:15:14+00:00","dateModified":"2026-03-13T10:51:19+00:00","description":"Since 1905, Micro-Mega has been shaping the history of endodontics with its expertise. In 2025, we celebrate 120 years of excellence.","breadcrumb":{"@id":"https:\/\/www.micro-mega.com\/en\/120-years-2\/#breadcrumb"},"inLanguage":"en-US","potentialAction":[{"@type":"ReadAction","target":["https:\/\/www.micro-mega.com\/en\/120-years-2\/"]}]},{"@type":"ImageObject","inLanguage":"en-US","@id":"https:\/\/www.micro-mega.com\/en\/120-years-2\/#primaryimage","url":"https:\/\/www.micro-mega.com\/wp-content\/uploads\/2025\/02\/120-ans_or-png.webp","contentUrl":"https:\/\/www.micro-mega.com\/wp-content\/uploads\/2025\/02\/120-ans_or-png.webp","width":4141,"height":3523,"caption":"Logo 120 ans"},{"@type":"BreadcrumbList","@id":"https:\/\/www.micro-mega.com\/en\/120-years-2\/#breadcrumb","itemListElement":[{"@type":"ListItem","position":1,"name":"Accueil","item":"https:\/\/www.micro-mega.com\/en\/"},{"@type":"ListItem","position":2,"name":"120 years"}]},{"@type":"WebSite","@id":"https:\/\/www.micro-mega.com\/en\/#website","url":"https:\/\/www.micro-mega.com\/en\/","name":"MicroMega","description":"Dispositifs m\u00e9dicaux destin\u00e9s \u00e0 la chirurgie dentaire","publisher":{"@id":"https:\/\/www.micro-mega.com\/en\/#organization"},"potentialAction":[{"@type":"SearchAction","target":{"@type":"EntryPoint","urlTemplate":"https:\/\/www.micro-mega.com\/en\/?s={search_term_string}"},"query-input":{"@type":"PropertyValueSpecification","valueRequired":true,"valueName":"search_term_string"}}],"inLanguage":"en-US"},{"@type":"Organization","@id":"https:\/\/www.micro-mega.com\/en\/#Organization\/","name":"Micro-Mega","url":"https:\/\/www.micro-mega.com\/en\/","logo":{"@type":"ImageObject","inLanguage":"en-US","@id":"https:\/\/www.micro-mega.com\/en\/#\/schema\/logo\/image\/","url":"https:\/\/www.micro-mega.com\/wp-content\/uploads\/2025\/02\/Logo-MM-Horizontal-Original_web-png.webp","contentUrl":"https:\/\/www.micro-mega.com\/wp-content\/uploads\/2025\/02\/Logo-MM-Horizontal-Original_web-png.webp","width":1200,"height":300,"caption":"MicroMega"},"image":{"@id":"https:\/\/www.micro-mega.com\/en\/#\/schema\/logo\/image\/"}}]}},"_links":{"self":[{"href":"https:\/\/www.micro-mega.com\/en\/wp-json\/wp\/v2\/pages\/10314","targetHints":{"allow":["GET"]}}],"collection":[{"href":"https:\/\/www.micro-mega.com\/en\/wp-json\/wp\/v2\/pages"}],"about":[{"href":"https:\/\/www.micro-mega.com\/en\/wp-json\/wp\/v2\/types\/page"}],"author":[{"embeddable":true,"href":"https:\/\/www.micro-mega.com\/en\/wp-json\/wp\/v2\/users\/8"}],"replies":[{"embeddable":true,"href":"https:\/\/www.micro-mega.com\/en\/wp-json\/wp\/v2\/comments?post=10314"}],"version-history":[{"count":8,"href":"https:\/\/www.micro-mega.com\/en\/wp-json\/wp\/v2\/pages\/10314\/revisions"}],"predecessor-version":[{"id":13668,"href":"https:\/\/www.micro-mega.com\/en\/wp-json\/wp\/v2\/pages\/10314\/revisions\/13668"}],"wp:featuredmedia":[{"embeddable":true,"href":"https:\/\/www.micro-mega.com\/en\/wp-json\/wp\/v2\/media\/7050"}],"wp:attachment":[{"href":"https:\/\/www.micro-mega.com\/en\/wp-json\/wp\/v2\/media?parent=10314"}],"wp:term":[{"taxonomy":"category","embeddable":true,"href":"https:\/\/www.micro-mega.com\/en\/wp-json\/wp\/v2\/categories?post=10314"},{"taxonomy":"post_tag","embeddable":true,"href":"https:\/\/www.micro-mega.com\/en\/wp-json\/wp\/v2\/tags?post=10314"}],"curies":[{"name":"wp","href":"https:\/\/api.w.org\/{rel}","templated":true}]}}