{"id":8267,"date":"2024-12-04T09:26:04","date_gmt":"2024-12-04T08:26:04","guid":{"rendered":"https:\/\/www.micro-mega.com\/products\/"},"modified":"2026-04-28T10:26:53","modified_gmt":"2026-04-28T08:26:53","slug":"products","status":"publish","type":"page","link":"https:\/\/www.micro-mega.com\/en\/products\/","title":{"rendered":"Products"},"content":{"rendered":"\t\t<div data-elementor-type=\"wp-page\" data-elementor-id=\"8267\" class=\"elementor elementor-8267 elementor-86\" data-elementor-post-type=\"page\">\n\t\t\t\t<div class=\"elementor-element elementor-element-c2ac168 e-flex e-con-boxed e-con e-parent\" data-id=\"c2ac168\" data-element_type=\"container\" data-e-type=\"container\">\n\t\t\t\t\t<div class=\"e-con-inner\">\n\t\t<div class=\"elementor-element elementor-element-c912219 e-con-full e-flex e-con e-child\" data-id=\"c912219\" data-element_type=\"container\" data-e-type=\"container\" data-settings=\"{&quot;background_background&quot;:&quot;classic&quot;}\">\n\t\t\t\t<div class=\"elementor-element elementor-element-1501be3 elementor-widget elementor-widget-heading\" data-id=\"1501be3\" data-element_type=\"widget\" data-e-type=\"widget\" data-widget_type=\"heading.default\">\n\t\t\t\t<div class=\"elementor-widget-container\">\n\t\t\t\t\t<h1 class=\"elementor-heading-title elementor-size-default\">Products<\/h1>\t\t\t\t<\/div>\n\t\t\t\t<\/div>\n\t\t\t\t<div class=\"elementor-element elementor-element-d23b373 elementor-widget elementor-widget-nt_widget_breadcrumb\" data-id=\"d23b373\" data-element_type=\"widget\" data-e-type=\"widget\" data-widget_type=\"nt_widget_breadcrumb.default\">\n\t\t\t\t<div class=\"elementor-widget-container\">\n\t\t\t\t\t<div class=\"nt-breadcrumb-wrapper\">\r\n    <div class=\"nt-breadcrumb\" id=\"breadcrumbs\"><ul><li><a href=\"https:\/\/www.micro-mega.com\/en\/\">Home<\/a><\/li><\/ul><\/div><\/div>\r\n\t\t\t\t<\/div>\n\t\t\t\t<\/div>\n\t\t\t\t<\/div>\n\t\t\t\t\t<\/div>\n\t\t\t\t<\/div>\n\t\t<div class=\"elementor-element elementor-element-26ea6d5 e-flex e-con-boxed e-con e-parent\" data-id=\"26ea6d5\" data-element_type=\"container\" data-e-type=\"container\">\n\t\t\t\t\t<div class=\"e-con-inner\">\n\t\t<div class=\"elementor-element elementor-element-5409c66 e-con-full e-flex e-con e-child\" data-id=\"5409c66\" data-element_type=\"container\" data-e-type=\"container\">\n\t\t\t\t<div class=\"elementor-element elementor-element-ade2c74 elementor-widget elementor-widget-text-editor\" data-id=\"ade2c74\" data-element_type=\"widget\" data-e-type=\"widget\" data-widget_type=\"text-editor.default\">\n\t\t\t\t<div class=\"elementor-widget-container\">\n\t\t\t\t\t\t\t\t\t<p><strong>MicroMega endodontic products<\/strong>: <strong>motors<\/strong>, <strong>irrigation solutions<\/strong>,<strong> obturation solutions<\/strong>, and <strong>files<\/strong> designed for precise and safe <strong>endodontic treatments<\/strong>.<\/p>\t\t\t\t\t\t\t\t<\/div>\n\t\t\t\t<\/div>\n\t\t\t\t<\/div>\n\t\t\t\t\t<\/div>\n\t\t\t\t<\/div>\n\t\t<div class=\"elementor-element elementor-element-f6989f0 e-flex e-con-boxed e-con e-parent\" data-id=\"f6989f0\" data-element_type=\"container\" data-e-type=\"container\">\n\t\t\t\t\t<div class=\"e-con-inner\">\n\t\t\t\t<div class=\"elementor-element elementor-element-34644ad elementor-grid-3 elementor-grid-mobile-2 elementor-grid-tablet-2 elementor-widget elementor-widget-loop-grid\" data-id=\"34644ad\" data-element_type=\"widget\" data-e-type=\"widget\" data-settings=\"{&quot;template_id&quot;:739,&quot;columns&quot;:3,&quot;columns_mobile&quot;:2,&quot;row_gap_mobile&quot;:{&quot;unit&quot;:&quot;px&quot;,&quot;size&quot;:10,&quot;sizes&quot;:[]},&quot;_skin&quot;:&quot;post&quot;,&quot;columns_tablet&quot;:&quot;2&quot;,&quot;edit_handle_selector&quot;:&quot;[data-elementor-type=\\&quot;loop-item\\&quot;]&quot;,&quot;row_gap&quot;:{&quot;unit&quot;:&quot;px&quot;,&quot;size&quot;:&quot;&quot;,&quot;sizes&quot;:[]},&quot;row_gap_laptop&quot;:{&quot;unit&quot;:&quot;px&quot;,&quot;size&quot;:&quot;&quot;,&quot;sizes&quot;:[]},&quot;row_gap_tablet_extra&quot;:{&quot;unit&quot;:&quot;px&quot;,&quot;size&quot;:&quot;&quot;,&quot;sizes&quot;:[]},&quot;row_gap_tablet&quot;:{&quot;unit&quot;:&quot;px&quot;,&quot;size&quot;:&quot;&quot;,&quot;sizes&quot;:[]}}\" data-widget_type=\"loop-grid.post\">\n\t\t\t\t<div class=\"elementor-widget-container\">\n\t\t\t\t\t\t\t<div class=\"elementor-loop-container elementor-grid\" role=\"list\">\n\t\t<style id=\"loop-739\">.elementor-739 .elementor-element.elementor-element-eef293c{--display:flex;border-style:solid;--border-style:solid;border-width:1px 1px 1px 1px;--border-top-width:1px;--border-right-width:1px;--border-bottom-width:1px;--border-left-width:1px;border-color:var( --e-global-color-primary );--border-color:var( --e-global-color-primary );--border-radius:10px 10px 10px 10px;}.elementor-739 .elementor-element.elementor-element-eef293c:not(.elementor-motion-effects-element-type-background), .elementor-739 .elementor-element.elementor-element-eef293c > .elementor-motion-effects-container > .elementor-motion-effects-layer{background-color:#FFFFFF;}.elementor-widget-theme-post-title .elementor-heading-title{font-family:var( --e-global-typography-primary-font-family ), Sans-serif;font-size:var( --e-global-typography-primary-font-size );font-weight:var( --e-global-typography-primary-font-weight );color:var( --e-global-color-primary );}.elementor-739 .elementor-element.elementor-element-a3daf4e{text-align:center;}.elementor-739 .elementor-element.elementor-element-a3daf4e .elementor-heading-title{font-family:\"Calibri\", Sans-serif;font-size:20px;font-weight:400;}.elementor-739 .elementor-element.elementor-element-a3daf4e > .elementor-widget-container{padding:10px 10px 15px 10px;}.elementor-widget-theme-post-featured-image .widget-image-caption{color:var( --e-global-color-text );font-family:var( --e-global-typography-text-font-family ), Sans-serif;font-size:var( --e-global-typography-text-font-size );font-weight:var( --e-global-typography-text-font-weight );}@media(max-width:1500px){.elementor-widget-theme-post-title .elementor-heading-title{font-size:var( --e-global-typography-primary-font-size );}.elementor-widget-theme-post-featured-image .widget-image-caption{font-size:var( --e-global-typography-text-font-size );}}@media(max-width:1024px){.elementor-widget-theme-post-title .elementor-heading-title{font-size:var( --e-global-typography-primary-font-size );}.elementor-widget-theme-post-featured-image .widget-image-caption{font-size:var( --e-global-typography-text-font-size );}}@media(max-width:767px){.elementor-widget-theme-post-title .elementor-heading-title{font-size:var( --e-global-typography-primary-font-size );}.elementor-739 .elementor-element.elementor-element-a3daf4e .elementor-heading-title{font-size:17px;}.elementor-739 .elementor-element.elementor-element-a3daf4e > .elementor-widget-container{padding:0px 0px 0px 0px;}.elementor-widget-theme-post-featured-image .widget-image-caption{font-size:var( --e-global-typography-text-font-size );}}<\/style>\t\t<div data-elementor-type=\"loop-item\" data-elementor-id=\"739\" class=\"elementor elementor-739 e-loop-item e-loop-item-8339 post-8339 page type-page status-publish has-post-thumbnail hentry category-products\" data-elementor-post-type=\"elementor_library\" data-custom-edit-handle=\"1\">\n\t\t\t<a class=\"elementor-element elementor-element-eef293c e-flex e-con-boxed e-con e-parent\" data-id=\"eef293c\" data-element_type=\"container\" data-e-type=\"container\" data-settings=\"{&quot;background_background&quot;:&quot;classic&quot;}\" href=\"https:\/\/www.micro-mega.com\/en\/products\/manual-files\/\">\n\t\t\t\t\t<div class=\"e-con-inner\">\n\t\t\t\t<div class=\"elementor-element elementor-element-a3daf4e elementor-widget elementor-widget-theme-post-title elementor-page-title elementor-widget-heading\" data-id=\"a3daf4e\" data-element_type=\"widget\" data-e-type=\"widget\" data-widget_type=\"theme-post-title.default\">\n\t\t\t\t<div class=\"elementor-widget-container\">\n\t\t\t\t\t<h3 class=\"elementor-heading-title elementor-size-default\">Manual files<\/h3>\t\t\t\t<\/div>\n\t\t\t\t<\/div>\n\t\t\t\t<div class=\"elementor-element elementor-element-31e0419 elementor-widget elementor-widget-theme-post-featured-image elementor-widget-image\" data-id=\"31e0419\" data-element_type=\"widget\" data-e-type=\"widget\" data-widget_type=\"theme-post-featured-image.default\">\n\t\t\t\t<div class=\"elementor-widget-container\">\n\t\t\t\t\t\t\t\t\t\t\t\t\t\t\t<img fetchpriority=\"high\" decoding=\"async\" width=\"2560\" height=\"2560\" src=\"https:\/\/www.micro-mega.com\/wp-content\/uploads\/protected_files\/Plate-Set-3-L25-N\u00b0010-scaled.png\" class=\"attachment-full size-full wp-image-15276\" alt=\"Assortiment limes manuelles MM K-File non st\u00e9rile\/\/ ASS. MM K-Files endodontics files\" srcset=\"https:\/\/www.micro-mega.com\/wp-content\/uploads\/protected_files\/Plate-Set-3-L25-N\u00b0010-scaled.png 2560w, https:\/\/www.micro-mega.com\/wp-content\/uploads\/protected_files\/Plate-Set-3-L25-N\u00b0010-300x300.png 300w, https:\/\/www.micro-mega.com\/wp-content\/uploads\/protected_files\/Plate-Set-3-L25-N\u00b0010-1024x1024.png 1024w, https:\/\/www.micro-mega.com\/wp-content\/uploads\/protected_files\/Plate-Set-3-L25-N\u00b0010-150x150.png 150w, https:\/\/www.micro-mega.com\/wp-content\/uploads\/protected_files\/Plate-Set-3-L25-N\u00b0010-768x768.png 768w, https:\/\/www.micro-mega.com\/wp-content\/uploads\/protected_files\/Plate-Set-3-L25-N\u00b0010-1536x1536.png 1536w, https:\/\/www.micro-mega.com\/wp-content\/uploads\/protected_files\/Plate-Set-3-L25-N\u00b0010-2048x2048.png 2048w, https:\/\/www.micro-mega.com\/wp-content\/uploads\/protected_files\/Plate-Set-3-L25-N\u00b0010-700x700.png 700w\" sizes=\"(max-width: 2560px) 100vw, 2560px\" \/>\t\t\t\t\t\t\t\t\t\t\t\t\t\t\t<\/div>\n\t\t\t\t<\/div>\n\t\t\t\t\t<\/div>\n\t\t\t\t<\/a>\n\t\t\t\t<\/div>\n\t\t\t\t<div data-elementor-type=\"loop-item\" data-elementor-id=\"739\" class=\"elementor elementor-739 e-loop-item e-loop-item-8282 post-8282 page type-page status-publish has-post-thumbnail hentry category-products\" data-elementor-post-type=\"elementor_library\" data-custom-edit-handle=\"1\">\n\t\t\t<a class=\"elementor-element elementor-element-eef293c e-flex e-con-boxed e-con e-parent\" data-id=\"eef293c\" data-element_type=\"container\" data-e-type=\"container\" data-settings=\"{&quot;background_background&quot;:&quot;classic&quot;}\" href=\"https:\/\/www.micro-mega.com\/en\/products\/mechanized-files\/\">\n\t\t\t\t\t<div class=\"e-con-inner\">\n\t\t\t\t<div class=\"elementor-element elementor-element-a3daf4e elementor-widget elementor-widget-theme-post-title elementor-page-title elementor-widget-heading\" data-id=\"a3daf4e\" data-element_type=\"widget\" data-e-type=\"widget\" data-widget_type=\"theme-post-title.default\">\n\t\t\t\t<div class=\"elementor-widget-container\">\n\t\t\t\t\t<h3 class=\"elementor-heading-title elementor-size-default\">Mechanized Files<\/h3>\t\t\t\t<\/div>\n\t\t\t\t<\/div>\n\t\t\t\t<div class=\"elementor-element elementor-element-31e0419 elementor-widget elementor-widget-theme-post-featured-image elementor-widget-image\" data-id=\"31e0419\" data-element_type=\"widget\" data-e-type=\"widget\" data-widget_type=\"theme-post-featured-image.default\">\n\t\t\t\t<div class=\"elementor-widget-container\">\n\t\t\t\t\t\t\t\t\t\t\t\t\t\t\t<img decoding=\"async\" width=\"2560\" height=\"1709\" src=\"https:\/\/www.micro-mega.com\/wp-content\/uploads\/2025\/10\/MM-Taper-scaled.webp\" class=\"attachment-full size-full wp-image-10557\" alt=\"visual Ass. of 4 endo files MicroMega forming a cercle\" srcset=\"https:\/\/www.micro-mega.com\/wp-content\/uploads\/2025\/10\/MM-Taper-scaled.webp 2560w, https:\/\/www.micro-mega.com\/wp-content\/uploads\/2025\/10\/MM-Taper-300x200.webp 300w, https:\/\/www.micro-mega.com\/wp-content\/uploads\/2025\/10\/MM-Taper-1024x684.webp 1024w, https:\/\/www.micro-mega.com\/wp-content\/uploads\/2025\/10\/MM-Taper-768x513.webp 768w, https:\/\/www.micro-mega.com\/wp-content\/uploads\/2025\/10\/MM-Taper-1536x1025.webp 1536w, https:\/\/www.micro-mega.com\/wp-content\/uploads\/2025\/10\/MM-Taper-2048x1367.webp 2048w\" sizes=\"(max-width: 2560px) 100vw, 2560px\" \/>\t\t\t\t\t\t\t\t\t\t\t\t\t\t\t<\/div>\n\t\t\t\t<\/div>\n\t\t\t\t\t<\/div>\n\t\t\t\t<\/a>\n\t\t\t\t<\/div>\n\t\t\t\t<div data-elementor-type=\"loop-item\" data-elementor-id=\"739\" class=\"elementor elementor-739 e-loop-item e-loop-item-8307 post-8307 page type-page status-publish has-post-thumbnail hentry category-products\" data-elementor-post-type=\"elementor_library\" data-custom-edit-handle=\"1\">\n\t\t\t<a class=\"elementor-element elementor-element-eef293c e-flex e-con-boxed e-con e-parent\" data-id=\"eef293c\" data-element_type=\"container\" data-e-type=\"container\" data-settings=\"{&quot;background_background&quot;:&quot;classic&quot;}\" href=\"https:\/\/www.micro-mega.com\/en\/products\/motors\/\">\n\t\t\t\t\t<div class=\"e-con-inner\">\n\t\t\t\t<div class=\"elementor-element elementor-element-a3daf4e elementor-widget elementor-widget-theme-post-title elementor-page-title elementor-widget-heading\" data-id=\"a3daf4e\" data-element_type=\"widget\" data-e-type=\"widget\" data-widget_type=\"theme-post-title.default\">\n\t\t\t\t<div class=\"elementor-widget-container\">\n\t\t\t\t\t<h3 class=\"elementor-heading-title elementor-size-default\">Motors<\/h3>\t\t\t\t<\/div>\n\t\t\t\t<\/div>\n\t\t\t\t<div class=\"elementor-element elementor-element-31e0419 elementor-widget elementor-widget-theme-post-featured-image elementor-widget-image\" data-id=\"31e0419\" data-element_type=\"widget\" data-e-type=\"widget\" data-widget_type=\"theme-post-featured-image.default\">\n\t\t\t\t<div class=\"elementor-widget-container\">\n\t\t\t\t\t\t\t\t\t\t\t\t\t\t\t<img decoding=\"async\" width=\"2560\" height=\"1707\" src=\"https:\/\/www.micro-mega.com\/wp-content\/uploads\/protected_files\/MM-4000-One-Glider-scaled.png\" class=\"attachment-full size-full wp-image-11521\" alt=\"visual of the endodontic cordless motor MM4000 zith a pack of One Glider Files - MicroMega\" srcset=\"https:\/\/www.micro-mega.com\/wp-content\/uploads\/protected_files\/MM-4000-One-Glider-scaled.png 2560w, https:\/\/www.micro-mega.com\/wp-content\/uploads\/protected_files\/MM-4000-One-Glider-300x200.png 300w, https:\/\/www.micro-mega.com\/wp-content\/uploads\/protected_files\/MM-4000-One-Glider-1024x683.png 1024w, https:\/\/www.micro-mega.com\/wp-content\/uploads\/protected_files\/MM-4000-One-Glider-768x512.png 768w, https:\/\/www.micro-mega.com\/wp-content\/uploads\/protected_files\/MM-4000-One-Glider-1536x1024.png 1536w, https:\/\/www.micro-mega.com\/wp-content\/uploads\/protected_files\/MM-4000-One-Glider-2048x1365.png 2048w\" sizes=\"(max-width: 2560px) 100vw, 2560px\" \/>\t\t\t\t\t\t\t\t\t\t\t\t\t\t\t<\/div>\n\t\t\t\t<\/div>\n\t\t\t\t\t<\/div>\n\t\t\t\t<\/a>\n\t\t\t\t<\/div>\n\t\t\t\t<div data-elementor-type=\"loop-item\" data-elementor-id=\"739\" class=\"elementor elementor-739 e-loop-item e-loop-item-8363 post-8363 page type-page status-publish has-post-thumbnail hentry category-products\" data-elementor-post-type=\"elementor_library\" data-custom-edit-handle=\"1\">\n\t\t\t<a class=\"elementor-element elementor-element-eef293c e-flex e-con-boxed e-con e-parent\" data-id=\"eef293c\" data-element_type=\"container\" data-e-type=\"container\" data-settings=\"{&quot;background_background&quot;:&quot;classic&quot;}\" href=\"https:\/\/www.micro-mega.com\/en\/products\/irrigation-solutions\/\">\n\t\t\t\t\t<div class=\"e-con-inner\">\n\t\t\t\t<div class=\"elementor-element elementor-element-a3daf4e elementor-widget elementor-widget-theme-post-title elementor-page-title elementor-widget-heading\" data-id=\"a3daf4e\" data-element_type=\"widget\" data-e-type=\"widget\" data-widget_type=\"theme-post-title.default\">\n\t\t\t\t<div class=\"elementor-widget-container\">\n\t\t\t\t\t<h3 class=\"elementor-heading-title elementor-size-default\">Irrigation and Obturation Solutions<\/h3>\t\t\t\t<\/div>\n\t\t\t\t<\/div>\n\t\t\t\t<div class=\"elementor-element elementor-element-31e0419 elementor-widget elementor-widget-theme-post-featured-image elementor-widget-image\" data-id=\"31e0419\" data-element_type=\"widget\" data-e-type=\"widget\" data-widget_type=\"theme-post-featured-image.default\">\n\t\t\t\t<div class=\"elementor-widget-container\">\n\t\t\t\t\t\t\t\t\t\t\t\t\t\t\t<img loading=\"lazy\" decoding=\"async\" width=\"581\" height=\"436\" src=\"https:\/\/www.micro-mega.com\/wp-content\/uploads\/2026\/01\/Visuel-categorie-irrigation-obturation_2.webp\" class=\"attachment-full size-full wp-image-11999\" alt=\"Image-irrigation-obturation\" srcset=\"https:\/\/www.micro-mega.com\/wp-content\/uploads\/2026\/01\/Visuel-categorie-irrigation-obturation_2.webp 581w, https:\/\/www.micro-mega.com\/wp-content\/uploads\/2026\/01\/Visuel-categorie-irrigation-obturation_2-300x225.webp 300w\" sizes=\"(max-width: 581px) 100vw, 581px\" \/>\t\t\t\t\t\t\t\t\t\t\t\t\t\t\t<\/div>\n\t\t\t\t<\/div>\n\t\t\t\t\t<\/div>\n\t\t\t\t<\/a>\n\t\t\t\t<\/div>\n\t\t\t\t<\/div>\n\t\t\n\t\t\t\t\t\t<\/div>\n\t\t\t\t<\/div>\n\t\t\t\t\t<\/div>\n\t\t\t\t<\/div>\n\t\t\t\t<\/div>\n\t\t","protected":false},"excerpt":{"rendered":"","protected":false},"author":1,"featured_media":13365,"parent":0,"menu_order":4,"comment_status":"closed","ping_status":"closed","template":"","meta":{"_acf_changed":false,"footnotes":""},"categories":[],"tags":[],"class_list":["post-8267","page","type-page","status-publish","has-post-thumbnail","hentry"],"acf":[],"yoast_head":"<!-- This site is optimized with the Yoast SEO plugin v27.1.1 - https:\/\/yoast.com\/product\/yoast-seo-wordpress\/ -->\n<title>Products - Micro-Mega<\/title>\n<meta name=\"description\" content=\"MicroMega endodontic products: motors, irrigation, obturation solutions, and files designed for precise and safe endodontic treatments.\" \/>\n<meta name=\"robots\" content=\"index, follow, max-snippet:-1, max-image-preview:large, max-video-preview:-1\" \/>\n<link rel=\"canonical\" href=\"https:\/\/www.micro-mega.com\/en\/products\/\" \/>\n<meta property=\"og:locale\" content=\"en_US\" \/>\n<meta property=\"og:type\" content=\"article\" \/>\n<meta property=\"og:title\" content=\"Products - Micro-Mega\" \/>\n<meta property=\"og:description\" content=\"MicroMega endodontic products: motors, irrigation, obturation solutions, and files designed for precise and safe endodontic treatments.\" \/>\n<meta property=\"og:url\" content=\"https:\/\/www.micro-mega.com\/en\/products\/\" \/>\n<meta property=\"og:site_name\" content=\"Micro-Mega\" \/>\n<meta property=\"article:modified_time\" content=\"2026-04-28T08:26:53+00:00\" \/>\n<meta property=\"og:image\" content=\"https:\/\/www.micro-mega.com\/wp-content\/uploads\/protected_files\/Lime-Cercle-HD-scaled.png\" \/>\n\t<meta property=\"og:image:width\" content=\"2560\" \/>\n\t<meta property=\"og:image:height\" content=\"2560\" \/>\n\t<meta property=\"og:image:type\" content=\"image\/png\" \/>\n<meta name=\"twitter:card\" content=\"summary_large_image\" \/>\n<meta name=\"twitter:label1\" content=\"Est. reading time\" \/>\n\t<meta name=\"twitter:data1\" content=\"1 minute\" \/>\n<script type=\"application\/ld+json\" class=\"yoast-schema-graph\">{\"@context\":\"https:\/\/schema.org\",\"@graph\":[{\"@type\":\"WebPage\",\"@id\":\"https:\/\/www.micro-mega.com\/en\/products\/\",\"url\":\"https:\/\/www.micro-mega.com\/en\/products\/\",\"name\":\"Products - Micro-Mega\",\"isPartOf\":{\"@id\":\"https:\/\/www.micro-mega.com\/en\/#website\"},\"primaryImageOfPage\":{\"@id\":\"https:\/\/www.micro-mega.com\/en\/products\/#primaryimage\"},\"image\":{\"@id\":\"https:\/\/www.micro-mega.com\/en\/products\/#primaryimage\"},\"thumbnailUrl\":\"https:\/\/www.micro-mega.com\/wp-content\/uploads\/protected_files\/Lime-Cercle-HD-scaled.png\",\"datePublished\":\"2024-12-04T08:26:04+00:00\",\"dateModified\":\"2026-04-28T08:26:53+00:00\",\"description\":\"MicroMega endodontic products: motors, irrigation, obturation solutions, and files designed for precise and safe endodontic treatments.\",\"breadcrumb\":{\"@id\":\"https:\/\/www.micro-mega.com\/en\/products\/#breadcrumb\"},\"inLanguage\":\"en-US\",\"potentialAction\":[{\"@type\":\"ReadAction\",\"target\":[\"https:\/\/www.micro-mega.com\/en\/products\/\"]}]},{\"@type\":\"ImageObject\",\"inLanguage\":\"en-US\",\"@id\":\"https:\/\/www.micro-mega.com\/en\/products\/#primaryimage\",\"url\":\"https:\/\/www.micro-mega.com\/wp-content\/uploads\/protected_files\/Lime-Cercle-HD-scaled.png\",\"contentUrl\":\"https:\/\/www.micro-mega.com\/wp-content\/uploads\/protected_files\/Lime-Cercle-HD-scaled.png\",\"width\":2560,\"height\":2560,\"caption\":\"Assortiments de 4 limes endodontiques MicroMega en cercle\"},{\"@type\":\"BreadcrumbList\",\"@id\":\"https:\/\/www.micro-mega.com\/en\/products\/#breadcrumb\",\"itemListElement\":[{\"@type\":\"ListItem\",\"position\":1,\"name\":\"Accueil\",\"item\":\"https:\/\/www.micro-mega.com\/en\/\"},{\"@type\":\"ListItem\",\"position\":2,\"name\":\"Products\"}]},{\"@type\":\"WebSite\",\"@id\":\"https:\/\/www.micro-mega.com\/en\/#website\",\"url\":\"https:\/\/www.micro-mega.com\/en\/\",\"name\":\"MicroMega\",\"description\":\"Dispositifs m\u00e9dicaux destin\u00e9s \u00e0 la chirurgie dentaire\",\"publisher\":{\"@id\":\"https:\/\/www.micro-mega.com\/en\/#organization\"},\"potentialAction\":[{\"@type\":\"SearchAction\",\"target\":{\"@type\":\"EntryPoint\",\"urlTemplate\":\"https:\/\/www.micro-mega.com\/en\/?s={search_term_string}\"},\"query-input\":{\"@type\":\"PropertyValueSpecification\",\"valueRequired\":true,\"valueName\":\"search_term_string\"}}],\"inLanguage\":\"en-US\"},{\"@type\":\"Organization\",\"@id\":\"https:\/\/www.micro-mega.com\/en\/#Organization\/\",\"name\":\"Micro-Mega\",\"url\":\"https:\/\/www.micro-mega.com\/en\/\",\"logo\":{\"@type\":\"ImageObject\",\"inLanguage\":\"en-US\",\"@id\":\"https:\/\/www.micro-mega.com\/en\/#\/schema\/logo\/image\/\",\"url\":\"https:\/\/www.micro-mega.com\/wp-content\/uploads\/2025\/02\/Logo-MM-Horizontal-Original_web-png.webp\",\"contentUrl\":\"https:\/\/www.micro-mega.com\/wp-content\/uploads\/2025\/02\/Logo-MM-Horizontal-Original_web-png.webp\",\"width\":1200,\"height\":300,\"caption\":\"MicroMega\"},\"image\":{\"@id\":\"https:\/\/www.micro-mega.com\/en\/#\/schema\/logo\/image\/\"}}]}<\/script>\n<!-- \/ Yoast SEO plugin. -->","yoast_head_json":{"title":"Products - Micro-Mega","description":"MicroMega endodontic products: motors, irrigation, obturation solutions, and files designed for precise and safe endodontic treatments.","robots":{"index":"index","follow":"follow","max-snippet":"max-snippet:-1","max-image-preview":"max-image-preview:large","max-video-preview":"max-video-preview:-1"},"canonical":"https:\/\/www.micro-mega.com\/en\/products\/","og_locale":"en_US","og_type":"article","og_title":"Products - Micro-Mega","og_description":"MicroMega endodontic products: motors, irrigation, obturation solutions, and files designed for precise and safe endodontic treatments.","og_url":"https:\/\/www.micro-mega.com\/en\/products\/","og_site_name":"Micro-Mega","article_modified_time":"2026-04-28T08:26:53+00:00","og_image":[{"width":2560,"height":2560,"url":"https:\/\/www.micro-mega.com\/wp-content\/uploads\/protected_files\/Lime-Cercle-HD-scaled.png","type":"image\/png"}],"twitter_card":"summary_large_image","twitter_misc":{"Est. reading time":"1 minute"},"schema":{"@context":"https:\/\/schema.org","@graph":[{"@type":"WebPage","@id":"https:\/\/www.micro-mega.com\/en\/products\/","url":"https:\/\/www.micro-mega.com\/en\/products\/","name":"Products - Micro-Mega","isPartOf":{"@id":"https:\/\/www.micro-mega.com\/en\/#website"},"primaryImageOfPage":{"@id":"https:\/\/www.micro-mega.com\/en\/products\/#primaryimage"},"image":{"@id":"https:\/\/www.micro-mega.com\/en\/products\/#primaryimage"},"thumbnailUrl":"https:\/\/www.micro-mega.com\/wp-content\/uploads\/protected_files\/Lime-Cercle-HD-scaled.png","datePublished":"2024-12-04T08:26:04+00:00","dateModified":"2026-04-28T08:26:53+00:00","description":"MicroMega endodontic products: motors, irrigation, obturation solutions, and files designed for precise and safe endodontic treatments.","breadcrumb":{"@id":"https:\/\/www.micro-mega.com\/en\/products\/#breadcrumb"},"inLanguage":"en-US","potentialAction":[{"@type":"ReadAction","target":["https:\/\/www.micro-mega.com\/en\/products\/"]}]},{"@type":"ImageObject","inLanguage":"en-US","@id":"https:\/\/www.micro-mega.com\/en\/products\/#primaryimage","url":"https:\/\/www.micro-mega.com\/wp-content\/uploads\/protected_files\/Lime-Cercle-HD-scaled.png","contentUrl":"https:\/\/www.micro-mega.com\/wp-content\/uploads\/protected_files\/Lime-Cercle-HD-scaled.png","width":2560,"height":2560,"caption":"Assortiments de 4 limes endodontiques MicroMega en cercle"},{"@type":"BreadcrumbList","@id":"https:\/\/www.micro-mega.com\/en\/products\/#breadcrumb","itemListElement":[{"@type":"ListItem","position":1,"name":"Accueil","item":"https:\/\/www.micro-mega.com\/en\/"},{"@type":"ListItem","position":2,"name":"Products"}]},{"@type":"WebSite","@id":"https:\/\/www.micro-mega.com\/en\/#website","url":"https:\/\/www.micro-mega.com\/en\/","name":"MicroMega","description":"Dispositifs m\u00e9dicaux destin\u00e9s \u00e0 la chirurgie dentaire","publisher":{"@id":"https:\/\/www.micro-mega.com\/en\/#organization"},"potentialAction":[{"@type":"SearchAction","target":{"@type":"EntryPoint","urlTemplate":"https:\/\/www.micro-mega.com\/en\/?s={search_term_string}"},"query-input":{"@type":"PropertyValueSpecification","valueRequired":true,"valueName":"search_term_string"}}],"inLanguage":"en-US"},{"@type":"Organization","@id":"https:\/\/www.micro-mega.com\/en\/#Organization\/","name":"Micro-Mega","url":"https:\/\/www.micro-mega.com\/en\/","logo":{"@type":"ImageObject","inLanguage":"en-US","@id":"https:\/\/www.micro-mega.com\/en\/#\/schema\/logo\/image\/","url":"https:\/\/www.micro-mega.com\/wp-content\/uploads\/2025\/02\/Logo-MM-Horizontal-Original_web-png.webp","contentUrl":"https:\/\/www.micro-mega.com\/wp-content\/uploads\/2025\/02\/Logo-MM-Horizontal-Original_web-png.webp","width":1200,"height":300,"caption":"MicroMega"},"image":{"@id":"https:\/\/www.micro-mega.com\/en\/#\/schema\/logo\/image\/"}}]}},"_links":{"self":[{"href":"https:\/\/www.micro-mega.com\/en\/wp-json\/wp\/v2\/pages\/8267","targetHints":{"allow":["GET"]}}],"collection":[{"href":"https:\/\/www.micro-mega.com\/en\/wp-json\/wp\/v2\/pages"}],"about":[{"href":"https:\/\/www.micro-mega.com\/en\/wp-json\/wp\/v2\/types\/page"}],"author":[{"embeddable":true,"href":"https:\/\/www.micro-mega.com\/en\/wp-json\/wp\/v2\/users\/1"}],"replies":[{"embeddable":true,"href":"https:\/\/www.micro-mega.com\/en\/wp-json\/wp\/v2\/comments?post=8267"}],"version-history":[{"count":11,"href":"https:\/\/www.micro-mega.com\/en\/wp-json\/wp\/v2\/pages\/8267\/revisions"}],"predecessor-version":[{"id":15545,"href":"https:\/\/www.micro-mega.com\/en\/wp-json\/wp\/v2\/pages\/8267\/revisions\/15545"}],"wp:featuredmedia":[{"embeddable":true,"href":"https:\/\/www.micro-mega.com\/en\/wp-json\/wp\/v2\/media\/13365"}],"wp:attachment":[{"href":"https:\/\/www.micro-mega.com\/en\/wp-json\/wp\/v2\/media?parent=8267"}],"wp:term":[{"taxonomy":"category","embeddable":true,"href":"https:\/\/www.micro-mega.com\/en\/wp-json\/wp\/v2\/categories?post=8267"},{"taxonomy":"post_tag","embeddable":true,"href":"https:\/\/www.micro-mega.com\/en\/wp-json\/wp\/v2\/tags?post=8267"}],"curies":[{"name":"wp","href":"https:\/\/api.w.org\/{rel}","templated":true}]}}