{"id":8307,"date":"2024-12-11T15:02:53","date_gmt":"2024-12-11T14:02:53","guid":{"rendered":"https:\/\/www.micro-mega.com\/products\/motors\/"},"modified":"2026-04-28T08:48:21","modified_gmt":"2026-04-28T06:48:21","slug":"motors","status":"publish","type":"page","link":"https:\/\/www.micro-mega.com\/en\/products\/motors\/","title":{"rendered":"Motors"},"content":{"rendered":"\t\t<div data-elementor-type=\"wp-page\" data-elementor-id=\"8307\" class=\"elementor elementor-8307 elementor-472\" data-elementor-post-type=\"page\">\n\t\t\t\t<div class=\"elementor-element elementor-element-fd1d32d animated-fast e-flex e-con-boxed elementor-invisible e-con e-parent\" data-id=\"fd1d32d\" data-element_type=\"container\" data-e-type=\"container\" data-settings=\"{&quot;animation&quot;:&quot;fadeIn&quot;,&quot;animation_delay&quot;:300}\">\n\t\t\t\t\t<div class=\"e-con-inner\">\n\t\t<div class=\"elementor-element elementor-element-41e3dc2 e-flex e-con-boxed e-con e-child\" data-id=\"41e3dc2\" data-element_type=\"container\" data-e-type=\"container\" data-settings=\"{&quot;background_background&quot;:&quot;classic&quot;}\">\n\t\t\t\t\t<div class=\"e-con-inner\">\n\t\t\t\t<div class=\"elementor-element elementor-element-34b7991 elementor-widget elementor-widget-heading\" data-id=\"34b7991\" data-element_type=\"widget\" data-e-type=\"widget\" data-widget_type=\"heading.default\">\n\t\t\t\t<div class=\"elementor-widget-container\">\n\t\t\t\t\t<h1 class=\"elementor-heading-title elementor-size-default\">Motors<\/h1>\t\t\t\t<\/div>\n\t\t\t\t<\/div>\n\t\t\t\t<div class=\"elementor-element elementor-element-de6e0cc elementor-widget elementor-widget-nt_widget_breadcrumb\" data-id=\"de6e0cc\" data-element_type=\"widget\" data-e-type=\"widget\" data-widget_type=\"nt_widget_breadcrumb.default\">\n\t\t\t\t<div class=\"elementor-widget-container\">\n\t\t\t\t\t<div class=\"nt-breadcrumb-wrapper\">\r\n    <div class=\"nt-breadcrumb\" id=\"breadcrumbs\"><ul><li><a href=\"https:\/\/www.micro-mega.com\/en\/\">Home<\/a><\/li><\/ul><\/div><\/div>\r\n\t\t\t\t<\/div>\n\t\t\t\t<\/div>\n\t\t\t\t\t<\/div>\n\t\t\t\t<\/div>\n\t\t\t\t\t<\/div>\n\t\t\t\t<\/div>\n\t\t<div class=\"elementor-element elementor-element-f06835b e-flex e-con-boxed e-con e-parent\" data-id=\"f06835b\" data-element_type=\"container\" data-e-type=\"container\">\n\t\t\t\t\t<div class=\"e-con-inner\">\n\t\t\t\t<div class=\"elementor-element elementor-element-cc9a585 elementor-widget elementor-widget-text-editor\" data-id=\"cc9a585\" data-element_type=\"widget\" data-e-type=\"widget\" data-widget_type=\"text-editor.default\">\n\t\t\t\t<div class=\"elementor-widget-container\">\n\t\t\t\t\t\t\t\t\t<p>The <strong>Micro-Mega\u2019s endodontic motor<\/strong> MM 4000 combines <strong>performance<\/strong>, <strong>ergonomics<\/strong>, and <strong>safety<\/strong> to support<strong> every stage of canal preparation<\/strong>. Featuring <strong>continuous and\/or reciprocating motion modes<\/strong> and advanced functions such as <strong>integrated apex locator<\/strong>, <strong>Block ByPass<\/strong> and<strong> Ledge ByPass modes<\/strong>, it offers an <strong>intuitive<\/strong> experience and <strong>precise<\/strong> instrument control. <strong>A Complete solution<\/strong> designed to enhance <strong>comfort<\/strong>, <strong>efficiency<\/strong>, and <strong>clinical safety<\/strong>.<\/p>\t\t\t\t\t\t\t\t<\/div>\n\t\t\t\t<\/div>\n\t\t\t\t\t<\/div>\n\t\t\t\t<\/div>\n\t\t<div class=\"elementor-element elementor-element-788a9f6 animated-fast e-flex e-con-boxed elementor-invisible e-con e-parent\" data-id=\"788a9f6\" data-element_type=\"container\" data-e-type=\"container\" data-settings=\"{&quot;animation&quot;:&quot;fadeInUp&quot;}\">\n\t\t\t\t\t<div class=\"e-con-inner\">\n\t\t<div class=\"elementor-element elementor-element-91d0f2f e-con-full e-flex e-con e-child\" data-id=\"91d0f2f\" data-element_type=\"container\" data-e-type=\"container\">\n\t\t\t\t<div class=\"elementor-element elementor-element-ae82aa0 elementor-grid-mobile-2 elementor-grid-3 elementor-grid-tablet-2 elementor-widget elementor-widget-loop-grid\" data-id=\"ae82aa0\" data-element_type=\"widget\" data-e-type=\"widget\" data-settings=\"{&quot;template_id&quot;:739,&quot;columns_mobile&quot;:2,&quot;row_gap_mobile&quot;:{&quot;unit&quot;:&quot;px&quot;,&quot;size&quot;:10,&quot;sizes&quot;:[]},&quot;_skin&quot;:&quot;post&quot;,&quot;columns&quot;:&quot;3&quot;,&quot;columns_tablet&quot;:&quot;2&quot;,&quot;edit_handle_selector&quot;:&quot;[data-elementor-type=\\&quot;loop-item\\&quot;]&quot;,&quot;row_gap&quot;:{&quot;unit&quot;:&quot;px&quot;,&quot;size&quot;:&quot;&quot;,&quot;sizes&quot;:[]},&quot;row_gap_laptop&quot;:{&quot;unit&quot;:&quot;px&quot;,&quot;size&quot;:&quot;&quot;,&quot;sizes&quot;:[]},&quot;row_gap_tablet_extra&quot;:{&quot;unit&quot;:&quot;px&quot;,&quot;size&quot;:&quot;&quot;,&quot;sizes&quot;:[]},&quot;row_gap_tablet&quot;:{&quot;unit&quot;:&quot;px&quot;,&quot;size&quot;:&quot;&quot;,&quot;sizes&quot;:[]}}\" data-widget_type=\"loop-grid.post\">\n\t\t\t\t<div class=\"elementor-widget-container\">\n\t\t\t\t\t\t\t<div class=\"elementor-loop-container elementor-grid\" role=\"list\">\n\t\t<style id=\"loop-739\">.elementor-739 .elementor-element.elementor-element-eef293c{--display:flex;border-style:solid;--border-style:solid;border-width:1px 1px 1px 1px;--border-top-width:1px;--border-right-width:1px;--border-bottom-width:1px;--border-left-width:1px;border-color:var( --e-global-color-primary );--border-color:var( --e-global-color-primary );--border-radius:10px 10px 10px 10px;}.elementor-739 .elementor-element.elementor-element-eef293c:not(.elementor-motion-effects-element-type-background), .elementor-739 .elementor-element.elementor-element-eef293c > .elementor-motion-effects-container > .elementor-motion-effects-layer{background-color:#FFFFFF;}.elementor-widget-theme-post-title .elementor-heading-title{font-family:var( --e-global-typography-primary-font-family ), Sans-serif;font-size:var( --e-global-typography-primary-font-size );font-weight:var( --e-global-typography-primary-font-weight );color:var( --e-global-color-primary );}.elementor-739 .elementor-element.elementor-element-a3daf4e{text-align:center;}.elementor-739 .elementor-element.elementor-element-a3daf4e .elementor-heading-title{font-family:\"Calibri\", Sans-serif;font-size:20px;font-weight:400;}.elementor-739 .elementor-element.elementor-element-a3daf4e > .elementor-widget-container{padding:10px 10px 15px 10px;}.elementor-widget-theme-post-featured-image .widget-image-caption{color:var( --e-global-color-text );font-family:var( --e-global-typography-text-font-family ), Sans-serif;font-size:var( --e-global-typography-text-font-size );font-weight:var( --e-global-typography-text-font-weight );}@media(max-width:1500px){.elementor-widget-theme-post-title .elementor-heading-title{font-size:var( --e-global-typography-primary-font-size );}.elementor-widget-theme-post-featured-image .widget-image-caption{font-size:var( --e-global-typography-text-font-size );}}@media(max-width:1024px){.elementor-widget-theme-post-title .elementor-heading-title{font-size:var( --e-global-typography-primary-font-size );}.elementor-widget-theme-post-featured-image .widget-image-caption{font-size:var( --e-global-typography-text-font-size );}}@media(max-width:767px){.elementor-widget-theme-post-title .elementor-heading-title{font-size:var( --e-global-typography-primary-font-size );}.elementor-739 .elementor-element.elementor-element-a3daf4e .elementor-heading-title{font-size:17px;}.elementor-739 .elementor-element.elementor-element-a3daf4e > .elementor-widget-container{padding:0px 0px 0px 0px;}.elementor-widget-theme-post-featured-image .widget-image-caption{font-size:var( --e-global-typography-text-font-size );}}<\/style>\t\t<div data-elementor-type=\"loop-item\" data-elementor-id=\"739\" class=\"elementor elementor-739 e-loop-item e-loop-item-9401 post-9401 page type-page status-publish has-post-thumbnail hentry category-motors\" data-elementor-post-type=\"elementor_library\" data-custom-edit-handle=\"1\">\n\t\t\t<a class=\"elementor-element elementor-element-eef293c e-flex e-con-boxed e-con e-parent\" data-id=\"eef293c\" data-element_type=\"container\" data-e-type=\"container\" data-settings=\"{&quot;background_background&quot;:&quot;classic&quot;}\" href=\"https:\/\/www.micro-mega.com\/en\/products\/motors\/mm4000\/\">\n\t\t\t\t\t<div class=\"e-con-inner\">\n\t\t\t\t<div class=\"elementor-element elementor-element-a3daf4e elementor-widget elementor-widget-theme-post-title elementor-page-title elementor-widget-heading\" data-id=\"a3daf4e\" data-element_type=\"widget\" data-e-type=\"widget\" data-widget_type=\"theme-post-title.default\">\n\t\t\t\t<div class=\"elementor-widget-container\">\n\t\t\t\t\t<h3 class=\"elementor-heading-title elementor-size-default\">MM 4000<\/h3>\t\t\t\t<\/div>\n\t\t\t\t<\/div>\n\t\t\t\t<div class=\"elementor-element elementor-element-31e0419 elementor-widget elementor-widget-theme-post-featured-image elementor-widget-image\" data-id=\"31e0419\" data-element_type=\"widget\" data-e-type=\"widget\" data-widget_type=\"theme-post-featured-image.default\">\n\t\t\t\t<div class=\"elementor-widget-container\">\n\t\t\t\t\t\t\t\t\t\t\t\t\t\t\t<img fetchpriority=\"high\" decoding=\"async\" width=\"1639\" height=\"2560\" src=\"https:\/\/www.micro-mega.com\/wp-content\/uploads\/2025\/11\/MOTEUR-MM-4000-MICROMEGA-scaled.webp\" class=\"attachment-full size-full wp-image-10700\" alt=\"\" srcset=\"https:\/\/www.micro-mega.com\/wp-content\/uploads\/2025\/11\/MOTEUR-MM-4000-MICROMEGA-scaled.webp 1639w, https:\/\/www.micro-mega.com\/wp-content\/uploads\/2025\/11\/MOTEUR-MM-4000-MICROMEGA-192x300.webp 192w, https:\/\/www.micro-mega.com\/wp-content\/uploads\/2025\/11\/MOTEUR-MM-4000-MICROMEGA-655x1024.webp 655w, https:\/\/www.micro-mega.com\/wp-content\/uploads\/2025\/11\/MOTEUR-MM-4000-MICROMEGA-768x1200.webp 768w, https:\/\/www.micro-mega.com\/wp-content\/uploads\/2025\/11\/MOTEUR-MM-4000-MICROMEGA-983x1536.webp 983w, https:\/\/www.micro-mega.com\/wp-content\/uploads\/2025\/11\/MOTEUR-MM-4000-MICROMEGA-1311x2048.webp 1311w\" sizes=\"(max-width: 1639px) 100vw, 1639px\" \/>\t\t\t\t\t\t\t\t\t\t\t\t\t\t\t<\/div>\n\t\t\t\t<\/div>\n\t\t\t\t\t<\/div>\n\t\t\t\t<\/a>\n\t\t\t\t<\/div>\n\t\t\t\t<\/div>\n\t\t\n\t\t\t\t\t\t<\/div>\n\t\t\t\t<\/div>\n\t\t\t\t<\/div>\n\t\t\t\t\t<\/div>\n\t\t\t\t<\/div>\n\t\t\t\t<\/div>\n\t\t","protected":false},"excerpt":{"rendered":"<p>Motors Accueil The Micro-Mega\u2019s endodontic motor MM 4000 combines performance, ergonomics, and safety to support every stage of canal preparation. Featuring continuous and\/or reciprocating motion modes and advanced functions such as integrated apex locator, Block ByPass and Ledge ByPass modes, it offers an intuitive experience and precise instrument control. A Complete solution designed to enhance [&hellip;]<\/p>\n","protected":false},"author":1,"featured_media":11521,"parent":8267,"menu_order":2,"comment_status":"closed","ping_status":"closed","template":"","meta":{"_acf_changed":false,"footnotes":""},"categories":[119],"tags":[],"class_list":["post-8307","page","type-page","status-publish","has-post-thumbnail","hentry","category-products"],"acf":[],"yoast_head":"<!-- This site is optimized with the Yoast SEO plugin v27.1.1 - https:\/\/yoast.com\/product\/yoast-seo-wordpress\/ -->\n<title>Motors - Micro-Mega<\/title>\n<meta name=\"description\" content=\"The Micro-Mega\u2019s endodontic motor MM 4000 combines performance, ergonomics, and safety to support every stage of canal preparation.\" \/>\n<meta name=\"robots\" content=\"index, follow, max-snippet:-1, max-image-preview:large, max-video-preview:-1\" \/>\n<link rel=\"canonical\" href=\"https:\/\/www.micro-mega.com\/en\/products\/motors\/\" \/>\n<meta property=\"og:locale\" content=\"en_US\" \/>\n<meta property=\"og:type\" content=\"article\" \/>\n<meta property=\"og:title\" content=\"Motors - Micro-Mega\" \/>\n<meta property=\"og:description\" content=\"The Micro-Mega\u2019s endodontic motor MM 4000 combines performance, ergonomics, and safety to support every stage of canal preparation.\" \/>\n<meta property=\"og:url\" content=\"https:\/\/www.micro-mega.com\/en\/products\/motors\/\" \/>\n<meta property=\"og:site_name\" content=\"Micro-Mega\" \/>\n<meta property=\"article:modified_time\" content=\"2026-04-28T06:48:21+00:00\" \/>\n<meta property=\"og:image\" content=\"https:\/\/www.micro-mega.com\/wp-content\/uploads\/protected_files\/MM-4000-One-Glider-scaled.png\" \/>\n\t<meta property=\"og:image:width\" content=\"2560\" \/>\n\t<meta property=\"og:image:height\" content=\"1707\" \/>\n\t<meta property=\"og:image:type\" content=\"image\/png\" \/>\n<meta name=\"twitter:card\" content=\"summary_large_image\" \/>\n<meta name=\"twitter:label1\" content=\"Est. reading time\" \/>\n\t<meta name=\"twitter:data1\" content=\"1 minute\" \/>\n<script type=\"application\/ld+json\" class=\"yoast-schema-graph\">{\"@context\":\"https:\/\/schema.org\",\"@graph\":[{\"@type\":\"WebPage\",\"@id\":\"https:\/\/www.micro-mega.com\/en\/products\/motors\/\",\"url\":\"https:\/\/www.micro-mega.com\/en\/products\/motors\/\",\"name\":\"Motors - Micro-Mega\",\"isPartOf\":{\"@id\":\"https:\/\/www.micro-mega.com\/en\/#website\"},\"primaryImageOfPage\":{\"@id\":\"https:\/\/www.micro-mega.com\/en\/products\/motors\/#primaryimage\"},\"image\":{\"@id\":\"https:\/\/www.micro-mega.com\/en\/products\/motors\/#primaryimage\"},\"thumbnailUrl\":\"https:\/\/www.micro-mega.com\/wp-content\/uploads\/protected_files\/MM-4000-One-Glider-scaled.png\",\"datePublished\":\"2024-12-11T14:02:53+00:00\",\"dateModified\":\"2026-04-28T06:48:21+00:00\",\"description\":\"The Micro-Mega\u2019s endodontic motor MM 4000 combines performance, ergonomics, and safety to support every stage of canal preparation.\",\"breadcrumb\":{\"@id\":\"https:\/\/www.micro-mega.com\/en\/products\/motors\/#breadcrumb\"},\"inLanguage\":\"en-US\",\"potentialAction\":[{\"@type\":\"ReadAction\",\"target\":[\"https:\/\/www.micro-mega.com\/en\/products\/motors\/\"]}]},{\"@type\":\"ImageObject\",\"inLanguage\":\"en-US\",\"@id\":\"https:\/\/www.micro-mega.com\/en\/products\/motors\/#primaryimage\",\"url\":\"https:\/\/www.micro-mega.com\/wp-content\/uploads\/protected_files\/MM-4000-One-Glider-scaled.png\",\"contentUrl\":\"https:\/\/www.micro-mega.com\/wp-content\/uploads\/protected_files\/MM-4000-One-Glider-scaled.png\",\"width\":2560,\"height\":1707,\"caption\":\"visual of the endodontic cordless motor MM4000 zith a pack of One Glider Files - MicroMega\"},{\"@type\":\"BreadcrumbList\",\"@id\":\"https:\/\/www.micro-mega.com\/en\/products\/motors\/#breadcrumb\",\"itemListElement\":[{\"@type\":\"ListItem\",\"position\":1,\"name\":\"Accueil\",\"item\":\"https:\/\/www.micro-mega.com\/en\/\"},{\"@type\":\"ListItem\",\"position\":2,\"name\":\"Products\",\"item\":\"https:\/\/www.micro-mega.com\/en\/products\/\"},{\"@type\":\"ListItem\",\"position\":3,\"name\":\"Motors\"}]},{\"@type\":\"WebSite\",\"@id\":\"https:\/\/www.micro-mega.com\/en\/#website\",\"url\":\"https:\/\/www.micro-mega.com\/en\/\",\"name\":\"MicroMega\",\"description\":\"Dispositifs m\u00e9dicaux destin\u00e9s \u00e0 la chirurgie dentaire\",\"publisher\":{\"@id\":\"https:\/\/www.micro-mega.com\/en\/#organization\"},\"potentialAction\":[{\"@type\":\"SearchAction\",\"target\":{\"@type\":\"EntryPoint\",\"urlTemplate\":\"https:\/\/www.micro-mega.com\/en\/?s={search_term_string}\"},\"query-input\":{\"@type\":\"PropertyValueSpecification\",\"valueRequired\":true,\"valueName\":\"search_term_string\"}}],\"inLanguage\":\"en-US\"},{\"@type\":\"Organization\",\"@id\":\"https:\/\/www.micro-mega.com\/en\/#Organization\/\",\"name\":\"Micro-Mega\",\"url\":\"https:\/\/www.micro-mega.com\/en\/\",\"logo\":{\"@type\":\"ImageObject\",\"inLanguage\":\"en-US\",\"@id\":\"https:\/\/www.micro-mega.com\/en\/#\/schema\/logo\/image\/\",\"url\":\"https:\/\/www.micro-mega.com\/wp-content\/uploads\/2025\/02\/Logo-MM-Horizontal-Original_web-png.webp\",\"contentUrl\":\"https:\/\/www.micro-mega.com\/wp-content\/uploads\/2025\/02\/Logo-MM-Horizontal-Original_web-png.webp\",\"width\":1200,\"height\":300,\"caption\":\"MicroMega\"},\"image\":{\"@id\":\"https:\/\/www.micro-mega.com\/en\/#\/schema\/logo\/image\/\"}}]}<\/script>\n<!-- \/ Yoast SEO plugin. -->","yoast_head_json":{"title":"Motors - Micro-Mega","description":"The Micro-Mega\u2019s endodontic motor MM 4000 combines performance, ergonomics, and safety to support every stage of canal preparation.","robots":{"index":"index","follow":"follow","max-snippet":"max-snippet:-1","max-image-preview":"max-image-preview:large","max-video-preview":"max-video-preview:-1"},"canonical":"https:\/\/www.micro-mega.com\/en\/products\/motors\/","og_locale":"en_US","og_type":"article","og_title":"Motors - Micro-Mega","og_description":"The Micro-Mega\u2019s endodontic motor MM 4000 combines performance, ergonomics, and safety to support every stage of canal preparation.","og_url":"https:\/\/www.micro-mega.com\/en\/products\/motors\/","og_site_name":"Micro-Mega","article_modified_time":"2026-04-28T06:48:21+00:00","og_image":[{"width":2560,"height":1707,"url":"https:\/\/www.micro-mega.com\/wp-content\/uploads\/protected_files\/MM-4000-One-Glider-scaled.png","type":"image\/png"}],"twitter_card":"summary_large_image","twitter_misc":{"Est. reading time":"1 minute"},"schema":{"@context":"https:\/\/schema.org","@graph":[{"@type":"WebPage","@id":"https:\/\/www.micro-mega.com\/en\/products\/motors\/","url":"https:\/\/www.micro-mega.com\/en\/products\/motors\/","name":"Motors - Micro-Mega","isPartOf":{"@id":"https:\/\/www.micro-mega.com\/en\/#website"},"primaryImageOfPage":{"@id":"https:\/\/www.micro-mega.com\/en\/products\/motors\/#primaryimage"},"image":{"@id":"https:\/\/www.micro-mega.com\/en\/products\/motors\/#primaryimage"},"thumbnailUrl":"https:\/\/www.micro-mega.com\/wp-content\/uploads\/protected_files\/MM-4000-One-Glider-scaled.png","datePublished":"2024-12-11T14:02:53+00:00","dateModified":"2026-04-28T06:48:21+00:00","description":"The Micro-Mega\u2019s endodontic motor MM 4000 combines performance, ergonomics, and safety to support every stage of canal preparation.","breadcrumb":{"@id":"https:\/\/www.micro-mega.com\/en\/products\/motors\/#breadcrumb"},"inLanguage":"en-US","potentialAction":[{"@type":"ReadAction","target":["https:\/\/www.micro-mega.com\/en\/products\/motors\/"]}]},{"@type":"ImageObject","inLanguage":"en-US","@id":"https:\/\/www.micro-mega.com\/en\/products\/motors\/#primaryimage","url":"https:\/\/www.micro-mega.com\/wp-content\/uploads\/protected_files\/MM-4000-One-Glider-scaled.png","contentUrl":"https:\/\/www.micro-mega.com\/wp-content\/uploads\/protected_files\/MM-4000-One-Glider-scaled.png","width":2560,"height":1707,"caption":"visual of the endodontic cordless motor MM4000 zith a pack of One Glider Files - MicroMega"},{"@type":"BreadcrumbList","@id":"https:\/\/www.micro-mega.com\/en\/products\/motors\/#breadcrumb","itemListElement":[{"@type":"ListItem","position":1,"name":"Accueil","item":"https:\/\/www.micro-mega.com\/en\/"},{"@type":"ListItem","position":2,"name":"Products","item":"https:\/\/www.micro-mega.com\/en\/products\/"},{"@type":"ListItem","position":3,"name":"Motors"}]},{"@type":"WebSite","@id":"https:\/\/www.micro-mega.com\/en\/#website","url":"https:\/\/www.micro-mega.com\/en\/","name":"MicroMega","description":"Dispositifs m\u00e9dicaux destin\u00e9s \u00e0 la chirurgie dentaire","publisher":{"@id":"https:\/\/www.micro-mega.com\/en\/#organization"},"potentialAction":[{"@type":"SearchAction","target":{"@type":"EntryPoint","urlTemplate":"https:\/\/www.micro-mega.com\/en\/?s={search_term_string}"},"query-input":{"@type":"PropertyValueSpecification","valueRequired":true,"valueName":"search_term_string"}}],"inLanguage":"en-US"},{"@type":"Organization","@id":"https:\/\/www.micro-mega.com\/en\/#Organization\/","name":"Micro-Mega","url":"https:\/\/www.micro-mega.com\/en\/","logo":{"@type":"ImageObject","inLanguage":"en-US","@id":"https:\/\/www.micro-mega.com\/en\/#\/schema\/logo\/image\/","url":"https:\/\/www.micro-mega.com\/wp-content\/uploads\/2025\/02\/Logo-MM-Horizontal-Original_web-png.webp","contentUrl":"https:\/\/www.micro-mega.com\/wp-content\/uploads\/2025\/02\/Logo-MM-Horizontal-Original_web-png.webp","width":1200,"height":300,"caption":"MicroMega"},"image":{"@id":"https:\/\/www.micro-mega.com\/en\/#\/schema\/logo\/image\/"}}]}},"_links":{"self":[{"href":"https:\/\/www.micro-mega.com\/en\/wp-json\/wp\/v2\/pages\/8307","targetHints":{"allow":["GET"]}}],"collection":[{"href":"https:\/\/www.micro-mega.com\/en\/wp-json\/wp\/v2\/pages"}],"about":[{"href":"https:\/\/www.micro-mega.com\/en\/wp-json\/wp\/v2\/types\/page"}],"author":[{"embeddable":true,"href":"https:\/\/www.micro-mega.com\/en\/wp-json\/wp\/v2\/users\/1"}],"replies":[{"embeddable":true,"href":"https:\/\/www.micro-mega.com\/en\/wp-json\/wp\/v2\/comments?post=8307"}],"version-history":[{"count":8,"href":"https:\/\/www.micro-mega.com\/en\/wp-json\/wp\/v2\/pages\/8307\/revisions"}],"predecessor-version":[{"id":15503,"href":"https:\/\/www.micro-mega.com\/en\/wp-json\/wp\/v2\/pages\/8307\/revisions\/15503"}],"up":[{"embeddable":true,"href":"https:\/\/www.micro-mega.com\/en\/wp-json\/wp\/v2\/pages\/8267"}],"wp:featuredmedia":[{"embeddable":true,"href":"https:\/\/www.micro-mega.com\/en\/wp-json\/wp\/v2\/media\/11521"}],"wp:attachment":[{"href":"https:\/\/www.micro-mega.com\/en\/wp-json\/wp\/v2\/media?parent=8307"}],"wp:term":[{"taxonomy":"category","embeddable":true,"href":"https:\/\/www.micro-mega.com\/en\/wp-json\/wp\/v2\/categories?post=8307"},{"taxonomy":"post_tag","embeddable":true,"href":"https:\/\/www.micro-mega.com\/en\/wp-json\/wp\/v2\/tags?post=8307"}],"curies":[{"name":"wp","href":"https:\/\/api.w.org\/{rel}","templated":true}]}}