{"id":8343,"date":"2024-12-11T15:02:53","date_gmt":"2024-12-11T14:02:53","guid":{"rendered":"https:\/\/www.micro-mega.com\/products\/manual-files\/sterile\/"},"modified":"2026-02-11T12:09:25","modified_gmt":"2026-02-11T11:09:25","slug":"sterile","status":"publish","type":"page","link":"https:\/\/www.micro-mega.com\/en\/products\/manual-files\/sterile\/","title":{"rendered":"Sterile"},"content":{"rendered":"\t\t<div data-elementor-type=\"wp-page\" data-elementor-id=\"8343\" class=\"elementor elementor-8343 elementor-466\" data-elementor-post-type=\"page\">\n\t\t\t\t<div class=\"elementor-element elementor-element-e23b887 animated-fast e-flex e-con-boxed elementor-invisible e-con e-parent\" data-id=\"e23b887\" data-element_type=\"container\" data-e-type=\"container\" data-settings=\"{&quot;animation&quot;:&quot;fadeIn&quot;,&quot;animation_delay&quot;:300}\">\n\t\t\t\t\t<div class=\"e-con-inner\">\n\t\t<div class=\"elementor-element elementor-element-924acd0 e-flex e-con-boxed e-con e-child\" data-id=\"924acd0\" data-element_type=\"container\" data-e-type=\"container\" data-settings=\"{&quot;background_background&quot;:&quot;classic&quot;}\">\n\t\t\t\t\t<div class=\"e-con-inner\">\n\t\t\t\t<div class=\"elementor-element elementor-element-e558ac2 elementor-widget elementor-widget-heading\" data-id=\"e558ac2\" data-element_type=\"widget\" data-e-type=\"widget\" data-widget_type=\"heading.default\">\n\t\t\t\t<div class=\"elementor-widget-container\">\n\t\t\t\t\t<h1 class=\"elementor-heading-title elementor-size-default\">The success made in France<\/h1>\t\t\t\t<\/div>\n\t\t\t\t<\/div>\n\t\t\t\t<div class=\"elementor-element elementor-element-cf7500a elementor-widget elementor-widget-nt_widget_breadcrumb\" data-id=\"cf7500a\" data-element_type=\"widget\" data-e-type=\"widget\" data-widget_type=\"nt_widget_breadcrumb.default\">\n\t\t\t\t<div class=\"elementor-widget-container\">\n\t\t\t\t\t<div class=\"nt-breadcrumb-wrapper\">\r\n    <div class=\"nt-breadcrumb\" id=\"breadcrumbs\"><ul><li><a href=\"https:\/\/www.micro-mega.com\/en\/\">Home<\/a><\/li><\/ul><\/div><\/div>\r\n\t\t\t\t<\/div>\n\t\t\t\t<\/div>\n\t\t\t\t\t<\/div>\n\t\t\t\t<\/div>\n\t\t\t\t\t<\/div>\n\t\t\t\t<\/div>\n\t\t<div class=\"elementor-element elementor-element-8ed4650 e-flex e-con-boxed e-con e-parent\" data-id=\"8ed4650\" data-element_type=\"container\" data-e-type=\"container\">\n\t\t\t\t\t<div class=\"e-con-inner\">\n\t\t\t\t<div class=\"elementor-element elementor-element-8fad58b elementor-widget elementor-widget-text-editor\" data-id=\"8fad58b\" data-element_type=\"widget\" data-e-type=\"widget\" data-widget_type=\"text-editor.default\">\n\t\t\t\t<div class=\"elementor-widget-container\">\n\t\t\t\t\t\t\t\t\t<p><strong>Micro-Mega\u2019s sterile manual files<\/strong>&nbsp;are designed to provide&nbsp;<strong>precise<\/strong>&nbsp;and&nbsp;<strong>controlled canal preparation<\/strong>&nbsp;for each stage of the&nbsp;<strong>endodontic treatment<\/strong>. Made from high-quality stainless steel, grinded or twisted, they ensure&nbsp;<strong>excellent resistance<\/strong>,&nbsp;<strong>optimal tactile feedback<\/strong>, and enhanced&nbsp;<strong>safety<\/strong>. A&nbsp;<strong>reliable solution for clinicians<\/strong>&nbsp;who prefer progressive,&nbsp;<strong>manually guided instrumentation<\/strong>.<\/p>\t\t\t\t\t\t\t\t<\/div>\n\t\t\t\t<\/div>\n\t\t\t\t\t<\/div>\n\t\t\t\t<\/div>\n\t\t<div class=\"elementor-element elementor-element-56bb9a1 animated-fast e-flex e-con-boxed elementor-invisible e-con e-parent\" data-id=\"56bb9a1\" data-element_type=\"container\" data-e-type=\"container\" data-settings=\"{&quot;animation&quot;:&quot;fadeInUp&quot;}\">\n\t\t\t\t\t<div class=\"e-con-inner\">\n\t\t<div class=\"elementor-element elementor-element-3d05061 e-con-full e-flex e-con e-child\" data-id=\"3d05061\" data-element_type=\"container\" data-e-type=\"container\">\n\t\t\t\t<div class=\"elementor-element elementor-element-e007472 elementor-grid-mobile-2 elementor-grid-3 elementor-grid-tablet-2 elementor-widget elementor-widget-loop-grid\" data-id=\"e007472\" data-element_type=\"widget\" data-e-type=\"widget\" data-settings=\"{&quot;template_id&quot;:739,&quot;columns_mobile&quot;:2,&quot;row_gap_mobile&quot;:{&quot;unit&quot;:&quot;px&quot;,&quot;size&quot;:10,&quot;sizes&quot;:[]},&quot;_skin&quot;:&quot;post&quot;,&quot;columns&quot;:&quot;3&quot;,&quot;columns_tablet&quot;:&quot;2&quot;,&quot;edit_handle_selector&quot;:&quot;[data-elementor-type=\\&quot;loop-item\\&quot;]&quot;,&quot;row_gap&quot;:{&quot;unit&quot;:&quot;px&quot;,&quot;size&quot;:&quot;&quot;,&quot;sizes&quot;:[]},&quot;row_gap_laptop&quot;:{&quot;unit&quot;:&quot;px&quot;,&quot;size&quot;:&quot;&quot;,&quot;sizes&quot;:[]},&quot;row_gap_tablet_extra&quot;:{&quot;unit&quot;:&quot;px&quot;,&quot;size&quot;:&quot;&quot;,&quot;sizes&quot;:[]},&quot;row_gap_tablet&quot;:{&quot;unit&quot;:&quot;px&quot;,&quot;size&quot;:&quot;&quot;,&quot;sizes&quot;:[]}}\" data-widget_type=\"loop-grid.post\">\n\t\t\t\t<div class=\"elementor-widget-container\">\n\t\t\t\t\t\t\t<div class=\"elementor-loop-container elementor-grid\" role=\"list\">\n\t\t<style id=\"loop-739\">.elementor-739 .elementor-element.elementor-element-eef293c{--display:flex;border-style:solid;--border-style:solid;border-width:1px 1px 1px 1px;--border-top-width:1px;--border-right-width:1px;--border-bottom-width:1px;--border-left-width:1px;border-color:var( --e-global-color-primary );--border-color:var( --e-global-color-primary );--border-radius:10px 10px 10px 10px;}.elementor-739 .elementor-element.elementor-element-eef293c:not(.elementor-motion-effects-element-type-background), .elementor-739 .elementor-element.elementor-element-eef293c > .elementor-motion-effects-container > .elementor-motion-effects-layer{background-color:#FFFFFF;}.elementor-widget-theme-post-title .elementor-heading-title{font-family:var( --e-global-typography-primary-font-family ), Sans-serif;font-size:var( --e-global-typography-primary-font-size );font-weight:var( --e-global-typography-primary-font-weight );color:var( --e-global-color-primary );}.elementor-739 .elementor-element.elementor-element-a3daf4e{text-align:center;}.elementor-739 .elementor-element.elementor-element-a3daf4e .elementor-heading-title{font-family:\"Calibri\", Sans-serif;font-size:20px;font-weight:400;}.elementor-739 .elementor-element.elementor-element-a3daf4e > .elementor-widget-container{padding:10px 10px 15px 10px;}.elementor-widget-theme-post-featured-image .widget-image-caption{color:var( --e-global-color-text );font-family:var( --e-global-typography-text-font-family ), Sans-serif;font-size:var( --e-global-typography-text-font-size );font-weight:var( --e-global-typography-text-font-weight );}@media(max-width:1500px){.elementor-widget-theme-post-title .elementor-heading-title{font-size:var( --e-global-typography-primary-font-size );}.elementor-widget-theme-post-featured-image .widget-image-caption{font-size:var( --e-global-typography-text-font-size );}}@media(max-width:1024px){.elementor-widget-theme-post-title .elementor-heading-title{font-size:var( --e-global-typography-primary-font-size );}.elementor-widget-theme-post-featured-image .widget-image-caption{font-size:var( --e-global-typography-text-font-size );}}@media(max-width:767px){.elementor-widget-theme-post-title .elementor-heading-title{font-size:var( --e-global-typography-primary-font-size );}.elementor-739 .elementor-element.elementor-element-a3daf4e .elementor-heading-title{font-size:17px;}.elementor-739 .elementor-element.elementor-element-a3daf4e > .elementor-widget-container{padding:0px 0px 0px 0px;}.elementor-widget-theme-post-featured-image .widget-image-caption{font-size:var( --e-global-typography-text-font-size );}}<\/style>\t\t<div data-elementor-type=\"loop-item\" data-elementor-id=\"739\" class=\"elementor elementor-739 e-loop-item e-loop-item-8249 post-8249 page type-page status-publish has-post-thumbnail hentry category-manual-files tag-sterile-en\" data-elementor-post-type=\"elementor_library\" data-custom-edit-handle=\"1\">\n\t\t\t<a class=\"elementor-element elementor-element-eef293c e-flex e-con-boxed e-con e-parent\" data-id=\"eef293c\" data-element_type=\"container\" data-e-type=\"container\" data-settings=\"{&quot;background_background&quot;:&quot;classic&quot;}\" href=\"https:\/\/www.micro-mega.com\/en\/products\/manual-files\/sterile\/h-files\/\">\n\t\t\t\t\t<div class=\"e-con-inner\">\n\t\t\t\t<div class=\"elementor-element elementor-element-a3daf4e elementor-widget elementor-widget-theme-post-title elementor-page-title elementor-widget-heading\" data-id=\"a3daf4e\" data-element_type=\"widget\" data-e-type=\"widget\" data-widget_type=\"theme-post-title.default\">\n\t\t\t\t<div class=\"elementor-widget-container\">\n\t\t\t\t\t<h3 class=\"elementor-heading-title elementor-size-default\">H-Files<\/h3>\t\t\t\t<\/div>\n\t\t\t\t<\/div>\n\t\t\t\t<div class=\"elementor-element elementor-element-31e0419 elementor-widget elementor-widget-theme-post-featured-image elementor-widget-image\" data-id=\"31e0419\" data-element_type=\"widget\" data-e-type=\"widget\" data-widget_type=\"theme-post-featured-image.default\">\n\t\t\t\t<div class=\"elementor-widget-container\">\n\t\t\t\t\t\t\t\t\t\t\t\t\t\t\t<img fetchpriority=\"high\" decoding=\"async\" width=\"400\" height=\"256\" src=\"https:\/\/www.micro-mega.com\/wp-content\/uploads\/2025\/01\/hfiles-1.webp\" class=\"attachment-full size-full wp-image-6288\" alt=\"photo d&#039;un blister de limes manuelles endo &quot;H-Files&quot;\" srcset=\"https:\/\/www.micro-mega.com\/wp-content\/uploads\/2025\/01\/hfiles-1.webp 400w, https:\/\/www.micro-mega.com\/wp-content\/uploads\/2025\/01\/hfiles-1-300x192.webp 300w\" sizes=\"(max-width: 400px) 100vw, 400px\" \/>\t\t\t\t\t\t\t\t\t\t\t\t\t\t\t<\/div>\n\t\t\t\t<\/div>\n\t\t\t\t\t<\/div>\n\t\t\t\t<\/a>\n\t\t\t\t<\/div>\n\t\t\t\t<div data-elementor-type=\"loop-item\" data-elementor-id=\"739\" class=\"elementor elementor-739 e-loop-item e-loop-item-8251 post-8251 page type-page status-publish has-post-thumbnail hentry tag-sterile-en\" data-elementor-post-type=\"elementor_library\" data-custom-edit-handle=\"1\">\n\t\t\t<a class=\"elementor-element elementor-element-eef293c e-flex e-con-boxed e-con e-parent\" data-id=\"eef293c\" data-element_type=\"container\" data-e-type=\"container\" data-settings=\"{&quot;background_background&quot;:&quot;classic&quot;}\" href=\"https:\/\/www.micro-mega.com\/en\/products\/manual-files\/sterile\/k-files\/\">\n\t\t\t\t\t<div class=\"e-con-inner\">\n\t\t\t\t<div class=\"elementor-element elementor-element-a3daf4e elementor-widget elementor-widget-theme-post-title elementor-page-title elementor-widget-heading\" data-id=\"a3daf4e\" data-element_type=\"widget\" data-e-type=\"widget\" data-widget_type=\"theme-post-title.default\">\n\t\t\t\t<div class=\"elementor-widget-container\">\n\t\t\t\t\t<h3 class=\"elementor-heading-title elementor-size-default\">K-Files<\/h3>\t\t\t\t<\/div>\n\t\t\t\t<\/div>\n\t\t\t\t<div class=\"elementor-element elementor-element-31e0419 elementor-widget elementor-widget-theme-post-featured-image elementor-widget-image\" data-id=\"31e0419\" data-element_type=\"widget\" data-e-type=\"widget\" data-widget_type=\"theme-post-featured-image.default\">\n\t\t\t\t<div class=\"elementor-widget-container\">\n\t\t\t\t\t\t\t\t\t\t\t\t\t\t\t<img decoding=\"async\" width=\"400\" height=\"256\" src=\"https:\/\/www.micro-mega.com\/wp-content\/uploads\/2025\/01\/kfiles.webp\" class=\"attachment-full size-full wp-image-6287\" alt=\"\" srcset=\"https:\/\/www.micro-mega.com\/wp-content\/uploads\/2025\/01\/kfiles.webp 400w, https:\/\/www.micro-mega.com\/wp-content\/uploads\/2025\/01\/kfiles-300x192.webp 300w\" sizes=\"(max-width: 400px) 100vw, 400px\" \/>\t\t\t\t\t\t\t\t\t\t\t\t\t\t\t<\/div>\n\t\t\t\t<\/div>\n\t\t\t\t\t<\/div>\n\t\t\t\t<\/a>\n\t\t\t\t<\/div>\n\t\t\t\t<div data-elementor-type=\"loop-item\" data-elementor-id=\"739\" class=\"elementor elementor-739 e-loop-item e-loop-item-8253 post-8253 page type-page status-publish has-post-thumbnail hentry category-manual-files tag-sterile-en\" data-elementor-post-type=\"elementor_library\" data-custom-edit-handle=\"1\">\n\t\t\t<a class=\"elementor-element elementor-element-eef293c e-flex e-con-boxed e-con e-parent\" data-id=\"eef293c\" data-element_type=\"container\" data-e-type=\"container\" data-settings=\"{&quot;background_background&quot;:&quot;classic&quot;}\" href=\"https:\/\/www.micro-mega.com\/en\/products\/manual-files\/sterile\/k-reamers\/\">\n\t\t\t\t\t<div class=\"e-con-inner\">\n\t\t\t\t<div class=\"elementor-element elementor-element-a3daf4e elementor-widget elementor-widget-theme-post-title elementor-page-title elementor-widget-heading\" data-id=\"a3daf4e\" data-element_type=\"widget\" data-e-type=\"widget\" data-widget_type=\"theme-post-title.default\">\n\t\t\t\t<div class=\"elementor-widget-container\">\n\t\t\t\t\t<h3 class=\"elementor-heading-title elementor-size-default\">K-Reamers<\/h3>\t\t\t\t<\/div>\n\t\t\t\t<\/div>\n\t\t\t\t<div class=\"elementor-element elementor-element-31e0419 elementor-widget elementor-widget-theme-post-featured-image elementor-widget-image\" data-id=\"31e0419\" data-element_type=\"widget\" data-e-type=\"widget\" data-widget_type=\"theme-post-featured-image.default\">\n\t\t\t\t<div class=\"elementor-widget-container\">\n\t\t\t\t\t\t\t\t\t\t\t\t\t\t\t<img decoding=\"async\" width=\"400\" height=\"256\" src=\"https:\/\/www.micro-mega.com\/wp-content\/uploads\/2025\/01\/kreamers-1.webp\" class=\"attachment-full size-full wp-image-6286\" alt=\"\" srcset=\"https:\/\/www.micro-mega.com\/wp-content\/uploads\/2025\/01\/kreamers-1.webp 400w, https:\/\/www.micro-mega.com\/wp-content\/uploads\/2025\/01\/kreamers-1-300x192.webp 300w\" sizes=\"(max-width: 400px) 100vw, 400px\" \/>\t\t\t\t\t\t\t\t\t\t\t\t\t\t\t<\/div>\n\t\t\t\t<\/div>\n\t\t\t\t\t<\/div>\n\t\t\t\t<\/a>\n\t\t\t\t<\/div>\n\t\t\t\t<\/div>\n\t\t\n\t\t\t\t\t\t<\/div>\n\t\t\t\t<\/div>\n\t\t\t\t<\/div>\n\t\t\t\t\t<\/div>\n\t\t\t\t<\/div>\n\t\t\t\t<\/div>\n\t\t","protected":false},"excerpt":{"rendered":"<p>The success made in France Home Micro-Mega\u2019s sterile manual files&nbsp;are designed to provide&nbsp;precise&nbsp;and&nbsp;controlled canal preparation&nbsp;for each stage of the&nbsp;endodontic treatment. Made from high-quality stainless steel, grinded or twisted, they ensure&nbsp;excellent resistance,&nbsp;optimal tactile feedback, and enhanced&nbsp;safety. A&nbsp;reliable solution for clinicians&nbsp;who prefer progressive,&nbsp;manually guided instrumentation.<\/p>\n","protected":false},"author":1,"featured_media":6074,"parent":8339,"menu_order":0,"comment_status":"closed","ping_status":"closed","template":"","meta":{"_acf_changed":false,"footnotes":""},"categories":[],"tags":[],"class_list":["post-8343","page","type-page","status-publish","has-post-thumbnail","hentry"],"acf":[],"yoast_head":"<!-- This site is optimized with the Yoast SEO plugin v27.1.1 - https:\/\/yoast.com\/product\/yoast-seo-wordpress\/ -->\n<title>Sterile - Micro-Mega<\/title>\n<meta name=\"description\" content=\"Micro\u2011Mega\u2019s sterile manual files provide precise canal preparation with stainless steel quality, resistance and enhanced safety.\" \/>\n<meta name=\"robots\" content=\"index, follow, max-snippet:-1, max-image-preview:large, max-video-preview:-1\" \/>\n<link rel=\"canonical\" href=\"https:\/\/www.micro-mega.com\/en\/products\/manual-files\/sterile\/\" \/>\n<meta property=\"og:locale\" content=\"en_US\" \/>\n<meta property=\"og:type\" content=\"article\" \/>\n<meta property=\"og:title\" content=\"Sterile - Micro-Mega\" \/>\n<meta property=\"og:description\" content=\"Micro\u2011Mega\u2019s sterile manual files provide precise canal preparation with stainless steel quality, resistance and enhanced safety.\" \/>\n<meta property=\"og:url\" content=\"https:\/\/www.micro-mega.com\/en\/products\/manual-files\/sterile\/\" \/>\n<meta property=\"og:site_name\" content=\"Micro-Mega\" \/>\n<meta property=\"article:modified_time\" content=\"2026-02-11T11:09:25+00:00\" \/>\n<meta property=\"og:image\" content=\"https:\/\/www.micro-mega.com\/wp-content\/uploads\/2025\/01\/K-Reamers_Packing_closedBlister-png.webp\" \/>\n\t<meta property=\"og:image:width\" content=\"4315\" \/>\n\t<meta property=\"og:image:height\" content=\"3168\" \/>\n\t<meta property=\"og:image:type\" content=\"image\/png\" \/>\n<meta name=\"twitter:card\" content=\"summary_large_image\" \/>\n<meta name=\"twitter:label1\" content=\"Est. reading time\" \/>\n\t<meta name=\"twitter:data1\" content=\"1 minute\" \/>\n<script type=\"application\/ld+json\" class=\"yoast-schema-graph\">{\"@context\":\"https:\/\/schema.org\",\"@graph\":[{\"@type\":\"WebPage\",\"@id\":\"https:\/\/www.micro-mega.com\/en\/products\/manual-files\/sterile\/\",\"url\":\"https:\/\/www.micro-mega.com\/en\/products\/manual-files\/sterile\/\",\"name\":\"Sterile - Micro-Mega\",\"isPartOf\":{\"@id\":\"https:\/\/www.micro-mega.com\/en\/#website\"},\"primaryImageOfPage\":{\"@id\":\"https:\/\/www.micro-mega.com\/en\/products\/manual-files\/sterile\/#primaryimage\"},\"image\":{\"@id\":\"https:\/\/www.micro-mega.com\/en\/products\/manual-files\/sterile\/#primaryimage\"},\"thumbnailUrl\":\"https:\/\/www.micro-mega.com\/wp-content\/uploads\/2025\/01\/K-Reamers_Packing_closedBlister-png.webp\",\"datePublished\":\"2024-12-11T14:02:53+00:00\",\"dateModified\":\"2026-02-11T11:09:25+00:00\",\"description\":\"Micro\u2011Mega\u2019s sterile manual files provide precise canal preparation with stainless steel quality, resistance and enhanced safety.\",\"breadcrumb\":{\"@id\":\"https:\/\/www.micro-mega.com\/en\/products\/manual-files\/sterile\/#breadcrumb\"},\"inLanguage\":\"en-US\",\"potentialAction\":[{\"@type\":\"ReadAction\",\"target\":[\"https:\/\/www.micro-mega.com\/en\/products\/manual-files\/sterile\/\"]}]},{\"@type\":\"ImageObject\",\"inLanguage\":\"en-US\",\"@id\":\"https:\/\/www.micro-mega.com\/en\/products\/manual-files\/sterile\/#primaryimage\",\"url\":\"https:\/\/www.micro-mega.com\/wp-content\/uploads\/2025\/01\/K-Reamers_Packing_closedBlister-png.webp\",\"contentUrl\":\"https:\/\/www.micro-mega.com\/wp-content\/uploads\/2025\/01\/K-Reamers_Packing_closedBlister-png.webp\",\"width\":4315,\"height\":3168,\"caption\":\"blister-of-a-pack-of-6-non-sterile-manual-files\"},{\"@type\":\"BreadcrumbList\",\"@id\":\"https:\/\/www.micro-mega.com\/en\/products\/manual-files\/sterile\/#breadcrumb\",\"itemListElement\":[{\"@type\":\"ListItem\",\"position\":1,\"name\":\"Accueil\",\"item\":\"https:\/\/www.micro-mega.com\/en\/\"},{\"@type\":\"ListItem\",\"position\":2,\"name\":\"Products\",\"item\":\"https:\/\/www.micro-mega.com\/en\/products\/\"},{\"@type\":\"ListItem\",\"position\":3,\"name\":\"Manual files\",\"item\":\"https:\/\/www.micro-mega.com\/en\/products\/manual-files\/\"},{\"@type\":\"ListItem\",\"position\":4,\"name\":\"Sterile\"}]},{\"@type\":\"WebSite\",\"@id\":\"https:\/\/www.micro-mega.com\/en\/#website\",\"url\":\"https:\/\/www.micro-mega.com\/en\/\",\"name\":\"MicroMega\",\"description\":\"Dispositifs m\u00e9dicaux destin\u00e9s \u00e0 la chirurgie dentaire\",\"publisher\":{\"@id\":\"https:\/\/www.micro-mega.com\/en\/#organization\"},\"potentialAction\":[{\"@type\":\"SearchAction\",\"target\":{\"@type\":\"EntryPoint\",\"urlTemplate\":\"https:\/\/www.micro-mega.com\/en\/?s={search_term_string}\"},\"query-input\":{\"@type\":\"PropertyValueSpecification\",\"valueRequired\":true,\"valueName\":\"search_term_string\"}}],\"inLanguage\":\"en-US\"},{\"@type\":\"Organization\",\"@id\":\"https:\/\/www.micro-mega.com\/en\/#Organization\/\",\"name\":\"Micro-Mega\",\"url\":\"https:\/\/www.micro-mega.com\/en\/\",\"logo\":{\"@type\":\"ImageObject\",\"inLanguage\":\"en-US\",\"@id\":\"https:\/\/www.micro-mega.com\/en\/#\/schema\/logo\/image\/\",\"url\":\"https:\/\/www.micro-mega.com\/wp-content\/uploads\/2025\/02\/Logo-MM-Horizontal-Original_web-png.webp\",\"contentUrl\":\"https:\/\/www.micro-mega.com\/wp-content\/uploads\/2025\/02\/Logo-MM-Horizontal-Original_web-png.webp\",\"width\":1200,\"height\":300,\"caption\":\"MicroMega\"},\"image\":{\"@id\":\"https:\/\/www.micro-mega.com\/en\/#\/schema\/logo\/image\/\"}}]}<\/script>\n<!-- \/ Yoast SEO plugin. -->","yoast_head_json":{"title":"Sterile - Micro-Mega","description":"Micro\u2011Mega\u2019s sterile manual files provide precise canal preparation with stainless steel quality, resistance and enhanced safety.","robots":{"index":"index","follow":"follow","max-snippet":"max-snippet:-1","max-image-preview":"max-image-preview:large","max-video-preview":"max-video-preview:-1"},"canonical":"https:\/\/www.micro-mega.com\/en\/products\/manual-files\/sterile\/","og_locale":"en_US","og_type":"article","og_title":"Sterile - Micro-Mega","og_description":"Micro\u2011Mega\u2019s sterile manual files provide precise canal preparation with stainless steel quality, resistance and enhanced safety.","og_url":"https:\/\/www.micro-mega.com\/en\/products\/manual-files\/sterile\/","og_site_name":"Micro-Mega","article_modified_time":"2026-02-11T11:09:25+00:00","og_image":[{"width":4315,"height":3168,"url":"https:\/\/www.micro-mega.com\/wp-content\/uploads\/2025\/01\/K-Reamers_Packing_closedBlister-png.webp","type":"image\/png"}],"twitter_card":"summary_large_image","twitter_misc":{"Est. reading time":"1 minute"},"schema":{"@context":"https:\/\/schema.org","@graph":[{"@type":"WebPage","@id":"https:\/\/www.micro-mega.com\/en\/products\/manual-files\/sterile\/","url":"https:\/\/www.micro-mega.com\/en\/products\/manual-files\/sterile\/","name":"Sterile - Micro-Mega","isPartOf":{"@id":"https:\/\/www.micro-mega.com\/en\/#website"},"primaryImageOfPage":{"@id":"https:\/\/www.micro-mega.com\/en\/products\/manual-files\/sterile\/#primaryimage"},"image":{"@id":"https:\/\/www.micro-mega.com\/en\/products\/manual-files\/sterile\/#primaryimage"},"thumbnailUrl":"https:\/\/www.micro-mega.com\/wp-content\/uploads\/2025\/01\/K-Reamers_Packing_closedBlister-png.webp","datePublished":"2024-12-11T14:02:53+00:00","dateModified":"2026-02-11T11:09:25+00:00","description":"Micro\u2011Mega\u2019s sterile manual files provide precise canal preparation with stainless steel quality, resistance and enhanced safety.","breadcrumb":{"@id":"https:\/\/www.micro-mega.com\/en\/products\/manual-files\/sterile\/#breadcrumb"},"inLanguage":"en-US","potentialAction":[{"@type":"ReadAction","target":["https:\/\/www.micro-mega.com\/en\/products\/manual-files\/sterile\/"]}]},{"@type":"ImageObject","inLanguage":"en-US","@id":"https:\/\/www.micro-mega.com\/en\/products\/manual-files\/sterile\/#primaryimage","url":"https:\/\/www.micro-mega.com\/wp-content\/uploads\/2025\/01\/K-Reamers_Packing_closedBlister-png.webp","contentUrl":"https:\/\/www.micro-mega.com\/wp-content\/uploads\/2025\/01\/K-Reamers_Packing_closedBlister-png.webp","width":4315,"height":3168,"caption":"blister-of-a-pack-of-6-non-sterile-manual-files"},{"@type":"BreadcrumbList","@id":"https:\/\/www.micro-mega.com\/en\/products\/manual-files\/sterile\/#breadcrumb","itemListElement":[{"@type":"ListItem","position":1,"name":"Accueil","item":"https:\/\/www.micro-mega.com\/en\/"},{"@type":"ListItem","position":2,"name":"Products","item":"https:\/\/www.micro-mega.com\/en\/products\/"},{"@type":"ListItem","position":3,"name":"Manual files","item":"https:\/\/www.micro-mega.com\/en\/products\/manual-files\/"},{"@type":"ListItem","position":4,"name":"Sterile"}]},{"@type":"WebSite","@id":"https:\/\/www.micro-mega.com\/en\/#website","url":"https:\/\/www.micro-mega.com\/en\/","name":"MicroMega","description":"Dispositifs m\u00e9dicaux destin\u00e9s \u00e0 la chirurgie dentaire","publisher":{"@id":"https:\/\/www.micro-mega.com\/en\/#organization"},"potentialAction":[{"@type":"SearchAction","target":{"@type":"EntryPoint","urlTemplate":"https:\/\/www.micro-mega.com\/en\/?s={search_term_string}"},"query-input":{"@type":"PropertyValueSpecification","valueRequired":true,"valueName":"search_term_string"}}],"inLanguage":"en-US"},{"@type":"Organization","@id":"https:\/\/www.micro-mega.com\/en\/#Organization\/","name":"Micro-Mega","url":"https:\/\/www.micro-mega.com\/en\/","logo":{"@type":"ImageObject","inLanguage":"en-US","@id":"https:\/\/www.micro-mega.com\/en\/#\/schema\/logo\/image\/","url":"https:\/\/www.micro-mega.com\/wp-content\/uploads\/2025\/02\/Logo-MM-Horizontal-Original_web-png.webp","contentUrl":"https:\/\/www.micro-mega.com\/wp-content\/uploads\/2025\/02\/Logo-MM-Horizontal-Original_web-png.webp","width":1200,"height":300,"caption":"MicroMega"},"image":{"@id":"https:\/\/www.micro-mega.com\/en\/#\/schema\/logo\/image\/"}}]}},"_links":{"self":[{"href":"https:\/\/www.micro-mega.com\/en\/wp-json\/wp\/v2\/pages\/8343","targetHints":{"allow":["GET"]}}],"collection":[{"href":"https:\/\/www.micro-mega.com\/en\/wp-json\/wp\/v2\/pages"}],"about":[{"href":"https:\/\/www.micro-mega.com\/en\/wp-json\/wp\/v2\/types\/page"}],"author":[{"embeddable":true,"href":"https:\/\/www.micro-mega.com\/en\/wp-json\/wp\/v2\/users\/1"}],"replies":[{"embeddable":true,"href":"https:\/\/www.micro-mega.com\/en\/wp-json\/wp\/v2\/comments?post=8343"}],"version-history":[{"count":7,"href":"https:\/\/www.micro-mega.com\/en\/wp-json\/wp\/v2\/pages\/8343\/revisions"}],"predecessor-version":[{"id":13146,"href":"https:\/\/www.micro-mega.com\/en\/wp-json\/wp\/v2\/pages\/8343\/revisions\/13146"}],"up":[{"embeddable":true,"href":"https:\/\/www.micro-mega.com\/en\/wp-json\/wp\/v2\/pages\/8339"}],"wp:featuredmedia":[{"embeddable":true,"href":"https:\/\/www.micro-mega.com\/en\/wp-json\/wp\/v2\/media\/6074"}],"wp:attachment":[{"href":"https:\/\/www.micro-mega.com\/en\/wp-json\/wp\/v2\/media?parent=8343"}],"wp:term":[{"taxonomy":"category","embeddable":true,"href":"https:\/\/www.micro-mega.com\/en\/wp-json\/wp\/v2\/categories?post=8343"},{"taxonomy":"post_tag","embeddable":true,"href":"https:\/\/www.micro-mega.com\/en\/wp-json\/wp\/v2\/tags?post=8343"}],"curies":[{"name":"wp","href":"https:\/\/api.w.org\/{rel}","templated":true}]}}