{"id":8363,"date":"2024-12-11T15:02:53","date_gmt":"2024-12-11T14:02:53","guid":{"rendered":"https:\/\/www.micro-mega.com\/products\/irrigation-solutions\/"},"modified":"2026-02-05T11:39:53","modified_gmt":"2026-02-05T10:39:53","slug":"irrigation-solutions","status":"publish","type":"page","link":"https:\/\/www.micro-mega.com\/en\/products\/irrigation-solutions\/","title":{"rendered":"Irrigation and Obturation Solutions"},"content":{"rendered":"\t\t<div data-elementor-type=\"wp-page\" data-elementor-id=\"8363\" class=\"elementor elementor-8363 elementor-474\" data-elementor-post-type=\"page\">\n\t\t\t\t<div class=\"elementor-element elementor-element-d2292ea animated-fast e-flex e-con-boxed elementor-invisible e-con e-parent\" data-id=\"d2292ea\" data-element_type=\"container\" data-e-type=\"container\" data-settings=\"{&quot;animation&quot;:&quot;fadeIn&quot;,&quot;animation_delay&quot;:300}\">\n\t\t\t\t\t<div class=\"e-con-inner\">\n\t\t<div class=\"elementor-element elementor-element-05de960 e-flex e-con-boxed e-con e-child\" data-id=\"05de960\" data-element_type=\"container\" data-e-type=\"container\" data-settings=\"{&quot;background_background&quot;:&quot;classic&quot;}\">\n\t\t\t\t\t<div class=\"e-con-inner\">\n\t\t\t\t<div class=\"elementor-element elementor-element-e447f1e elementor-widget elementor-widget-heading\" data-id=\"e447f1e\" data-element_type=\"widget\" data-e-type=\"widget\" data-widget_type=\"heading.default\">\n\t\t\t\t<div class=\"elementor-widget-container\">\n\t\t\t\t\t<h1 class=\"elementor-heading-title elementor-size-default\">Irrigation and Obturation solutions<\/h1>\t\t\t\t<\/div>\n\t\t\t\t<\/div>\n\t\t\t\t<div class=\"elementor-element elementor-element-dfc8142 elementor-widget elementor-widget-nt_widget_breadcrumb\" data-id=\"dfc8142\" data-element_type=\"widget\" data-e-type=\"widget\" data-widget_type=\"nt_widget_breadcrumb.default\">\n\t\t\t\t<div class=\"elementor-widget-container\">\n\t\t\t\t\t<div class=\"nt-breadcrumb-wrapper\">\r\n    <div class=\"nt-breadcrumb\" id=\"breadcrumbs\"><ul><li><a href=\"https:\/\/www.micro-mega.com\/en\/\">Home<\/a><\/li><\/ul><\/div><\/div>\r\n\t\t\t\t<\/div>\n\t\t\t\t<\/div>\n\t\t\t\t\t<\/div>\n\t\t\t\t<\/div>\n\t\t\t\t\t<\/div>\n\t\t\t\t<\/div>\n\t\t<div class=\"elementor-element elementor-element-848db51 e-flex e-con-boxed e-con e-parent\" data-id=\"848db51\" data-element_type=\"container\" data-e-type=\"container\">\n\t\t\t\t\t<div class=\"e-con-inner\">\n\t\t\t\t<div class=\"elementor-element elementor-element-d63e823 elementor-widget elementor-widget-text-editor\" data-id=\"d63e823\" data-element_type=\"widget\" data-e-type=\"widget\" data-widget_type=\"text-editor.default\">\n\t\t\t\t<div class=\"elementor-widget-container\">\n\t\t\t\t\t\t\t\t\t<p><strong>Micro-Mega\u2019s irrigation and obturation<\/strong> range includes solutions designed to optimize canal <strong>cleaning<\/strong>, <strong>disinfection<\/strong>, and <strong>sealing<\/strong>. From high-performance <strong>irrigants<\/strong> to reliable <strong>obturation<\/strong> materials, each product enhances clinical efficiency and ensures long-lasting results. A complete approach for <strong>safe<\/strong>, <strong>predictable endodontic treatments<\/strong>.<\/p>\t\t\t\t\t\t\t\t<\/div>\n\t\t\t\t<\/div>\n\t\t\t\t\t<\/div>\n\t\t\t\t<\/div>\n\t\t<div class=\"elementor-element elementor-element-69bbad4 animated-fast e-flex e-con-boxed elementor-invisible e-con e-parent\" data-id=\"69bbad4\" data-element_type=\"container\" data-e-type=\"container\" data-settings=\"{&quot;animation&quot;:&quot;fadeInUp&quot;}\">\n\t\t\t\t\t<div class=\"e-con-inner\">\n\t\t<div class=\"elementor-element elementor-element-918632e e-con-full e-flex e-con e-child\" data-id=\"918632e\" data-element_type=\"container\" data-e-type=\"container\">\n\t\t\t\t<div class=\"elementor-element elementor-element-85e8418 elementor-grid-mobile-2 elementor-grid-3 elementor-grid-tablet-2 elementor-widget elementor-widget-loop-grid\" data-id=\"85e8418\" data-element_type=\"widget\" data-e-type=\"widget\" data-settings=\"{&quot;template_id&quot;:739,&quot;columns_mobile&quot;:2,&quot;row_gap_mobile&quot;:{&quot;unit&quot;:&quot;px&quot;,&quot;size&quot;:10,&quot;sizes&quot;:[]},&quot;_skin&quot;:&quot;post&quot;,&quot;columns&quot;:&quot;3&quot;,&quot;columns_tablet&quot;:&quot;2&quot;,&quot;edit_handle_selector&quot;:&quot;[data-elementor-type=\\&quot;loop-item\\&quot;]&quot;,&quot;row_gap&quot;:{&quot;unit&quot;:&quot;px&quot;,&quot;size&quot;:&quot;&quot;,&quot;sizes&quot;:[]},&quot;row_gap_laptop&quot;:{&quot;unit&quot;:&quot;px&quot;,&quot;size&quot;:&quot;&quot;,&quot;sizes&quot;:[]},&quot;row_gap_tablet_extra&quot;:{&quot;unit&quot;:&quot;px&quot;,&quot;size&quot;:&quot;&quot;,&quot;sizes&quot;:[]},&quot;row_gap_tablet&quot;:{&quot;unit&quot;:&quot;px&quot;,&quot;size&quot;:&quot;&quot;,&quot;sizes&quot;:[]}}\" data-widget_type=\"loop-grid.post\">\n\t\t\t\t<div class=\"elementor-widget-container\">\n\t\t\t\t\t\t\t<div class=\"elementor-loop-container elementor-grid\" role=\"list\">\n\t\t<style id=\"loop-739\">.elementor-739 .elementor-element.elementor-element-eef293c{--display:flex;border-style:solid;--border-style:solid;border-width:1px 1px 1px 1px;--border-top-width:1px;--border-right-width:1px;--border-bottom-width:1px;--border-left-width:1px;border-color:var( --e-global-color-primary );--border-color:var( --e-global-color-primary );--border-radius:10px 10px 10px 10px;}.elementor-739 .elementor-element.elementor-element-eef293c:not(.elementor-motion-effects-element-type-background), .elementor-739 .elementor-element.elementor-element-eef293c > .elementor-motion-effects-container > .elementor-motion-effects-layer{background-color:#FFFFFF;}.elementor-widget-theme-post-title .elementor-heading-title{font-family:var( --e-global-typography-primary-font-family ), Sans-serif;font-size:var( --e-global-typography-primary-font-size );font-weight:var( --e-global-typography-primary-font-weight );color:var( --e-global-color-primary );}.elementor-739 .elementor-element.elementor-element-a3daf4e{text-align:center;}.elementor-739 .elementor-element.elementor-element-a3daf4e .elementor-heading-title{font-family:\"Calibri\", Sans-serif;font-size:20px;font-weight:400;}.elementor-739 .elementor-element.elementor-element-a3daf4e > .elementor-widget-container{padding:10px 10px 15px 10px;}.elementor-widget-theme-post-featured-image .widget-image-caption{color:var( --e-global-color-text );font-family:var( --e-global-typography-text-font-family ), Sans-serif;font-size:var( --e-global-typography-text-font-size );font-weight:var( --e-global-typography-text-font-weight );}@media(max-width:1500px){.elementor-widget-theme-post-title .elementor-heading-title{font-size:var( --e-global-typography-primary-font-size );}.elementor-widget-theme-post-featured-image .widget-image-caption{font-size:var( --e-global-typography-text-font-size );}}@media(max-width:1024px){.elementor-widget-theme-post-title .elementor-heading-title{font-size:var( --e-global-typography-primary-font-size );}.elementor-widget-theme-post-featured-image .widget-image-caption{font-size:var( --e-global-typography-text-font-size );}}@media(max-width:767px){.elementor-widget-theme-post-title .elementor-heading-title{font-size:var( --e-global-typography-primary-font-size );}.elementor-739 .elementor-element.elementor-element-a3daf4e .elementor-heading-title{font-size:17px;}.elementor-739 .elementor-element.elementor-element-a3daf4e > .elementor-widget-container{padding:0px 0px 0px 0px;}.elementor-widget-theme-post-featured-image .widget-image-caption{font-size:var( --e-global-typography-text-font-size );}}<\/style>\t\t<div data-elementor-type=\"loop-item\" data-elementor-id=\"739\" class=\"elementor elementor-739 e-loop-item e-loop-item-8373 post-8373 page type-page status-publish has-post-thumbnail hentry category-filling category-irrigation-solution\" data-elementor-post-type=\"elementor_library\" data-custom-edit-handle=\"1\">\n\t\t\t<a class=\"elementor-element elementor-element-eef293c e-flex e-con-boxed e-con e-parent\" data-id=\"eef293c\" data-element_type=\"container\" data-e-type=\"container\" data-settings=\"{&quot;background_background&quot;:&quot;classic&quot;}\" href=\"https:\/\/www.micro-mega.com\/en\/products\/irrigation-solutions\/canalpro-naoci-3\/\">\n\t\t\t\t\t<div class=\"e-con-inner\">\n\t\t\t\t<div class=\"elementor-element elementor-element-a3daf4e elementor-widget elementor-widget-theme-post-title elementor-page-title elementor-widget-heading\" data-id=\"a3daf4e\" data-element_type=\"widget\" data-e-type=\"widget\" data-widget_type=\"theme-post-title.default\">\n\t\t\t\t<div class=\"elementor-widget-container\">\n\t\t\t\t\t<h3 class=\"elementor-heading-title elementor-size-default\">CanalPro NaOCI 3%<\/h3>\t\t\t\t<\/div>\n\t\t\t\t<\/div>\n\t\t\t\t<div class=\"elementor-element elementor-element-31e0419 elementor-widget elementor-widget-theme-post-featured-image elementor-widget-image\" data-id=\"31e0419\" data-element_type=\"widget\" data-e-type=\"widget\" data-widget_type=\"theme-post-featured-image.default\">\n\t\t\t\t<div class=\"elementor-widget-container\">\n\t\t\t\t\t\t\t\t\t\t\t\t\t\t\t<img fetchpriority=\"high\" decoding=\"async\" width=\"1991\" height=\"1224\" src=\"https:\/\/www.micro-mega.com\/wp-content\/uploads\/2025\/02\/CanalPro-NaOCI-3-new-png.webp\" class=\"attachment-full size-full wp-image-6852\" alt=\"\" \/>\t\t\t\t\t\t\t\t\t\t\t\t\t\t\t<\/div>\n\t\t\t\t<\/div>\n\t\t\t\t\t<\/div>\n\t\t\t\t<\/a>\n\t\t\t\t<\/div>\n\t\t\t\t<div data-elementor-type=\"loop-item\" data-elementor-id=\"739\" class=\"elementor elementor-739 e-loop-item e-loop-item-8399 post-8399 page type-page status-publish has-post-thumbnail hentry category-filling category-irrigation-solution category-naocl\" data-elementor-post-type=\"elementor_library\" data-custom-edit-handle=\"1\">\n\t\t\t<a class=\"elementor-element elementor-element-eef293c e-flex e-con-boxed e-con e-parent\" data-id=\"eef293c\" data-element_type=\"container\" data-e-type=\"container\" data-settings=\"{&quot;background_background&quot;:&quot;classic&quot;}\" href=\"https:\/\/www.micro-mega.com\/en\/products\/irrigation-solutions\/canalpro-naoci-6\/\">\n\t\t\t\t\t<div class=\"e-con-inner\">\n\t\t\t\t<div class=\"elementor-element elementor-element-a3daf4e elementor-widget elementor-widget-theme-post-title elementor-page-title elementor-widget-heading\" data-id=\"a3daf4e\" data-element_type=\"widget\" data-e-type=\"widget\" data-widget_type=\"theme-post-title.default\">\n\t\t\t\t<div class=\"elementor-widget-container\">\n\t\t\t\t\t<h3 class=\"elementor-heading-title elementor-size-default\">CanalPro NaOCI 6%<\/h3>\t\t\t\t<\/div>\n\t\t\t\t<\/div>\n\t\t\t\t<div class=\"elementor-element elementor-element-31e0419 elementor-widget elementor-widget-theme-post-featured-image elementor-widget-image\" data-id=\"31e0419\" data-element_type=\"widget\" data-e-type=\"widget\" data-widget_type=\"theme-post-featured-image.default\">\n\t\t\t\t<div class=\"elementor-widget-container\">\n\t\t\t\t\t\t\t\t\t\t\t\t\t\t\t<img decoding=\"async\" width=\"1949\" height=\"1199\" src=\"https:\/\/www.micro-mega.com\/wp-content\/uploads\/2025\/02\/CanalPro-NaOCI-6-new-png.webp\" class=\"attachment-full size-full wp-image-6859\" alt=\"\" \/>\t\t\t\t\t\t\t\t\t\t\t\t\t\t\t<\/div>\n\t\t\t\t<\/div>\n\t\t\t\t\t<\/div>\n\t\t\t\t<\/a>\n\t\t\t\t<\/div>\n\t\t\t\t<div data-elementor-type=\"loop-item\" data-elementor-id=\"739\" class=\"elementor elementor-739 e-loop-item e-loop-item-12089 post-12089 page type-page status-publish has-post-thumbnail hentry category-filling category-irrigation-solution category-solutions-dirrigation\" data-elementor-post-type=\"elementor_library\" data-custom-edit-handle=\"1\">\n\t\t\t<a class=\"elementor-element elementor-element-eef293c e-flex e-con-boxed e-con e-parent\" data-id=\"eef293c\" data-element_type=\"container\" data-e-type=\"container\" data-settings=\"{&quot;background_background&quot;:&quot;classic&quot;}\" href=\"https:\/\/www.micro-mega.com\/en\/products\/irrigation-solutions\/mm-bioceramic-putty-sealer\/\">\n\t\t\t\t\t<div class=\"e-con-inner\">\n\t\t\t\t<div class=\"elementor-element elementor-element-a3daf4e elementor-widget elementor-widget-theme-post-title elementor-page-title elementor-widget-heading\" data-id=\"a3daf4e\" data-element_type=\"widget\" data-e-type=\"widget\" data-widget_type=\"theme-post-title.default\">\n\t\t\t\t<div class=\"elementor-widget-container\">\n\t\t\t\t\t<h3 class=\"elementor-heading-title elementor-size-default\">MM Bioceramic Putty &amp; Sealer<\/h3>\t\t\t\t<\/div>\n\t\t\t\t<\/div>\n\t\t\t\t<div class=\"elementor-element elementor-element-31e0419 elementor-widget elementor-widget-theme-post-featured-image elementor-widget-image\" data-id=\"31e0419\" data-element_type=\"widget\" data-e-type=\"widget\" data-widget_type=\"theme-post-featured-image.default\">\n\t\t\t\t<div class=\"elementor-widget-container\">\n\t\t\t\t\t\t\t\t\t\t\t\t\t\t\t<img decoding=\"async\" width=\"1080\" height=\"1080\" src=\"https:\/\/www.micro-mega.com\/wp-content\/uploads\/2026\/01\/MM-Bioceramic-Sealer-Putty-Syringes-visuel-3D.webp\" class=\"attachment-full size-full wp-image-11933\" alt=\"image-MM-Bioceramic-Sealer&amp;-Putty-Syringes-visuel-3D\" srcset=\"https:\/\/www.micro-mega.com\/wp-content\/uploads\/2026\/01\/MM-Bioceramic-Sealer-Putty-Syringes-visuel-3D.webp 1080w, https:\/\/www.micro-mega.com\/wp-content\/uploads\/2026\/01\/MM-Bioceramic-Sealer-Putty-Syringes-visuel-3D-300x300.webp 300w, https:\/\/www.micro-mega.com\/wp-content\/uploads\/2026\/01\/MM-Bioceramic-Sealer-Putty-Syringes-visuel-3D-1024x1024.webp 1024w, https:\/\/www.micro-mega.com\/wp-content\/uploads\/2026\/01\/MM-Bioceramic-Sealer-Putty-Syringes-visuel-3D-150x150.webp 150w, https:\/\/www.micro-mega.com\/wp-content\/uploads\/2026\/01\/MM-Bioceramic-Sealer-Putty-Syringes-visuel-3D-768x768.webp 768w, https:\/\/www.micro-mega.com\/wp-content\/uploads\/2026\/01\/MM-Bioceramic-Sealer-Putty-Syringes-visuel-3D-700x700.webp 700w\" sizes=\"(max-width: 1080px) 100vw, 1080px\" \/>\t\t\t\t\t\t\t\t\t\t\t\t\t\t\t<\/div>\n\t\t\t\t<\/div>\n\t\t\t\t\t<\/div>\n\t\t\t\t<\/a>\n\t\t\t\t<\/div>\n\t\t\t\t<\/div>\n\t\t\n\t\t\t\t\t\t<\/div>\n\t\t\t\t<\/div>\n\t\t\t\t<\/div>\n\t\t\t\t\t<\/div>\n\t\t\t\t<\/div>\n\t\t\t\t<\/div>\n\t\t","protected":false},"excerpt":{"rendered":"<p>Irrigation and Obturation solutions Accueil Micro-Mega\u2019s irrigation and obturation range includes solutions designed to optimize canal cleaning, disinfection, and sealing. From high-performance irrigants to reliable obturation materials, each product enhances clinical efficiency and ensures long-lasting results. A complete approach for safe, predictable endodontic treatments.<\/p>\n","protected":false},"author":1,"featured_media":6859,"parent":8267,"menu_order":3,"comment_status":"closed","ping_status":"closed","template":"","meta":{"_acf_changed":false,"footnotes":""},"categories":[],"tags":[],"class_list":["post-8363","page","type-page","status-publish","has-post-thumbnail","hentry"],"acf":[],"yoast_head":"<!-- This site is optimized with the Yoast SEO plugin v27.1.1 - https:\/\/yoast.com\/product\/yoast-seo-wordpress\/ -->\n<title>Irrigation and Obturation Solutions - Micro-Mega<\/title>\n<meta name=\"description\" content=\"Endodontic irrigation and obturation solutions for optimal disinfection and a hermetic seal of root canals\" \/>\n<meta name=\"robots\" content=\"index, follow, max-snippet:-1, max-image-preview:large, max-video-preview:-1\" \/>\n<link rel=\"canonical\" href=\"https:\/\/www.micro-mega.com\/en\/products\/irrigation-solutions\/\" \/>\n<meta property=\"og:locale\" content=\"en_US\" \/>\n<meta property=\"og:type\" content=\"article\" \/>\n<meta property=\"og:title\" content=\"Irrigation and Obturation Solutions - Micro-Mega\" \/>\n<meta property=\"og:description\" content=\"Endodontic irrigation and obturation solutions for optimal disinfection and a hermetic seal of root canals\" \/>\n<meta property=\"og:url\" content=\"https:\/\/www.micro-mega.com\/en\/products\/irrigation-solutions\/\" \/>\n<meta property=\"og:site_name\" content=\"Micro-Mega\" \/>\n<meta property=\"article:modified_time\" content=\"2026-02-05T10:39:53+00:00\" \/>\n<meta property=\"og:image\" content=\"https:\/\/www.micro-mega.com\/wp-content\/uploads\/2025\/02\/CanalPro-NaOCI-6-new-png.webp\" \/>\n\t<meta property=\"og:image:width\" content=\"1949\" \/>\n\t<meta property=\"og:image:height\" content=\"1199\" \/>\n\t<meta property=\"og:image:type\" content=\"image\/png\" \/>\n<meta name=\"twitter:card\" content=\"summary_large_image\" \/>\n<meta name=\"twitter:label1\" content=\"Est. reading time\" \/>\n\t<meta name=\"twitter:data1\" content=\"2 minutes\" \/>\n<script type=\"application\/ld+json\" class=\"yoast-schema-graph\">{\"@context\":\"https:\/\/schema.org\",\"@graph\":[{\"@type\":\"WebPage\",\"@id\":\"https:\/\/www.micro-mega.com\/en\/products\/irrigation-solutions\/\",\"url\":\"https:\/\/www.micro-mega.com\/en\/products\/irrigation-solutions\/\",\"name\":\"Irrigation and Obturation Solutions - Micro-Mega\",\"isPartOf\":{\"@id\":\"https:\/\/www.micro-mega.com\/en\/#website\"},\"primaryImageOfPage\":{\"@id\":\"https:\/\/www.micro-mega.com\/en\/products\/irrigation-solutions\/#primaryimage\"},\"image\":{\"@id\":\"https:\/\/www.micro-mega.com\/en\/products\/irrigation-solutions\/#primaryimage\"},\"thumbnailUrl\":\"https:\/\/www.micro-mega.com\/wp-content\/uploads\/2025\/02\/CanalPro-NaOCI-6-new-png.webp\",\"datePublished\":\"2024-12-11T14:02:53+00:00\",\"dateModified\":\"2026-02-05T10:39:53+00:00\",\"description\":\"Endodontic irrigation and obturation solutions for optimal disinfection and a hermetic seal of root canals\",\"breadcrumb\":{\"@id\":\"https:\/\/www.micro-mega.com\/en\/products\/irrigation-solutions\/#breadcrumb\"},\"inLanguage\":\"en-US\",\"potentialAction\":[{\"@type\":\"ReadAction\",\"target\":[\"https:\/\/www.micro-mega.com\/en\/products\/irrigation-solutions\/\"]}]},{\"@type\":\"ImageObject\",\"inLanguage\":\"en-US\",\"@id\":\"https:\/\/www.micro-mega.com\/en\/products\/irrigation-solutions\/#primaryimage\",\"url\":\"https:\/\/www.micro-mega.com\/wp-content\/uploads\/2025\/02\/CanalPro-NaOCI-6-new-png.webp\",\"contentUrl\":\"https:\/\/www.micro-mega.com\/wp-content\/uploads\/2025\/02\/CanalPro-NaOCI-6-new-png.webp\",\"width\":1949,\"height\":1199},{\"@type\":\"BreadcrumbList\",\"@id\":\"https:\/\/www.micro-mega.com\/en\/products\/irrigation-solutions\/#breadcrumb\",\"itemListElement\":[{\"@type\":\"ListItem\",\"position\":1,\"name\":\"Accueil\",\"item\":\"https:\/\/www.micro-mega.com\/en\/\"},{\"@type\":\"ListItem\",\"position\":2,\"name\":\"Products\",\"item\":\"https:\/\/www.micro-mega.com\/en\/products\/\"},{\"@type\":\"ListItem\",\"position\":3,\"name\":\"Irrigation and Obturation Solutions\"}]},{\"@type\":\"WebSite\",\"@id\":\"https:\/\/www.micro-mega.com\/en\/#website\",\"url\":\"https:\/\/www.micro-mega.com\/en\/\",\"name\":\"MicroMega\",\"description\":\"Dispositifs m\u00e9dicaux destin\u00e9s \u00e0 la chirurgie dentaire\",\"publisher\":{\"@id\":\"https:\/\/www.micro-mega.com\/en\/#organization\"},\"potentialAction\":[{\"@type\":\"SearchAction\",\"target\":{\"@type\":\"EntryPoint\",\"urlTemplate\":\"https:\/\/www.micro-mega.com\/en\/?s={search_term_string}\"},\"query-input\":{\"@type\":\"PropertyValueSpecification\",\"valueRequired\":true,\"valueName\":\"search_term_string\"}}],\"inLanguage\":\"en-US\"},{\"@type\":\"Organization\",\"@id\":\"https:\/\/www.micro-mega.com\/en\/#Organization\/\",\"name\":\"Micro-Mega\",\"url\":\"https:\/\/www.micro-mega.com\/en\/\",\"logo\":{\"@type\":\"ImageObject\",\"inLanguage\":\"en-US\",\"@id\":\"https:\/\/www.micro-mega.com\/en\/#\/schema\/logo\/image\/\",\"url\":\"https:\/\/www.micro-mega.com\/wp-content\/uploads\/2025\/02\/Logo-MM-Horizontal-Original_web-png.webp\",\"contentUrl\":\"https:\/\/www.micro-mega.com\/wp-content\/uploads\/2025\/02\/Logo-MM-Horizontal-Original_web-png.webp\",\"width\":1200,\"height\":300,\"caption\":\"MicroMega\"},\"image\":{\"@id\":\"https:\/\/www.micro-mega.com\/en\/#\/schema\/logo\/image\/\"}}]}<\/script>\n<!-- \/ Yoast SEO plugin. -->","yoast_head_json":{"title":"Irrigation and Obturation Solutions - Micro-Mega","description":"Endodontic irrigation and obturation solutions for optimal disinfection and a hermetic seal of root canals","robots":{"index":"index","follow":"follow","max-snippet":"max-snippet:-1","max-image-preview":"max-image-preview:large","max-video-preview":"max-video-preview:-1"},"canonical":"https:\/\/www.micro-mega.com\/en\/products\/irrigation-solutions\/","og_locale":"en_US","og_type":"article","og_title":"Irrigation and Obturation Solutions - Micro-Mega","og_description":"Endodontic irrigation and obturation solutions for optimal disinfection and a hermetic seal of root canals","og_url":"https:\/\/www.micro-mega.com\/en\/products\/irrigation-solutions\/","og_site_name":"Micro-Mega","article_modified_time":"2026-02-05T10:39:53+00:00","og_image":[{"width":1949,"height":1199,"url":"https:\/\/www.micro-mega.com\/wp-content\/uploads\/2025\/02\/CanalPro-NaOCI-6-new-png.webp","type":"image\/png"}],"twitter_card":"summary_large_image","twitter_misc":{"Est. reading time":"2 minutes"},"schema":{"@context":"https:\/\/schema.org","@graph":[{"@type":"WebPage","@id":"https:\/\/www.micro-mega.com\/en\/products\/irrigation-solutions\/","url":"https:\/\/www.micro-mega.com\/en\/products\/irrigation-solutions\/","name":"Irrigation and Obturation Solutions - Micro-Mega","isPartOf":{"@id":"https:\/\/www.micro-mega.com\/en\/#website"},"primaryImageOfPage":{"@id":"https:\/\/www.micro-mega.com\/en\/products\/irrigation-solutions\/#primaryimage"},"image":{"@id":"https:\/\/www.micro-mega.com\/en\/products\/irrigation-solutions\/#primaryimage"},"thumbnailUrl":"https:\/\/www.micro-mega.com\/wp-content\/uploads\/2025\/02\/CanalPro-NaOCI-6-new-png.webp","datePublished":"2024-12-11T14:02:53+00:00","dateModified":"2026-02-05T10:39:53+00:00","description":"Endodontic irrigation and obturation solutions for optimal disinfection and a hermetic seal of root canals","breadcrumb":{"@id":"https:\/\/www.micro-mega.com\/en\/products\/irrigation-solutions\/#breadcrumb"},"inLanguage":"en-US","potentialAction":[{"@type":"ReadAction","target":["https:\/\/www.micro-mega.com\/en\/products\/irrigation-solutions\/"]}]},{"@type":"ImageObject","inLanguage":"en-US","@id":"https:\/\/www.micro-mega.com\/en\/products\/irrigation-solutions\/#primaryimage","url":"https:\/\/www.micro-mega.com\/wp-content\/uploads\/2025\/02\/CanalPro-NaOCI-6-new-png.webp","contentUrl":"https:\/\/www.micro-mega.com\/wp-content\/uploads\/2025\/02\/CanalPro-NaOCI-6-new-png.webp","width":1949,"height":1199},{"@type":"BreadcrumbList","@id":"https:\/\/www.micro-mega.com\/en\/products\/irrigation-solutions\/#breadcrumb","itemListElement":[{"@type":"ListItem","position":1,"name":"Accueil","item":"https:\/\/www.micro-mega.com\/en\/"},{"@type":"ListItem","position":2,"name":"Products","item":"https:\/\/www.micro-mega.com\/en\/products\/"},{"@type":"ListItem","position":3,"name":"Irrigation and Obturation Solutions"}]},{"@type":"WebSite","@id":"https:\/\/www.micro-mega.com\/en\/#website","url":"https:\/\/www.micro-mega.com\/en\/","name":"MicroMega","description":"Dispositifs m\u00e9dicaux destin\u00e9s \u00e0 la chirurgie dentaire","publisher":{"@id":"https:\/\/www.micro-mega.com\/en\/#organization"},"potentialAction":[{"@type":"SearchAction","target":{"@type":"EntryPoint","urlTemplate":"https:\/\/www.micro-mega.com\/en\/?s={search_term_string}"},"query-input":{"@type":"PropertyValueSpecification","valueRequired":true,"valueName":"search_term_string"}}],"inLanguage":"en-US"},{"@type":"Organization","@id":"https:\/\/www.micro-mega.com\/en\/#Organization\/","name":"Micro-Mega","url":"https:\/\/www.micro-mega.com\/en\/","logo":{"@type":"ImageObject","inLanguage":"en-US","@id":"https:\/\/www.micro-mega.com\/en\/#\/schema\/logo\/image\/","url":"https:\/\/www.micro-mega.com\/wp-content\/uploads\/2025\/02\/Logo-MM-Horizontal-Original_web-png.webp","contentUrl":"https:\/\/www.micro-mega.com\/wp-content\/uploads\/2025\/02\/Logo-MM-Horizontal-Original_web-png.webp","width":1200,"height":300,"caption":"MicroMega"},"image":{"@id":"https:\/\/www.micro-mega.com\/en\/#\/schema\/logo\/image\/"}}]}},"_links":{"self":[{"href":"https:\/\/www.micro-mega.com\/en\/wp-json\/wp\/v2\/pages\/8363","targetHints":{"allow":["GET"]}}],"collection":[{"href":"https:\/\/www.micro-mega.com\/en\/wp-json\/wp\/v2\/pages"}],"about":[{"href":"https:\/\/www.micro-mega.com\/en\/wp-json\/wp\/v2\/types\/page"}],"author":[{"embeddable":true,"href":"https:\/\/www.micro-mega.com\/en\/wp-json\/wp\/v2\/users\/1"}],"replies":[{"embeddable":true,"href":"https:\/\/www.micro-mega.com\/en\/wp-json\/wp\/v2\/comments?post=8363"}],"version-history":[{"count":8,"href":"https:\/\/www.micro-mega.com\/en\/wp-json\/wp\/v2\/pages\/8363\/revisions"}],"predecessor-version":[{"id":12837,"href":"https:\/\/www.micro-mega.com\/en\/wp-json\/wp\/v2\/pages\/8363\/revisions\/12837"}],"up":[{"embeddable":true,"href":"https:\/\/www.micro-mega.com\/en\/wp-json\/wp\/v2\/pages\/8267"}],"wp:featuredmedia":[{"embeddable":true,"href":"https:\/\/www.micro-mega.com\/en\/wp-json\/wp\/v2\/media\/6859"}],"wp:attachment":[{"href":"https:\/\/www.micro-mega.com\/en\/wp-json\/wp\/v2\/media?parent=8363"}],"wp:term":[{"taxonomy":"category","embeddable":true,"href":"https:\/\/www.micro-mega.com\/en\/wp-json\/wp\/v2\/categories?post=8363"},{"taxonomy":"post_tag","embeddable":true,"href":"https:\/\/www.micro-mega.com\/en\/wp-json\/wp\/v2\/tags?post=8363"}],"curies":[{"name":"wp","href":"https:\/\/api.w.org\/{rel}","templated":true}]}}