{"id":8410,"date":"2024-12-04T09:26:04","date_gmt":"2024-12-04T08:26:04","guid":{"rendered":"https:\/\/www.micro-mega.com\/contact\/"},"modified":"2025-04-14T15:42:45","modified_gmt":"2025-04-14T13:42:45","slug":"contact","status":"publish","type":"page","link":"https:\/\/www.micro-mega.com\/en\/contact\/","title":{"rendered":"Contact"},"content":{"rendered":"\t\t<div data-elementor-type=\"wp-page\" data-elementor-id=\"8410\" class=\"elementor elementor-8410 elementor-92\" data-elementor-post-type=\"page\">\n\t\t\t\t<div class=\"elementor-element elementor-element-3ef691b animated-fast e-flex e-con-boxed elementor-invisible e-con e-parent\" data-id=\"3ef691b\" data-element_type=\"container\" data-e-type=\"container\" data-settings=\"{&quot;animation&quot;:&quot;fadeIn&quot;,&quot;animation_delay&quot;:300}\">\n\t\t\t\t\t<div class=\"e-con-inner\">\n\t\t<div class=\"elementor-element elementor-element-89d04df e-flex e-con-boxed e-con e-child\" data-id=\"89d04df\" data-element_type=\"container\" data-e-type=\"container\" data-settings=\"{&quot;background_background&quot;:&quot;classic&quot;}\">\n\t\t\t\t\t<div class=\"e-con-inner\">\n\t\t\t\t<div class=\"elementor-element elementor-element-2e46813 elementor-widget elementor-widget-heading\" data-id=\"2e46813\" data-element_type=\"widget\" data-e-type=\"widget\" data-widget_type=\"heading.default\">\n\t\t\t\t<div class=\"elementor-widget-container\">\n\t\t\t\t\t<h1 class=\"elementor-heading-title elementor-size-default\">Contact us<\/h1>\t\t\t\t<\/div>\n\t\t\t\t<\/div>\n\t\t\t\t<div class=\"elementor-element elementor-element-17f1436 elementor-widget elementor-widget-nt_widget_breadcrumb\" data-id=\"17f1436\" data-element_type=\"widget\" data-e-type=\"widget\" data-widget_type=\"nt_widget_breadcrumb.default\">\n\t\t\t\t<div class=\"elementor-widget-container\">\n\t\t\t\t\t<div class=\"nt-breadcrumb-wrapper\">\r\n    <div class=\"nt-breadcrumb\" id=\"breadcrumbs\"><ul><li><a href=\"https:\/\/www.micro-mega.com\/en\/\">Home<\/a><\/li><\/ul><\/div><\/div>\r\n\t\t\t\t<\/div>\n\t\t\t\t<\/div>\n\t\t\t\t\t<\/div>\n\t\t\t\t<\/div>\n\t\t\t\t\t<\/div>\n\t\t\t\t<\/div>\n\t\t<div class=\"elementor-element elementor-element-d12728a e-flex e-con-boxed e-con e-parent\" data-id=\"d12728a\" data-element_type=\"container\" data-e-type=\"container\">\n\t\t\t\t\t<div class=\"e-con-inner\">\n\t\t<div class=\"elementor-element elementor-element-c4a0b70 e-con-full e-flex e-con e-child\" data-id=\"c4a0b70\" data-element_type=\"container\" data-e-type=\"container\">\n\t\t\t\t<div class=\"elementor-element elementor-element-3d615bb elementor-widget elementor-widget-html\" data-id=\"3d615bb\" data-element_type=\"widget\" data-e-type=\"widget\" data-widget_type=\"html.default\">\n\t\t\t\t<div class=\"elementor-widget-container\">\n\t\t\t\t\t<iframe src=\"https:\/\/www.google.com\/maps\/embed?pb=!1m18!1m12!1m3!1d3396789.5734641305!2d5.450047777062539!3d47.2167063726862!2m3!1f0!2f0!3f0!3m2!1i1024!2i768!4f13.1!3m3!1m2!1s0x478d62e22fe648ef%3A0x5766dd307673636a!2sMicro-Mega%20SA!5e0!3m2!1sfr!2sfr!4v1741083946480!5m2!1sfr!2sfr\" height=\"625\" style=\"border:0;\" allowfullscreen=\"\" loading=\"lazy\" referrerpolicy=\"no-referrer-when-downgrade\"><\/iframe>\t\t\t\t<\/div>\n\t\t\t\t<\/div>\n\t\t\t\t<\/div>\n\t\t<div class=\"elementor-element elementor-element-272024c e-con-full e-flex e-con e-child\" data-id=\"272024c\" data-element_type=\"container\" data-e-type=\"container\">\n\t\t\t\t<div class=\"elementor-element elementor-element-263749d elementor-widget elementor-widget-theme-site-logo elementor-widget-image\" data-id=\"263749d\" data-element_type=\"widget\" data-e-type=\"widget\" data-widget_type=\"theme-site-logo.default\">\n\t\t\t\t<div class=\"elementor-widget-container\">\n\t\t\t\t\t\t\t\t\t\t\t<a href=\"https:\/\/www.micro-mega.com\/en\/\">\n\t\t\t<img decoding=\"async\" width=\"300\" height=\"75\" src=\"https:\/\/www.micro-mega.com\/wp-content\/uploads\/2025\/02\/Logo-MM-Horizontal-Original_web-300x75.webp\" class=\"attachment-medium size-medium wp-image-7020\" alt=\"logo &quot;MicroMega&quot; endo\" srcset=\"https:\/\/www.micro-mega.com\/wp-content\/uploads\/2025\/02\/Logo-MM-Horizontal-Original_web-300x75.webp 300w, https:\/\/www.micro-mega.com\/wp-content\/uploads\/2025\/02\/Logo-MM-Horizontal-Original_web-1024x256.webp 1024w, https:\/\/www.micro-mega.com\/wp-content\/uploads\/2025\/02\/Logo-MM-Horizontal-Original_web-768x192.webp 768w, https:\/\/www.micro-mega.com\/wp-content\/uploads\/2025\/02\/Logo-MM-Horizontal-Original_web.png 1200w\" sizes=\"(max-width: 300px) 100vw, 300px\" \/>\t\t\t\t<\/a>\n\t\t\t\t\t\t\t\t\t\t\t<\/div>\n\t\t\t\t<\/div>\n\t\t\t\t<div class=\"elementor-element elementor-element-d4ad070 elementor-widget elementor-widget-text-editor\" data-id=\"d4ad070\" data-element_type=\"widget\" data-e-type=\"widget\" data-widget_type=\"text-editor.default\">\n\t\t\t\t<div class=\"elementor-widget-container\">\n\t\t\t\t\t\t\t\t\t<div class=\"wpb_text_column wpb_content_element \"><div class=\"wpb_wrapper\"><p>12 rue du Tunnel<br>25000 BESANCON<br>FRANCE<br>Phone: +33 (0)3 81 54 42 42<\/p><\/div><\/div>\t\t\t\t\t\t\t\t<\/div>\n\t\t\t\t<\/div>\n\t\t\t\t<div class=\"elementor-element elementor-element-0d10958 elementor-button-align-stretch elementor-widget elementor-widget-form\" data-id=\"0d10958\" data-element_type=\"widget\" data-e-type=\"widget\" data-settings=\"{&quot;step_next_label&quot;:&quot;Next&quot;,&quot;step_previous_label&quot;:&quot;Previous&quot;,&quot;button_width&quot;:&quot;100&quot;,&quot;step_type&quot;:&quot;number_text&quot;,&quot;step_icon_shape&quot;:&quot;circle&quot;}\" data-widget_type=\"form.default\">\n\t\t\t\t<div class=\"elementor-widget-container\">\n\t\t\t\t\t\t\t<form class=\"elementor-form\" method=\"post\" name=\"Nouveau formulaire\" aria-label=\"Nouveau formulaire\">\n\t\t\t<input type=\"hidden\" name=\"post_id\" value=\"8410\"\/>\n\t\t\t<input type=\"hidden\" name=\"form_id\" value=\"0d10958\"\/>\n\t\t\t<input type=\"hidden\" name=\"referer_title\" value=\"Contact - Micro-Mega\" \/>\n\n\t\t\t\t\t\t\t<input type=\"hidden\" name=\"queried_id\" value=\"8410\"\/>\n\t\t\t\n\t\t\t<div class=\"elementor-form-fields-wrapper elementor-labels-\">\n\t\t\t\t\t\t\t\t<div class=\"elementor-field-type-select elementor-field-group elementor-column elementor-field-group-field_d4418fd elementor-col-100\">\n\t\t\t\t\t\t\t\t\t\t\t\t<label for=\"form-field-field_d4418fd\" class=\"elementor-field-label elementor-screen-only\">\n\t\t\t\t\t\t\t\tSelect your department\t\t\t\t\t\t\t<\/label>\n\t\t\t\t\t\t\t\t<div class=\"elementor-field elementor-select-wrapper remove-before \">\n\t\t\t<div class=\"select-caret-down-wrapper\">\n\t\t\t\t<svg aria-hidden=\"true\" class=\"e-font-icon-svg e-eicon-caret-down\" viewBox=\"0 0 571.4 571.4\" xmlns=\"http:\/\/www.w3.org\/2000\/svg\"><path d=\"M571 393Q571 407 561 418L311 668Q300 679 286 679T261 668L11 418Q0 407 0 393T11 368 36 357H536Q550 357 561 368T571 393Z\"><\/path><\/svg>\t\t\t<\/div>\n\t\t\t<select name=\"form_fields[field_d4418fd]\" id=\"form-field-field_d4418fd\" class=\"elementor-field-textual elementor-size-sm\">\n\t\t\t\t\t\t\t\t\t<option value=\"Select your department :\">Select your department :<\/option>\n\t\t\t\t\t\t\t\t\t<option value=\"customer.service@micro-mega.com\">Customer Service<\/option>\n\t\t\t\t\t\t\t\t\t<option value=\"mm.sales@coltene.com\">Sales department<\/option>\n\t\t\t\t\t\t\t\t\t<option value=\"mm_marketing@coltene.com\">Marketing department<\/option>\n\t\t\t\t\t\t\t\t\t<option value=\"branded.products.mm@coltene.com\">Product information<\/option>\n\t\t\t\t\t\t\t\t\t<option value=\"stephane.claude@coltene.com\">Private Label<\/option>\n\t\t\t\t\t\t\t<\/select>\n\t\t<\/div>\n\t\t\t\t\t\t<\/div>\n\t\t\t\t\t\t\t\t<div class=\"elementor-field-type-text elementor-field-group elementor-column elementor-field-group-name elementor-col-50\">\n\t\t\t\t\t\t\t\t\t\t\t\t<label for=\"form-field-name\" class=\"elementor-field-label elementor-screen-only\">\n\t\t\t\t\t\t\t\tLast name\t\t\t\t\t\t\t<\/label>\n\t\t\t\t\t\t\t\t\t\t\t\t\t\t<input size=\"1\" type=\"text\" name=\"form_fields[name]\" id=\"form-field-name\" class=\"elementor-field elementor-size-sm  elementor-field-textual\" placeholder=\"Last name*\">\n\t\t\t\t\t\t\t\t\t\t\t<\/div>\n\t\t\t\t\t\t\t\t<div class=\"elementor-field-type-text elementor-field-group elementor-column elementor-field-group-field_a127df0 elementor-col-50\">\n\t\t\t\t\t\t\t\t\t\t\t\t<label for=\"form-field-field_a127df0\" class=\"elementor-field-label elementor-screen-only\">\n\t\t\t\t\t\t\t\tName\t\t\t\t\t\t\t<\/label>\n\t\t\t\t\t\t\t\t\t\t\t\t\t\t<input size=\"1\" type=\"text\" name=\"form_fields[field_a127df0]\" id=\"form-field-field_a127df0\" class=\"elementor-field elementor-size-sm  elementor-field-textual\" placeholder=\"Name\">\n\t\t\t\t\t\t\t\t\t\t\t<\/div>\n\t\t\t\t\t\t\t\t<div class=\"elementor-field-type-email elementor-field-group elementor-column elementor-field-group-email elementor-col-50 elementor-field-required\">\n\t\t\t\t\t\t\t\t\t\t\t\t<label for=\"form-field-email\" class=\"elementor-field-label elementor-screen-only\">\n\t\t\t\t\t\t\t\tE-mail\t\t\t\t\t\t\t<\/label>\n\t\t\t\t\t\t\t\t\t\t\t\t\t\t<input size=\"1\" type=\"email\" name=\"form_fields[email]\" id=\"form-field-email\" class=\"elementor-field elementor-size-sm  elementor-field-textual\" placeholder=\"E-mail*\" required=\"required\">\n\t\t\t\t\t\t\t\t\t\t\t<\/div>\n\t\t\t\t\t\t\t\t<div class=\"elementor-field-type-tel elementor-field-group elementor-column elementor-field-group-field_2079535 elementor-col-50\">\n\t\t\t\t\t\t\t\t\t\t\t\t<label for=\"form-field-field_2079535\" class=\"elementor-field-label elementor-screen-only\">\n\t\t\t\t\t\t\t\tPhone number\t\t\t\t\t\t\t<\/label>\n\t\t\t\t\t\t\t\t<input size=\"1\" type=\"tel\" name=\"form_fields[field_2079535]\" id=\"form-field-field_2079535\" class=\"elementor-field elementor-size-sm  elementor-field-textual\" placeholder=\"Phone number\" pattern=\"[0-9()#&amp;+*-=.]+\" title=\"Only numbers and phone characters (#, -, *, etc) are accepted.\">\n\n\t\t\t\t\t\t<\/div>\n\t\t\t\t\t\t\t\t<div class=\"elementor-field-type-textarea elementor-field-group elementor-column elementor-field-group-message elementor-col-100\">\n\t\t\t\t\t\t\t\t\t\t\t\t<label for=\"form-field-message\" class=\"elementor-field-label elementor-screen-only\">\n\t\t\t\t\t\t\t\tMessage\t\t\t\t\t\t\t<\/label>\n\t\t\t\t\t\t<textarea class=\"elementor-field-textual elementor-field  elementor-size-sm\" name=\"form_fields[message]\" id=\"form-field-message\" rows=\"4\" placeholder=\"Message\"><\/textarea>\t\t\t\t<\/div>\n\t\t\t\t\t\t\t\t<div class=\"elementor-field-type-acceptance elementor-field-group elementor-column elementor-field-group-field_e315da2 elementor-col-100 elementor-field-required\">\n\t\t\t\t\t\t\t<div class=\"elementor-field-subgroup\">\n\t\t\t<span class=\"elementor-field-option\">\n\t\t\t\t<input type=\"checkbox\" name=\"form_fields[field_e315da2]\" id=\"form-field-field_e315da2\" class=\"elementor-field elementor-size-sm  elementor-acceptance-field\" required=\"required\">\n\t\t\t\t<label for=\"form-field-field_e315da2\">By submitting this form, I agree that my data will be used, in order to contact me again concerning my request, no processing will be carried out with these data.<\/label>\t\t\t<\/span>\n\t\t<\/div>\n\t\t\t\t\t\t<\/div>\n\t\t\t\t\t\t\t\t<div class=\"elementor-field-type-recaptcha_v3 elementor-field-group elementor-column elementor-field-group-field_e7f0e6b elementor-col-100 recaptcha_v3-bottomright\">\n\t\t\t\t\t<div class=\"elementor-field\" id=\"form-field-field_e7f0e6b\"><div class=\"elementor-g-recaptcha\" data-sitekey=\"6LeoSJgUAAAAAKOHFULLzn2mK9RVLOQsD2v6GVaT\" data-type=\"v3\" data-action=\"Form\" data-badge=\"bottomright\" data-size=\"invisible\"><\/div><\/div>\t\t\t\t<\/div>\n\t\t\t\t\t\t\t\t<div class=\"elementor-field-group elementor-column elementor-field-type-submit elementor-col-100 e-form__buttons\">\n\t\t\t\t\t<button class=\"elementor-button elementor-size-sm\" type=\"submit\">\n\t\t\t\t\t\t<span class=\"elementor-button-content-wrapper\">\n\t\t\t\t\t\t\t\t\t\t\t\t\t\t\t\t\t\t\t\t\t\t<span class=\"elementor-button-text\">Send<\/span>\n\t\t\t\t\t\t\t\t\t\t\t\t\t<\/span>\n\t\t\t\t\t<\/button>\n\t\t\t\t<\/div>\n\t\t\t<\/div>\n\t\t<\/form>\n\t\t\t\t\t\t<\/div>\n\t\t\t\t<\/div>\n\t\t\t\t<\/div>\n\t\t\t\t\t<\/div>\n\t\t\t\t<\/div>\n\t\t<div class=\"elementor-element elementor-element-7a82ff8 e-flex e-con-boxed e-con e-parent\" data-id=\"7a82ff8\" data-element_type=\"container\" data-e-type=\"container\">\n\t\t\t\t\t<div class=\"e-con-inner\">\n\t\t\t\t<div class=\"elementor-element elementor-element-4e4bbd5 elementor-widget elementor-widget-heading\" data-id=\"4e4bbd5\" data-element_type=\"widget\" data-e-type=\"widget\" id=\"worldmap\" data-widget_type=\"heading.default\">\n\t\t\t\t<div class=\"elementor-widget-container\">\n\t\t\t\t\t<h2 class=\"elementor-heading-title elementor-size-default\">Your contact according to your country: <\/h2>\t\t\t\t<\/div>\n\t\t\t\t<\/div>\n\t\t\t\t<div class=\"elementor-element elementor-element-ca5f971 elementor-widget elementor-widget-igmap\" data-id=\"ca5f971\" data-element_type=\"widget\" data-e-type=\"widget\" data-widget_type=\"igmap.default\">\n\t\t\t\t<div class=\"elementor-widget-container\">\n\t\t\t\t\t<div class=\"igmap-elementor-widget\"><div class=\"map_wrapper\" id=\"map_wrapper_8734\">\n<div class=\"map_box\" style=\"max-width:2000px\">\n<div class=\"map_aspect_ratio\" style=\"padding-top:56%\" data-padding-top=\"56%\" data-padding-top-mobile=\"0%\">\n<div class=\"map_container\">\n<div class=\"map_render map_loading\" id=\"map_8734\"><\/div>\n<\/div>\n<\/div>\n<\/div>\n<\/div><\/div>\t\t\t\t<\/div>\n\t\t\t\t<\/div>\n\t\t\t\t\t<\/div>\n\t\t\t\t<\/div>\n\t\t\t\t<\/div>\n\t\t","protected":false},"excerpt":{"rendered":"<p>Contact us Home 12 rue du Tunnel25000 BESANCONFRANCEPhone: +33 (0)3 81 54 42 42 Your contact according to your country: Preview Only<\/p>\n","protected":false},"author":1,"featured_media":0,"parent":0,"menu_order":6,"comment_status":"closed","ping_status":"closed","template":"","meta":{"_acf_changed":false,"footnotes":""},"categories":[],"tags":[],"class_list":["post-8410","page","type-page","status-publish","hentry"],"acf":[],"yoast_head":"<!-- This site is optimized with the Yoast SEO plugin v27.1.1 - https:\/\/yoast.com\/product\/yoast-seo-wordpress\/ -->\n<title>Contact - Micro-Mega<\/title>\n<meta name=\"description\" content=\"Contact our team using the form below for any questions or information requests. We are at your disposal.\" \/>\n<meta name=\"robots\" content=\"index, follow, max-snippet:-1, max-image-preview:large, max-video-preview:-1\" \/>\n<link rel=\"canonical\" href=\"https:\/\/www.micro-mega.com\/en\/contact\/\" \/>\n<meta property=\"og:locale\" content=\"en_US\" \/>\n<meta property=\"og:type\" content=\"article\" \/>\n<meta property=\"og:title\" content=\"Contact - Micro-Mega\" \/>\n<meta property=\"og:description\" content=\"Contact our team using the form below for any questions or information requests. We are at your disposal.\" \/>\n<meta property=\"og:url\" content=\"https:\/\/www.micro-mega.com\/en\/contact\/\" \/>\n<meta property=\"og:site_name\" content=\"Micro-Mega\" \/>\n<meta property=\"article:modified_time\" content=\"2025-04-14T13:42:45+00:00\" \/>\n<meta name=\"twitter:card\" content=\"summary_large_image\" \/>\n<meta name=\"twitter:label1\" content=\"Est. reading time\" \/>\n\t<meta name=\"twitter:data1\" content=\"1 minute\" \/>\n<script type=\"application\/ld+json\" class=\"yoast-schema-graph\">{\"@context\":\"https:\/\/schema.org\",\"@graph\":[{\"@type\":\"WebPage\",\"@id\":\"https:\/\/www.micro-mega.com\/en\/contact\/\",\"url\":\"https:\/\/www.micro-mega.com\/en\/contact\/\",\"name\":\"Contact - Micro-Mega\",\"isPartOf\":{\"@id\":\"https:\/\/www.micro-mega.com\/en\/#website\"},\"datePublished\":\"2024-12-04T08:26:04+00:00\",\"dateModified\":\"2025-04-14T13:42:45+00:00\",\"description\":\"Contact our team using the form below for any questions or information requests. We are at your disposal.\",\"breadcrumb\":{\"@id\":\"https:\/\/www.micro-mega.com\/en\/contact\/#breadcrumb\"},\"inLanguage\":\"en-US\",\"potentialAction\":[{\"@type\":\"ReadAction\",\"target\":[\"https:\/\/www.micro-mega.com\/en\/contact\/\"]}]},{\"@type\":\"BreadcrumbList\",\"@id\":\"https:\/\/www.micro-mega.com\/en\/contact\/#breadcrumb\",\"itemListElement\":[{\"@type\":\"ListItem\",\"position\":1,\"name\":\"Accueil\",\"item\":\"https:\/\/www.micro-mega.com\/en\/\"},{\"@type\":\"ListItem\",\"position\":2,\"name\":\"Contact\"}]},{\"@type\":\"WebSite\",\"@id\":\"https:\/\/www.micro-mega.com\/en\/#website\",\"url\":\"https:\/\/www.micro-mega.com\/en\/\",\"name\":\"MicroMega\",\"description\":\"Dispositifs m\u00e9dicaux destin\u00e9s \u00e0 la chirurgie dentaire\",\"publisher\":{\"@id\":\"https:\/\/www.micro-mega.com\/en\/#organization\"},\"potentialAction\":[{\"@type\":\"SearchAction\",\"target\":{\"@type\":\"EntryPoint\",\"urlTemplate\":\"https:\/\/www.micro-mega.com\/en\/?s={search_term_string}\"},\"query-input\":{\"@type\":\"PropertyValueSpecification\",\"valueRequired\":true,\"valueName\":\"search_term_string\"}}],\"inLanguage\":\"en-US\"},{\"@type\":\"Organization\",\"@id\":\"https:\/\/www.micro-mega.com\/en\/#Organization\/\",\"name\":\"Micro-Mega\",\"url\":\"https:\/\/www.micro-mega.com\/en\/\",\"logo\":{\"@type\":\"ImageObject\",\"inLanguage\":\"en-US\",\"@id\":\"https:\/\/www.micro-mega.com\/en\/#\/schema\/logo\/image\/\",\"url\":\"https:\/\/www.micro-mega.com\/wp-content\/uploads\/2025\/02\/Logo-MM-Horizontal-Original_web-png.webp\",\"contentUrl\":\"https:\/\/www.micro-mega.com\/wp-content\/uploads\/2025\/02\/Logo-MM-Horizontal-Original_web-png.webp\",\"width\":1200,\"height\":300,\"caption\":\"MicroMega\"},\"image\":{\"@id\":\"https:\/\/www.micro-mega.com\/en\/#\/schema\/logo\/image\/\"}}]}<\/script>\n<!-- \/ Yoast SEO plugin. -->","yoast_head_json":{"title":"Contact - Micro-Mega","description":"Contact our team using the form below for any questions or information requests. We are at your disposal.","robots":{"index":"index","follow":"follow","max-snippet":"max-snippet:-1","max-image-preview":"max-image-preview:large","max-video-preview":"max-video-preview:-1"},"canonical":"https:\/\/www.micro-mega.com\/en\/contact\/","og_locale":"en_US","og_type":"article","og_title":"Contact - Micro-Mega","og_description":"Contact our team using the form below for any questions or information requests. We are at your disposal.","og_url":"https:\/\/www.micro-mega.com\/en\/contact\/","og_site_name":"Micro-Mega","article_modified_time":"2025-04-14T13:42:45+00:00","twitter_card":"summary_large_image","twitter_misc":{"Est. reading time":"1 minute"},"schema":{"@context":"https:\/\/schema.org","@graph":[{"@type":"WebPage","@id":"https:\/\/www.micro-mega.com\/en\/contact\/","url":"https:\/\/www.micro-mega.com\/en\/contact\/","name":"Contact - Micro-Mega","isPartOf":{"@id":"https:\/\/www.micro-mega.com\/en\/#website"},"datePublished":"2024-12-04T08:26:04+00:00","dateModified":"2025-04-14T13:42:45+00:00","description":"Contact our team using the form below for any questions or information requests. We are at your disposal.","breadcrumb":{"@id":"https:\/\/www.micro-mega.com\/en\/contact\/#breadcrumb"},"inLanguage":"en-US","potentialAction":[{"@type":"ReadAction","target":["https:\/\/www.micro-mega.com\/en\/contact\/"]}]},{"@type":"BreadcrumbList","@id":"https:\/\/www.micro-mega.com\/en\/contact\/#breadcrumb","itemListElement":[{"@type":"ListItem","position":1,"name":"Accueil","item":"https:\/\/www.micro-mega.com\/en\/"},{"@type":"ListItem","position":2,"name":"Contact"}]},{"@type":"WebSite","@id":"https:\/\/www.micro-mega.com\/en\/#website","url":"https:\/\/www.micro-mega.com\/en\/","name":"MicroMega","description":"Dispositifs m\u00e9dicaux destin\u00e9s \u00e0 la chirurgie dentaire","publisher":{"@id":"https:\/\/www.micro-mega.com\/en\/#organization"},"potentialAction":[{"@type":"SearchAction","target":{"@type":"EntryPoint","urlTemplate":"https:\/\/www.micro-mega.com\/en\/?s={search_term_string}"},"query-input":{"@type":"PropertyValueSpecification","valueRequired":true,"valueName":"search_term_string"}}],"inLanguage":"en-US"},{"@type":"Organization","@id":"https:\/\/www.micro-mega.com\/en\/#Organization\/","name":"Micro-Mega","url":"https:\/\/www.micro-mega.com\/en\/","logo":{"@type":"ImageObject","inLanguage":"en-US","@id":"https:\/\/www.micro-mega.com\/en\/#\/schema\/logo\/image\/","url":"https:\/\/www.micro-mega.com\/wp-content\/uploads\/2025\/02\/Logo-MM-Horizontal-Original_web-png.webp","contentUrl":"https:\/\/www.micro-mega.com\/wp-content\/uploads\/2025\/02\/Logo-MM-Horizontal-Original_web-png.webp","width":1200,"height":300,"caption":"MicroMega"},"image":{"@id":"https:\/\/www.micro-mega.com\/en\/#\/schema\/logo\/image\/"}}]}},"_links":{"self":[{"href":"https:\/\/www.micro-mega.com\/en\/wp-json\/wp\/v2\/pages\/8410","targetHints":{"allow":["GET"]}}],"collection":[{"href":"https:\/\/www.micro-mega.com\/en\/wp-json\/wp\/v2\/pages"}],"about":[{"href":"https:\/\/www.micro-mega.com\/en\/wp-json\/wp\/v2\/types\/page"}],"author":[{"embeddable":true,"href":"https:\/\/www.micro-mega.com\/en\/wp-json\/wp\/v2\/users\/1"}],"replies":[{"embeddable":true,"href":"https:\/\/www.micro-mega.com\/en\/wp-json\/wp\/v2\/comments?post=8410"}],"version-history":[{"count":10,"href":"https:\/\/www.micro-mega.com\/en\/wp-json\/wp\/v2\/pages\/8410\/revisions"}],"predecessor-version":[{"id":9024,"href":"https:\/\/www.micro-mega.com\/en\/wp-json\/wp\/v2\/pages\/8410\/revisions\/9024"}],"wp:attachment":[{"href":"https:\/\/www.micro-mega.com\/en\/wp-json\/wp\/v2\/media?parent=8410"}],"wp:term":[{"taxonomy":"category","embeddable":true,"href":"https:\/\/www.micro-mega.com\/en\/wp-json\/wp\/v2\/categories?post=8410"},{"taxonomy":"post_tag","embeddable":true,"href":"https:\/\/www.micro-mega.com\/en\/wp-json\/wp\/v2\/tags?post=8410"}],"curies":[{"name":"wp","href":"https:\/\/api.w.org\/{rel}","templated":true}]}}