{"id":8420,"date":"2024-12-05T08:59:39","date_gmt":"2024-12-05T07:59:39","guid":{"rendered":"https:\/\/www.micro-mega.com\/my-mm-log-in\/"},"modified":"2026-04-29T16:37:34","modified_gmt":"2026-04-29T14:37:34","slug":"my-mm-log-in","status":"publish","type":"page","link":"https:\/\/www.micro-mega.com\/en\/my-mm-log-in\/","title":{"rendered":"My MM Log in"},"content":{"rendered":"\t\t<div data-elementor-type=\"wp-page\" data-elementor-id=\"8420\" class=\"elementor elementor-8420 elementor-171\" data-elementor-post-type=\"page\">\n\t\t\t\t<div class=\"elementor-element elementor-element-1b8d575 e-flex e-con-boxed e-con e-parent\" data-id=\"1b8d575\" data-element_type=\"container\" data-e-type=\"container\">\n\t\t\t\t\t<div class=\"e-con-inner\">\n\t\t\t\t<div class=\"elementor-element elementor-element-4510bb3 elementor-widget elementor-widget-heading\" data-id=\"4510bb3\" data-element_type=\"widget\" data-e-type=\"widget\" data-widget_type=\"heading.default\">\n\t\t\t\t<div class=\"elementor-widget-container\">\n\t\t\t\t\t<p class=\"elementor-heading-title elementor-size-default\">This on-line service requires user registration<\/p>\t\t\t\t<\/div>\n\t\t\t\t<\/div>\n\t\t\t\t\t<\/div>\n\t\t\t\t<\/div>\n\t\t<div class=\"elementor-element elementor-element-1d254ba e-flex e-con-boxed e-con e-parent\" data-id=\"1d254ba\" data-element_type=\"container\" data-e-type=\"container\">\n\t\t\t\t\t<div class=\"e-con-inner\">\n\t\t<div class=\"elementor-element elementor-element-7daca86 e-con-full e-flex e-con e-child\" data-id=\"7daca86\" data-element_type=\"container\" data-e-type=\"container\">\n\t\t\t\t<div class=\"elementor-element elementor-element-c5f1282 elementor-widget elementor-widget-heading\" data-id=\"c5f1282\" data-element_type=\"widget\" data-e-type=\"widget\" data-widget_type=\"heading.default\">\n\t\t\t\t<div class=\"elementor-widget-container\">\n\t\t\t\t\t<h2 class=\"elementor-heading-title elementor-size-default\">Registered users<\/h2>\t\t\t\t<\/div>\n\t\t\t\t<\/div>\n\t\t\t\t<div class=\"elementor-element elementor-element-11cd88b elementor-widget elementor-widget-login\" data-id=\"11cd88b\" data-element_type=\"widget\" data-e-type=\"widget\" data-widget_type=\"login.default\">\n\t\t\t\t<div class=\"elementor-widget-container\">\n\t\t\t\t\t\t\t<form class=\"elementor-login elementor-form\" method=\"post\" action=\"https:\/\/www.micro-mega.com\/en\/wp-login.php\" aria-label=\"Login form\">\n\t\t\t<input type=\"hidden\" name=\"redirect_to\" value=\"\/en\/wp-json\/wp\/v2\/pages\/8420\">\n\t\t\t<div class=\"elementor-form-fields-wrapper\">\n\t\t\t\t<div class=\"elementor-field-type-text elementor-field-group elementor-column elementor-col-100 elementor-field-required\">\n\t\t\t\t\t<label for=\"user-11cd88b\" class=\"elementor-field-label\">E-mail<\/label>\n\t\t\t\t\t<input size=\"1\" type=\"text\" name=\"log\" id=\"user-11cd88b\" placeholder=\"E-mail\" class=\"elementor-field elementor-field-textual elementor-size-sm\">\n\t\t\t\t<\/div>\n\t\t\t\t<div class=\"elementor-field-type-text elementor-field-group elementor-column elementor-col-100 elementor-field-required\">\n\t\t\t\t\t<label for=\"password-11cd88b\" class=\"elementor-field-label\">Password<\/label>\n\t\t\t\t\t<input size=\"1\" type=\"password\" name=\"pwd\" id=\"password-11cd88b\" placeholder=\"Password\" class=\"elementor-field elementor-field-textual elementor-size-sm\">\n\t\t\t\t<\/div>\n\n\t\t\t\t\t\t\t\t\t<div class=\"elementor-field-type-checkbox elementor-field-group elementor-column elementor-col-100 elementor-remember-me\">\n\t\t\t\t\t\t<label for=\"elementor-login-remember-me\">\n\t\t\t\t\t\t\t<input type=\"checkbox\" id=\"elementor-login-remember-me\" name=\"rememberme\" value=\"forever\">\n\t\t\t\t\t\t\tRemember Me\t\t\t\t\t\t<\/label>\n\t\t\t\t\t<\/div>\n\t\t\t\t\n\t\t\t\t<div class=\"elementor-field-group elementor-column elementor-field-type-submit elementor-col-100\">\n\t\t\t\t\t<button type=\"submit\" class=\"elementor-size-sm elementor-button\" name=\"wp-submit\">\n\t\t\t\t\t\t\t\t\t\t\t\t\t\t\t<span class=\"elementor-button-text\">Log in<\/span>\n\t\t\t\t\t\t\t\t\t\t\t\t<\/button>\n\t\t\t\t<\/div>\n\n\t\t\t\t\t\t\t\t\t<div class=\"elementor-field-group elementor-column elementor-col-100\">\n\t\t\t\t\t\t\t\t\t\t\t\t\t\t\t\t\t\t\t\t<a class=\"elementor-lost-password\" href=\"https:\/\/www.micro-mega.com\/en\/wp-login.php?action=lostpassword&redirect_to=%2Fen%2Fwp-json%2Fwp%2Fv2%2Fpages%2F8420\">\n\t\t\t\t\t\t\t\tLost your password?\t\t\t\t\t\t\t<\/a>\n\t\t\t\t\t\t\n\t\t\t\t\t\t\t\t\t\t\t<\/div>\n\t\t\t\t\t\t\t<\/div>\n\t\t<\/form>\n\t\t\t\t\t\t<\/div>\n\t\t\t\t<\/div>\n\t\t\t\t<\/div>\n\t\t<div class=\"elementor-element elementor-element-156b5cf e-con-full e-flex e-con e-child\" data-id=\"156b5cf\" data-element_type=\"container\" data-e-type=\"container\">\n\t\t\t\t<div class=\"elementor-element elementor-element-65cac22 elementor-widget elementor-widget-heading\" data-id=\"65cac22\" data-element_type=\"widget\" data-e-type=\"widget\" data-widget_type=\"heading.default\">\n\t\t\t\t<div class=\"elementor-widget-container\">\n\t\t\t\t\t<h2 class=\"elementor-heading-title elementor-size-default\">New users<\/h2>\t\t\t\t<\/div>\n\t\t\t\t<\/div>\n\t\t\t\t<div class=\"elementor-element elementor-element-a949ade elementor-widget elementor-widget-nt_signup_form\" data-id=\"a949ade\" data-element_type=\"widget\" data-e-type=\"widget\" data-widget_type=\"nt_signup_form.default\">\n\t\t\t\t<div class=\"elementor-widget-container\">\n\t\t\t\t\t<div class=\"nt-form nt-form--signup\">\r\n    <div class=\"nt_form-messages-container\"><\/div>\r\n    <form action=\"\">\r\n        <div class=\"nt-form-line\">\r\n            <label for=\"civilite\">I am<\/label>\r\n            <div class=\"nt-form-field\">\r\n                <select name=\"civilite\" id=\"civilite\">\r\n                    <option value=\"\"><\/option>\r\n                    <option value=\"M.\">Mr.<\/option>\r\n                    <option value=\"Mme\">Mrs.<\/option>\r\n                    <option value=\"Dr\">Dr.<\/option>\r\n                    <option value=\"Pr\">Pr.<\/option>\r\n                    <option value=\"Me\">Me.<\/option>\r\n                <\/select>\r\n            <\/div>\r\n        <\/div>\r\n        <div class=\"nt-form-multiline\">\r\n            <div class=\"nt-form-line\">\r\n                <label for=\"nom\">Last name *<\/label>\r\n                <div class=\"nt-form-field\">\r\n                    <input type=\"text\" name=\"nom\" id=\"nom\" required>\r\n                <\/div>\r\n            <\/div>\r\n            <div class=\"nt-form-line\">\r\n                <label for=\"prenom\">Name *<\/label>\r\n                <div class=\"nt-form-field\">\r\n                    <input type=\"text\" name=\"prenom\" id=\"prenom\" required>\r\n                <\/div>\r\n            <\/div>\r\n        <\/div>\r\n        <div class=\"nt-form-line\">\r\n            <label for=\"email\">E-mail *<\/label>\r\n            <div class=\"nt-form-field\">\r\n                <input type=\"email\" id=\"email\" name=\"email\" required>\r\n            <\/div>\r\n        <\/div>\r\n        <div class=\"nt-form-multiline\">\r\n            <div class=\"nt-form-line\">\r\n                <label for=\"mot_de_passe\">Password *<\/label>\r\n                <div class=\"nt-form-field\">\r\n                    <input type=\"password\" name=\"mot_de_passe\" id=\"mot_de_passe\" required>\r\n                    <span class=\"nt-show-password-field\"><\/span>\r\n                <\/div>\r\n            <\/div>\r\n            <div class=\"nt-form-line\">\r\n                <label for=\"confirmation_mot_de_passe\">Confirm password *<\/label>\r\n                <div class=\"nt-form-field\">\r\n                    <input type=\"password\" name=\"confirmation_mot_de_passe\" id=\"confirmation_mot_de_passe\" required>\r\n                    <span class=\"nt-show-password-field\"><\/span>\r\n                <\/div>\r\n            <\/div>\r\n        <\/div>\r\n        <div class=\"nt-form-line nt-form-line--password-strength\">\r\n            <p class=\"nt-alert\">Password security: <span id=\"password-strength\"><\/span><\/p>\r\n        <\/div>\r\n        <div class=\"nt-form-notes\">\r\n            <p>* Required fields<\/p>\r\n        <\/div>\r\n        <div class=\"nt-form-line nt-form-line--submit\">\r\n            <button type=\"submit\" class=\"elementor-button nt-loader-button\">\r\n                Submit                <img decoding=\"async\" src=\"https:\/\/www.micro-mega.com\/wp-content\/themes\/wordpress-elementor-child\/assets\/images\/loader.gif\" alt=\"\" class=\"loader\">\r\n            <\/button>\r\n        <\/div>\r\n    <\/form>\r\n<\/div>\t\t\t\t<\/div>\n\t\t\t\t<\/div>\n\t\t\t\t<\/div>\n\t\t\t\t\t<\/div>\n\t\t\t\t<\/div>\n\t\t\t\t<\/div>\n\t\t","protected":false},"excerpt":{"rendered":"<p>This on-line service requires user registration Registered users Your account is being validated. You will be able to access MyMM as soon as an administrator has validated it. New users Je suis M.MmeDrPrMe Nom * Pr\u00e9nom * E-mail * Mot de passe * Confirmation mot de passe * S\u00e9curit\u00e9 du mot de passe : * [&hellip;]<\/p>\n","protected":false},"author":1,"featured_media":0,"parent":0,"menu_order":8,"comment_status":"closed","ping_status":"closed","template":"","meta":{"_acf_changed":false,"footnotes":""},"categories":[],"tags":[],"class_list":["post-8420","page","type-page","status-publish","hentry"],"acf":[],"yoast_head":"<!-- This site is optimized with the Yoast SEO plugin v27.1.1 - https:\/\/yoast.com\/product\/yoast-seo-wordpress\/ -->\n<title>My MM Log in - Micro-Mega<\/title>\n<meta name=\"description\" content=\"My MM is Micro\u2011Mega\u2019s distributor portal to access marketing packs, product descriptions, visuals, and regulatory documentation.\" \/>\n<meta name=\"robots\" content=\"index, follow, max-snippet:-1, max-image-preview:large, max-video-preview:-1\" \/>\n<link rel=\"canonical\" href=\"https:\/\/www.micro-mega.com\/en\/my-mm-log-in\/\" \/>\n<meta property=\"og:locale\" content=\"en_US\" \/>\n<meta property=\"og:type\" content=\"article\" \/>\n<meta property=\"og:title\" content=\"My MM Log in - Micro-Mega\" \/>\n<meta property=\"og:description\" content=\"My MM is Micro\u2011Mega\u2019s distributor portal to access marketing packs, product descriptions, visuals, and regulatory documentation.\" \/>\n<meta property=\"og:url\" content=\"https:\/\/www.micro-mega.com\/en\/my-mm-log-in\/\" \/>\n<meta property=\"og:site_name\" content=\"Micro-Mega\" \/>\n<meta property=\"article:modified_time\" content=\"2026-04-29T14:37:34+00:00\" \/>\n<meta property=\"og:image\" content=\"https:\/\/www.micro-mega.com\/wp-content\/themes\/wordpress-elementor-child\/assets\/images\/loader.gif\" \/>\n<meta name=\"twitter:card\" content=\"summary_large_image\" \/>\n<meta name=\"twitter:label1\" content=\"Est. reading time\" \/>\n\t<meta name=\"twitter:data1\" content=\"1 minute\" \/>\n<script type=\"application\/ld+json\" class=\"yoast-schema-graph\">{\"@context\":\"https:\/\/schema.org\",\"@graph\":[{\"@type\":\"WebPage\",\"@id\":\"https:\/\/www.micro-mega.com\/en\/my-mm-log-in\/\",\"url\":\"https:\/\/www.micro-mega.com\/en\/my-mm-log-in\/\",\"name\":\"My MM Log in - Micro-Mega\",\"isPartOf\":{\"@id\":\"https:\/\/www.micro-mega.com\/en\/#website\"},\"primaryImageOfPage\":{\"@id\":\"https:\/\/www.micro-mega.com\/en\/my-mm-log-in\/#primaryimage\"},\"image\":{\"@id\":\"https:\/\/www.micro-mega.com\/en\/my-mm-log-in\/#primaryimage\"},\"thumbnailUrl\":\"https:\/\/www.micro-mega.com\/wp-content\/themes\/wordpress-elementor-child\/assets\/images\/loader.gif\",\"datePublished\":\"2024-12-05T07:59:39+00:00\",\"dateModified\":\"2026-04-29T14:37:34+00:00\",\"description\":\"My MM is Micro\u2011Mega\u2019s distributor portal to access marketing packs, product descriptions, visuals, and regulatory documentation.\",\"breadcrumb\":{\"@id\":\"https:\/\/www.micro-mega.com\/en\/my-mm-log-in\/#breadcrumb\"},\"inLanguage\":\"en-US\",\"potentialAction\":[{\"@type\":\"ReadAction\",\"target\":[\"https:\/\/www.micro-mega.com\/en\/my-mm-log-in\/\"]}]},{\"@type\":\"ImageObject\",\"inLanguage\":\"en-US\",\"@id\":\"https:\/\/www.micro-mega.com\/en\/my-mm-log-in\/#primaryimage\",\"url\":\"https:\/\/www.micro-mega.com\/wp-content\/themes\/wordpress-elementor-child\/assets\/images\/loader.gif\",\"contentUrl\":\"https:\/\/www.micro-mega.com\/wp-content\/themes\/wordpress-elementor-child\/assets\/images\/loader.gif\"},{\"@type\":\"BreadcrumbList\",\"@id\":\"https:\/\/www.micro-mega.com\/en\/my-mm-log-in\/#breadcrumb\",\"itemListElement\":[{\"@type\":\"ListItem\",\"position\":1,\"name\":\"Accueil\",\"item\":\"https:\/\/www.micro-mega.com\/en\/\"},{\"@type\":\"ListItem\",\"position\":2,\"name\":\"My MM Log in\"}]},{\"@type\":\"WebSite\",\"@id\":\"https:\/\/www.micro-mega.com\/en\/#website\",\"url\":\"https:\/\/www.micro-mega.com\/en\/\",\"name\":\"MicroMega\",\"description\":\"Dispositifs m\u00e9dicaux destin\u00e9s \u00e0 la chirurgie dentaire\",\"publisher\":{\"@id\":\"https:\/\/www.micro-mega.com\/en\/#organization\"},\"potentialAction\":[{\"@type\":\"SearchAction\",\"target\":{\"@type\":\"EntryPoint\",\"urlTemplate\":\"https:\/\/www.micro-mega.com\/en\/?s={search_term_string}\"},\"query-input\":{\"@type\":\"PropertyValueSpecification\",\"valueRequired\":true,\"valueName\":\"search_term_string\"}}],\"inLanguage\":\"en-US\"},{\"@type\":\"Organization\",\"@id\":\"https:\/\/www.micro-mega.com\/en\/#Organization\/\",\"name\":\"Micro-Mega\",\"url\":\"https:\/\/www.micro-mega.com\/en\/\",\"logo\":{\"@type\":\"ImageObject\",\"inLanguage\":\"en-US\",\"@id\":\"https:\/\/www.micro-mega.com\/en\/#\/schema\/logo\/image\/\",\"url\":\"https:\/\/www.micro-mega.com\/wp-content\/uploads\/2025\/02\/Logo-MM-Horizontal-Original_web-png.webp\",\"contentUrl\":\"https:\/\/www.micro-mega.com\/wp-content\/uploads\/2025\/02\/Logo-MM-Horizontal-Original_web-png.webp\",\"width\":1200,\"height\":300,\"caption\":\"MicroMega\"},\"image\":{\"@id\":\"https:\/\/www.micro-mega.com\/en\/#\/schema\/logo\/image\/\"}}]}<\/script>\n<!-- \/ Yoast SEO plugin. -->","yoast_head_json":{"title":"My MM Log in - Micro-Mega","description":"My MM is Micro\u2011Mega\u2019s distributor portal to access marketing packs, product descriptions, visuals, and regulatory documentation.","robots":{"index":"index","follow":"follow","max-snippet":"max-snippet:-1","max-image-preview":"max-image-preview:large","max-video-preview":"max-video-preview:-1"},"canonical":"https:\/\/www.micro-mega.com\/en\/my-mm-log-in\/","og_locale":"en_US","og_type":"article","og_title":"My MM Log in - Micro-Mega","og_description":"My MM is Micro\u2011Mega\u2019s distributor portal to access marketing packs, product descriptions, visuals, and regulatory documentation.","og_url":"https:\/\/www.micro-mega.com\/en\/my-mm-log-in\/","og_site_name":"Micro-Mega","article_modified_time":"2026-04-29T14:37:34+00:00","og_image":[{"url":"https:\/\/www.micro-mega.com\/wp-content\/themes\/wordpress-elementor-child\/assets\/images\/loader.gif","type":"","width":"","height":""}],"twitter_card":"summary_large_image","twitter_misc":{"Est. reading time":"1 minute"},"schema":{"@context":"https:\/\/schema.org","@graph":[{"@type":"WebPage","@id":"https:\/\/www.micro-mega.com\/en\/my-mm-log-in\/","url":"https:\/\/www.micro-mega.com\/en\/my-mm-log-in\/","name":"My MM Log in - Micro-Mega","isPartOf":{"@id":"https:\/\/www.micro-mega.com\/en\/#website"},"primaryImageOfPage":{"@id":"https:\/\/www.micro-mega.com\/en\/my-mm-log-in\/#primaryimage"},"image":{"@id":"https:\/\/www.micro-mega.com\/en\/my-mm-log-in\/#primaryimage"},"thumbnailUrl":"https:\/\/www.micro-mega.com\/wp-content\/themes\/wordpress-elementor-child\/assets\/images\/loader.gif","datePublished":"2024-12-05T07:59:39+00:00","dateModified":"2026-04-29T14:37:34+00:00","description":"My MM is Micro\u2011Mega\u2019s distributor portal to access marketing packs, product descriptions, visuals, and regulatory documentation.","breadcrumb":{"@id":"https:\/\/www.micro-mega.com\/en\/my-mm-log-in\/#breadcrumb"},"inLanguage":"en-US","potentialAction":[{"@type":"ReadAction","target":["https:\/\/www.micro-mega.com\/en\/my-mm-log-in\/"]}]},{"@type":"ImageObject","inLanguage":"en-US","@id":"https:\/\/www.micro-mega.com\/en\/my-mm-log-in\/#primaryimage","url":"https:\/\/www.micro-mega.com\/wp-content\/themes\/wordpress-elementor-child\/assets\/images\/loader.gif","contentUrl":"https:\/\/www.micro-mega.com\/wp-content\/themes\/wordpress-elementor-child\/assets\/images\/loader.gif"},{"@type":"BreadcrumbList","@id":"https:\/\/www.micro-mega.com\/en\/my-mm-log-in\/#breadcrumb","itemListElement":[{"@type":"ListItem","position":1,"name":"Accueil","item":"https:\/\/www.micro-mega.com\/en\/"},{"@type":"ListItem","position":2,"name":"My MM Log in"}]},{"@type":"WebSite","@id":"https:\/\/www.micro-mega.com\/en\/#website","url":"https:\/\/www.micro-mega.com\/en\/","name":"MicroMega","description":"Dispositifs m\u00e9dicaux destin\u00e9s \u00e0 la chirurgie dentaire","publisher":{"@id":"https:\/\/www.micro-mega.com\/en\/#organization"},"potentialAction":[{"@type":"SearchAction","target":{"@type":"EntryPoint","urlTemplate":"https:\/\/www.micro-mega.com\/en\/?s={search_term_string}"},"query-input":{"@type":"PropertyValueSpecification","valueRequired":true,"valueName":"search_term_string"}}],"inLanguage":"en-US"},{"@type":"Organization","@id":"https:\/\/www.micro-mega.com\/en\/#Organization\/","name":"Micro-Mega","url":"https:\/\/www.micro-mega.com\/en\/","logo":{"@type":"ImageObject","inLanguage":"en-US","@id":"https:\/\/www.micro-mega.com\/en\/#\/schema\/logo\/image\/","url":"https:\/\/www.micro-mega.com\/wp-content\/uploads\/2025\/02\/Logo-MM-Horizontal-Original_web-png.webp","contentUrl":"https:\/\/www.micro-mega.com\/wp-content\/uploads\/2025\/02\/Logo-MM-Horizontal-Original_web-png.webp","width":1200,"height":300,"caption":"MicroMega"},"image":{"@id":"https:\/\/www.micro-mega.com\/en\/#\/schema\/logo\/image\/"}}]}},"_links":{"self":[{"href":"https:\/\/www.micro-mega.com\/en\/wp-json\/wp\/v2\/pages\/8420","targetHints":{"allow":["GET"]}}],"collection":[{"href":"https:\/\/www.micro-mega.com\/en\/wp-json\/wp\/v2\/pages"}],"about":[{"href":"https:\/\/www.micro-mega.com\/en\/wp-json\/wp\/v2\/types\/page"}],"author":[{"embeddable":true,"href":"https:\/\/www.micro-mega.com\/en\/wp-json\/wp\/v2\/users\/1"}],"replies":[{"embeddable":true,"href":"https:\/\/www.micro-mega.com\/en\/wp-json\/wp\/v2\/comments?post=8420"}],"version-history":[{"count":1,"href":"https:\/\/www.micro-mega.com\/en\/wp-json\/wp\/v2\/pages\/8420\/revisions"}],"predecessor-version":[{"id":8421,"href":"https:\/\/www.micro-mega.com\/en\/wp-json\/wp\/v2\/pages\/8420\/revisions\/8421"}],"wp:attachment":[{"href":"https:\/\/www.micro-mega.com\/en\/wp-json\/wp\/v2\/media?parent=8420"}],"wp:term":[{"taxonomy":"category","embeddable":true,"href":"https:\/\/www.micro-mega.com\/en\/wp-json\/wp\/v2\/categories?post=8420"},{"taxonomy":"post_tag","embeddable":true,"href":"https:\/\/www.micro-mega.com\/en\/wp-json\/wp\/v2\/tags?post=8420"}],"curies":[{"name":"wp","href":"https:\/\/api.w.org\/{rel}","templated":true}]}}