{"id":9170,"date":"2025-05-28T12:41:31","date_gmt":"2025-05-28T10:41:31","guid":{"rendered":"https:\/\/www.micro-mega.com\/?page_id=9170"},"modified":"2026-02-03T15:46:24","modified_gmt":"2026-02-03T14:46:24","slug":"after-sales-service","status":"publish","type":"page","link":"https:\/\/www.micro-mega.com\/en\/after-sales-service\/","title":{"rendered":"After-Sales Service"},"content":{"rendered":"\t\t<div data-elementor-type=\"wp-page\" data-elementor-id=\"9170\" class=\"elementor elementor-9170 elementor-9169\" data-elementor-post-type=\"page\">\n\t\t\t\t<div class=\"elementor-element elementor-element-3ef691b animated-fast e-flex e-con-boxed elementor-invisible e-con e-parent\" data-id=\"3ef691b\" data-element_type=\"container\" data-e-type=\"container\" data-settings=\"{&quot;animation&quot;:&quot;fadeIn&quot;,&quot;animation_delay&quot;:300}\">\n\t\t\t\t\t<div class=\"e-con-inner\">\n\t\t<div class=\"elementor-element elementor-element-89d04df e-flex e-con-boxed e-con e-child\" data-id=\"89d04df\" data-element_type=\"container\" data-e-type=\"container\" data-settings=\"{&quot;background_background&quot;:&quot;classic&quot;}\">\n\t\t\t\t\t<div class=\"e-con-inner\">\n\t\t\t\t<div class=\"elementor-element elementor-element-2e46813 elementor-widget elementor-widget-heading\" data-id=\"2e46813\" data-element_type=\"widget\" data-e-type=\"widget\" data-widget_type=\"heading.default\">\n\t\t\t\t<div class=\"elementor-widget-container\">\n\t\t\t\t\t<h1 class=\"elementor-heading-title elementor-size-default\">Micro-Mega After-Sales Service<\/h1>\t\t\t\t<\/div>\n\t\t\t\t<\/div>\n\t\t\t\t<div class=\"elementor-element elementor-element-17f1436 elementor-widget elementor-widget-nt_widget_breadcrumb\" data-id=\"17f1436\" data-element_type=\"widget\" data-e-type=\"widget\" data-widget_type=\"nt_widget_breadcrumb.default\">\n\t\t\t\t<div class=\"elementor-widget-container\">\n\t\t\t\t\t<div class=\"nt-breadcrumb-wrapper\">\r\n    <div class=\"nt-breadcrumb\" id=\"breadcrumbs\"><ul><li><a href=\"https:\/\/www.micro-mega.com\/en\/\">Home<\/a><\/li><\/ul><\/div><\/div>\r\n\t\t\t\t<\/div>\n\t\t\t\t<\/div>\n\t\t\t\t\t<\/div>\n\t\t\t\t<\/div>\n\t\t\t\t\t<\/div>\n\t\t\t\t<\/div>\n\t\t<div class=\"elementor-element elementor-element-9a9f574 e-flex e-con-boxed e-con e-parent\" data-id=\"9a9f574\" data-element_type=\"container\" data-e-type=\"container\">\n\t\t\t\t\t<div class=\"e-con-inner\">\n\t\t\t\t<div class=\"elementor-element elementor-element-58ccf1b elementor-widget elementor-widget-text-editor\" data-id=\"58ccf1b\" data-element_type=\"widget\" data-e-type=\"widget\" data-widget_type=\"text-editor.default\">\n\t\t\t\t<div class=\"elementor-widget-container\">\n\t\t\t\t\t\t\t\t\t<h1>You are facing a problem with a device?<\/h1>\t\t\t\t\t\t\t\t<\/div>\n\t\t\t\t<\/div>\n\t\t\t\t\t<\/div>\n\t\t\t\t<\/div>\n\t\t<div class=\"elementor-element elementor-element-d5687bd e-flex e-con-boxed e-con e-parent\" data-id=\"d5687bd\" data-element_type=\"container\" data-e-type=\"container\">\n\t\t\t\t\t<div class=\"e-con-inner\">\n\t\t<div class=\"elementor-element elementor-element-7cf1906 e-con-full e-flex e-con e-child\" data-id=\"7cf1906\" data-element_type=\"container\" data-e-type=\"container\">\n\t\t\t\t<div class=\"elementor-element elementor-element-5b9bc1c elementor-widget elementor-widget-heading\" data-id=\"5b9bc1c\" data-element_type=\"widget\" data-e-type=\"widget\" data-widget_type=\"heading.default\">\n\t\t\t\t<div class=\"elementor-widget-container\">\n\t\t\t\t\t<h2 class=\"elementor-heading-title elementor-size-default\">Initial contact<\/h2>\t\t\t\t<\/div>\n\t\t\t\t<\/div>\n\t\t\t\t<div class=\"elementor-element elementor-element-5f37925 elementor-widget elementor-widget-text-editor\" data-id=\"5f37925\" data-element_type=\"widget\" data-e-type=\"widget\" data-widget_type=\"text-editor.default\">\n\t\t\t\t<div class=\"elementor-widget-container\">\n\t\t\t\t\t\t\t\t\t<p>The first point of contact for Micro-Mega After-Sales Service is your local sales representative, who will assist you and guide you in the proper use of the product.<\/p>\t\t\t\t\t\t\t\t<\/div>\n\t\t\t\t<\/div>\n\t\t<div class=\"elementor-element elementor-element-731634e e-con-full e-flex e-con e-child\" data-id=\"731634e\" data-element_type=\"container\" data-e-type=\"container\">\n\t\t\t\t<div class=\"elementor-element elementor-element-43ed007 elementor-hidden-mobile elementor-widget elementor-widget-image\" data-id=\"43ed007\" data-element_type=\"widget\" data-e-type=\"widget\" data-widget_type=\"image.default\">\n\t\t\t\t<div class=\"elementor-widget-container\">\n\t\t\t\t\t\t\t\t\t\t\t\t\t\t\t<img fetchpriority=\"high\" decoding=\"async\" width=\"300\" height=\"300\" src=\"https:\/\/www.micro-mega.com\/wp-content\/uploads\/2025\/05\/commercialSAV-300x300.webp\" class=\"attachment-medium size-medium wp-image-9193\" alt=\"Repr\u00e9sentant SAV Micro-Mega\" srcset=\"https:\/\/www.micro-mega.com\/wp-content\/uploads\/2025\/05\/commercialSAV-300x300.webp 300w, https:\/\/www.micro-mega.com\/wp-content\/uploads\/2025\/05\/commercialSAV-150x150.webp 150w, https:\/\/www.micro-mega.com\/wp-content\/uploads\/2025\/05\/commercialSAV-768x768.webp 768w, https:\/\/www.micro-mega.com\/wp-content\/uploads\/2025\/05\/commercialSAV-700x700.webp 700w, https:\/\/www.micro-mega.com\/wp-content\/uploads\/2025\/05\/commercialSAV.webp 1024w\" sizes=\"(max-width: 300px) 100vw, 300px\" \/>\t\t\t\t\t\t\t\t\t\t\t\t\t\t\t<\/div>\n\t\t\t\t<\/div>\n\t\t\t\t<div class=\"elementor-element elementor-element-d167cf0 elementor-widget elementor-widget-image\" data-id=\"d167cf0\" data-element_type=\"widget\" data-e-type=\"widget\" data-widget_type=\"image.default\">\n\t\t\t\t<div class=\"elementor-widget-container\">\n\t\t\t\t\t\t\t\t\t\t\t\t\t\t\t\t<a href=\"https:\/\/www.micro-mega.com\/en\/contact\/#worldmap\">\n\t\t\t\t\t\t\t<img decoding=\"async\" width=\"900\" height=\"445\" src=\"https:\/\/www.micro-mega.com\/wp-content\/uploads\/2025\/05\/mapContactsCommerciaux-png.webp\" class=\"attachment-full size-full wp-image-9202\" alt=\"Lien vers page contact\" \/>\t\t\t\t\t\t\t\t<\/a>\n\t\t\t\t\t\t\t\t\t\t\t\t\t\t\t<\/div>\n\t\t\t\t<\/div>\n\t\t\t\t<\/div>\n\t\t\t\t<\/div>\n\t\t\t\t\t<\/div>\n\t\t\t\t<\/div>\n\t\t<div class=\"elementor-element elementor-element-d12728a e-flex e-con-boxed e-con e-parent\" data-id=\"d12728a\" data-element_type=\"container\" data-e-type=\"container\">\n\t\t\t\t\t<div class=\"e-con-inner\">\n\t\t<div class=\"elementor-element elementor-element-d62978f e-con-full e-flex e-con e-child\" data-id=\"d62978f\" data-element_type=\"container\" data-e-type=\"container\">\n\t\t\t\t<div class=\"elementor-element elementor-element-fca8a7e elementor-widget elementor-widget-heading\" data-id=\"fca8a7e\" data-element_type=\"widget\" data-e-type=\"widget\" data-widget_type=\"heading.default\">\n\t\t\t\t<div class=\"elementor-widget-container\">\n\t\t\t\t\t<h2 class=\"elementor-heading-title elementor-size-default\">In case of failure<\/h2>\t\t\t\t<\/div>\n\t\t\t\t<\/div>\n\t\t\t\t<div class=\"elementor-element elementor-element-38b61de elementor-widget elementor-widget-text-editor\" data-id=\"38b61de\" data-element_type=\"widget\" data-e-type=\"widget\" data-widget_type=\"text-editor.default\">\n\t\t\t\t<div class=\"elementor-widget-container\">\n\t\t\t\t\t\t\t\t\t<p>After-sales service is provided by <a href=\"https:\/\/www.clinique-instrument.com\/\" target=\"_blank\" rel=\"noopener\">CLINIQUE DE L\u2019INSTRUMENT<\/a>.\u00a0<\/p><p>\u00a0<\/p><p>This extended collaboration enables us to offer an even higher level of service, thanks to more than 30 years of mastered skills experience in rotary instrument repair. Warranty starts at the purchase of the good by the End-Customer (invoice under<br \/>his name).<\/p><p>\u00a0<\/p><p>Contact CDI directly for return instructions, quotations, maintenance, general overhauls or standard exchanges for below devices (specific conditions according to the article):<\/p>\t\t\t\t\t\t\t\t<\/div>\n\t\t\t\t<\/div>\n\t\t<div class=\"elementor-element elementor-element-18c8d3a e-con-full e-flex e-con e-child\" data-id=\"18c8d3a\" data-element_type=\"container\" data-e-type=\"container\">\n\t\t\t\t<\/div>\n\t\t\t\t<\/div>\n\t\t<div class=\"elementor-element elementor-element-272024c e-con-full e-flex e-con e-child\" data-id=\"272024c\" data-element_type=\"container\" data-e-type=\"container\">\n\t\t\t\t<div class=\"elementor-element elementor-element-1ea470f elementor-widget elementor-widget-text-editor\" data-id=\"1ea470f\" data-element_type=\"widget\" data-e-type=\"widget\" data-widget_type=\"text-editor.default\">\n\t\t\t\t<div class=\"elementor-widget-container\">\n\t\t\t\t\t\t\t\t\t<h2>Your contact<\/h2>\t\t\t\t\t\t\t\t<\/div>\n\t\t\t\t<\/div>\n\t\t\t\t<div class=\"elementor-element elementor-element-b5a6aeb elementor-widget-divider--view-line elementor-widget elementor-widget-divider\" data-id=\"b5a6aeb\" data-element_type=\"widget\" data-e-type=\"widget\" data-widget_type=\"divider.default\">\n\t\t\t\t<div class=\"elementor-widget-container\">\n\t\t\t\t\t\t\t<div class=\"elementor-divider\">\n\t\t\t<span class=\"elementor-divider-separator\">\n\t\t\t\t\t\t<\/span>\n\t\t<\/div>\n\t\t\t\t\t\t<\/div>\n\t\t\t\t<\/div>\n\t\t\t\t<div class=\"elementor-element elementor-element-5cfda3f elementor-widget elementor-widget-text-editor\" data-id=\"5cfda3f\" data-element_type=\"widget\" data-e-type=\"widget\" data-widget_type=\"text-editor.default\">\n\t\t\t\t<div class=\"elementor-widget-container\">\n\t\t\t\t\t\t\t\t\t<p><img decoding=\"async\" class=\"alignnone wp-image-9261\" src=\"https:\/\/www.micro-mega.com\/wp-content\/uploads\/2025\/05\/logo_CDI-png.webp\" alt=\"Logo partenaire Clinique De l'Instrument\" width=\"174\" height=\"100\" \/><\/p><p><img loading=\"lazy\" decoding=\"async\" src=\"https:\/\/www.micro-mega.com\/wp-content\/uploads\/2025\/05\/iconPhone-png.webp\" alt=\"\" width=\"13\" height=\"15\" \/> +33 (0)3 88 55 77 77<\/p><p><img loading=\"lazy\" decoding=\"async\" src=\"https:\/\/www.micro-mega.com\/wp-content\/uploads\/2025\/05\/iconMail-png.webp\" alt=\"\" width=\"16\" height=\"15\" \/>\u00a0service@coltene.com<\/p><p><img loading=\"lazy\" decoding=\"async\" class=\"alignnone size-full wp-image-9228\" src=\"https:\/\/www.micro-mega.com\/wp-content\/uploads\/2025\/05\/iconWeb-png.webp\" alt=\"\" width=\"15\" height=\"15\" \/> <a href=\"https:\/\/www.clinique-instrument.com\" target=\"_blank\" rel=\"noopener\">www.clinique-instrument.com<\/a><\/p><p><img loading=\"lazy\" decoding=\"async\" class=\"alignnone size-full wp-image-9230\" src=\"https:\/\/www.micro-mega.com\/wp-content\/uploads\/2025\/05\/iconPostal-png.webp\" alt=\"\" width=\"26\" height=\"15\" \/> 5 rue Pierre et Marie CURIE<br \/>ZAC la Vigie 2<br \/>67 540 OSTWALD &#8211; France<\/p>\t\t\t\t\t\t\t\t<\/div>\n\t\t\t\t<\/div>\n\t\t\t\t<\/div>\n\t\t\t\t\t<\/div>\n\t\t\t\t<\/div>\n\t\t<div class=\"elementor-element elementor-element-3c004ee e-flex e-con-boxed e-con e-parent\" data-id=\"3c004ee\" data-element_type=\"container\" data-e-type=\"container\">\n\t\t\t\t\t<div class=\"e-con-inner\">\n\t\t\t\t<div class=\"elementor-element elementor-element-526c0a0 elementor-widget elementor-widget-image\" data-id=\"526c0a0\" data-element_type=\"widget\" data-e-type=\"widget\" data-widget_type=\"image.default\">\n\t\t\t\t<div class=\"elementor-widget-container\">\n\t\t\t\t\t\t\t\t\t\t\t\t\t\t\t<img loading=\"lazy\" decoding=\"async\" width=\"1024\" height=\"254\" src=\"https:\/\/www.micro-mega.com\/wp-content\/uploads\/2026\/02\/SAV-ENDO-MOTORs3-1024x254.webp\" class=\"attachment-large size-large wp-image-12632\" alt=\"\" srcset=\"https:\/\/www.micro-mega.com\/wp-content\/uploads\/2026\/02\/SAV-ENDO-MOTORs3-1024x254.webp 1024w, https:\/\/www.micro-mega.com\/wp-content\/uploads\/2026\/02\/SAV-ENDO-MOTORs3-300x74.webp 300w, https:\/\/www.micro-mega.com\/wp-content\/uploads\/2026\/02\/SAV-ENDO-MOTORs3-768x190.webp 768w, https:\/\/www.micro-mega.com\/wp-content\/uploads\/2026\/02\/SAV-ENDO-MOTORs3.webp 1041w\" sizes=\"(max-width: 1024px) 100vw, 1024px\" \/>\t\t\t\t\t\t\t\t\t\t\t\t\t\t\t<\/div>\n\t\t\t\t<\/div>\n\t\t\t\t\t<\/div>\n\t\t\t\t<\/div>\n\t\t<div class=\"elementor-element elementor-element-15e87a4 e-flex e-con-boxed e-con e-parent\" data-id=\"15e87a4\" data-element_type=\"container\" data-e-type=\"container\">\n\t\t\t\t\t<div class=\"e-con-inner\">\n\t\t\t\t<div class=\"elementor-element elementor-element-ead4934 elementor-widget elementor-widget-heading\" data-id=\"ead4934\" data-element_type=\"widget\" data-e-type=\"widget\" data-widget_type=\"heading.default\">\n\t\t\t\t<div class=\"elementor-widget-container\">\n\t\t\t\t\t<h2 class=\"elementor-heading-title elementor-size-default\">Repair cycle<\/h2>\t\t\t\t<\/div>\n\t\t\t\t<\/div>\n\t\t\t\t<div class=\"elementor-element elementor-element-57f849a elementor-widget elementor-widget-image\" data-id=\"57f849a\" data-element_type=\"widget\" data-e-type=\"widget\" data-widget_type=\"image.default\">\n\t\t\t\t<div class=\"elementor-widget-container\">\n\t\t\t\t\t\t\t\t\t\t\t\t\t\t\t<img loading=\"lazy\" decoding=\"async\" width=\"900\" height=\"259\" src=\"https:\/\/www.micro-mega.com\/wp-content\/uploads\/2025\/05\/processSAV_en-png.webp\" class=\"attachment-large size-large wp-image-9367\" alt=\"After-Sales Support cycle\" srcset=\"https:\/\/www.micro-mega.com\/wp-content\/uploads\/2025\/05\/processSAV_en-png.webp 900w, https:\/\/www.micro-mega.com\/wp-content\/uploads\/2025\/05\/processSAV_en-300x86.webp 300w, https:\/\/www.micro-mega.com\/wp-content\/uploads\/2025\/05\/processSAV_en-768x221.webp 768w\" sizes=\"(max-width: 900px) 100vw, 900px\" \/>\t\t\t\t\t\t\t\t\t\t\t\t\t\t\t<\/div>\n\t\t\t\t<\/div>\n\t\t\t\t\t<\/div>\n\t\t\t\t<\/div>\n\t\t<div class=\"elementor-element elementor-element-53ec735 e-flex e-con-boxed e-con e-parent\" data-id=\"53ec735\" data-element_type=\"container\" data-e-type=\"container\">\n\t\t\t\t\t<div class=\"e-con-inner\">\n\t\t\t\t<div class=\"elementor-element elementor-element-60cfabd elementor-widget elementor-widget-image\" data-id=\"60cfabd\" data-element_type=\"widget\" data-e-type=\"widget\" data-widget_type=\"image.default\">\n\t\t\t\t<div class=\"elementor-widget-container\">\n\t\t\t\t\t\t\t\t\t\t\t\t\t\t\t<img loading=\"lazy\" decoding=\"async\" width=\"1024\" height=\"151\" src=\"https:\/\/www.micro-mega.com\/wp-content\/uploads\/2026\/02\/SAV-ENDO-MOTORs4-1024x151.webp\" class=\"attachment-large size-large wp-image-12634\" alt=\"\" srcset=\"https:\/\/www.micro-mega.com\/wp-content\/uploads\/2026\/02\/SAV-ENDO-MOTORs4-1024x151.webp 1024w, https:\/\/www.micro-mega.com\/wp-content\/uploads\/2026\/02\/SAV-ENDO-MOTORs4-300x44.webp 300w, https:\/\/www.micro-mega.com\/wp-content\/uploads\/2026\/02\/SAV-ENDO-MOTORs4-768x113.webp 768w, https:\/\/www.micro-mega.com\/wp-content\/uploads\/2026\/02\/SAV-ENDO-MOTORs4.webp 1090w\" sizes=\"(max-width: 1024px) 100vw, 1024px\" \/>\t\t\t\t\t\t\t\t\t\t\t\t\t\t\t<\/div>\n\t\t\t\t<\/div>\n\t\t\t\t\t<\/div>\n\t\t\t\t<\/div>\n\t\t\t\t<\/div>\n\t\t","protected":false},"excerpt":{"rendered":"<p>Micro-Mega After-Sales Service Home You are facing a problem with a device? Initial contact The first point of contact for Micro-Mega After-Sales Service is your local sales representative, who will assist you and guide you in the proper use of the product. In case of failure After-sales service is provided by CLINIQUE DE L\u2019INSTRUMENT.\u00a0 \u00a0 [&hellip;]<\/p>\n","protected":false},"author":3,"featured_media":0,"parent":0,"menu_order":6,"comment_status":"closed","ping_status":"closed","template":"","meta":{"_acf_changed":false,"footnotes":""},"categories":[],"tags":[],"class_list":["post-9170","page","type-page","status-publish","hentry"],"acf":[],"yoast_head":"<!-- This site is optimized with the Yoast SEO plugin v27.1.1 - https:\/\/yoast.com\/product\/yoast-seo-wordpress\/ -->\n<title>After-Sales Service - Micro-Mega<\/title>\n<meta name=\"description\" content=\"Need Micro-Mega After-Sales Service ? Contact CDI Directly for return instructions, quotations, maintenance, general overhauls or standard exchanges for MM 4000,..\" \/>\n<meta name=\"robots\" content=\"index, follow, max-snippet:-1, max-image-preview:large, max-video-preview:-1\" \/>\n<link rel=\"canonical\" href=\"https:\/\/www.micro-mega.com\/en\/after-sales-service\/\" \/>\n<meta property=\"og:locale\" content=\"en_US\" \/>\n<meta property=\"og:type\" content=\"article\" \/>\n<meta property=\"og:title\" content=\"After-Sales Service - Micro-Mega\" \/>\n<meta property=\"og:description\" content=\"Need Micro-Mega After-Sales Service ? Contact CDI Directly for return instructions, quotations, maintenance, general overhauls or standard exchanges for MM 4000,..\" \/>\n<meta property=\"og:url\" content=\"https:\/\/www.micro-mega.com\/en\/after-sales-service\/\" \/>\n<meta property=\"og:site_name\" content=\"Micro-Mega\" \/>\n<meta property=\"article:modified_time\" content=\"2026-02-03T14:46:24+00:00\" \/>\n<meta property=\"og:image\" content=\"https:\/\/www.micro-mega.com\/wp-content\/uploads\/2025\/05\/commercialSAV.webp\" \/>\n\t<meta property=\"og:image:width\" content=\"1024\" \/>\n\t<meta property=\"og:image:height\" content=\"1024\" \/>\n\t<meta property=\"og:image:type\" content=\"image\/jpeg\" \/>\n<meta name=\"twitter:card\" content=\"summary_large_image\" \/>\n<meta name=\"twitter:label1\" content=\"Est. reading time\" \/>\n\t<meta name=\"twitter:data1\" content=\"3 minutes\" \/>\n<script type=\"application\/ld+json\" class=\"yoast-schema-graph\">{\"@context\":\"https:\/\/schema.org\",\"@graph\":[{\"@type\":\"WebPage\",\"@id\":\"https:\/\/www.micro-mega.com\/en\/after-sales-service\/\",\"url\":\"https:\/\/www.micro-mega.com\/en\/after-sales-service\/\",\"name\":\"After-Sales Service - Micro-Mega\",\"isPartOf\":{\"@id\":\"https:\/\/www.micro-mega.com\/en\/#website\"},\"primaryImageOfPage\":{\"@id\":\"https:\/\/www.micro-mega.com\/en\/after-sales-service\/#primaryimage\"},\"image\":{\"@id\":\"https:\/\/www.micro-mega.com\/en\/after-sales-service\/#primaryimage\"},\"thumbnailUrl\":\"https:\/\/www.micro-mega.com\/wp-content\/uploads\/2025\/05\/commercialSAV-300x300.webp\",\"datePublished\":\"2025-05-28T10:41:31+00:00\",\"dateModified\":\"2026-02-03T14:46:24+00:00\",\"description\":\"Need Micro-Mega After-Sales Service ? Contact CDI Directly for return instructions, quotations, maintenance, general overhauls or standard exchanges for MM 4000,..\",\"breadcrumb\":{\"@id\":\"https:\/\/www.micro-mega.com\/en\/after-sales-service\/#breadcrumb\"},\"inLanguage\":\"en-US\",\"potentialAction\":[{\"@type\":\"ReadAction\",\"target\":[\"https:\/\/www.micro-mega.com\/en\/after-sales-service\/\"]}]},{\"@type\":\"ImageObject\",\"inLanguage\":\"en-US\",\"@id\":\"https:\/\/www.micro-mega.com\/en\/after-sales-service\/#primaryimage\",\"url\":\"https:\/\/www.micro-mega.com\/wp-content\/uploads\/2025\/05\/commercialSAV-300x300.webp\",\"contentUrl\":\"https:\/\/www.micro-mega.com\/wp-content\/uploads\/2025\/05\/commercialSAV-300x300.webp\"},{\"@type\":\"BreadcrumbList\",\"@id\":\"https:\/\/www.micro-mega.com\/en\/after-sales-service\/#breadcrumb\",\"itemListElement\":[{\"@type\":\"ListItem\",\"position\":1,\"name\":\"Accueil\",\"item\":\"https:\/\/www.micro-mega.com\/en\/\"},{\"@type\":\"ListItem\",\"position\":2,\"name\":\"After-Sales Service\"}]},{\"@type\":\"WebSite\",\"@id\":\"https:\/\/www.micro-mega.com\/en\/#website\",\"url\":\"https:\/\/www.micro-mega.com\/en\/\",\"name\":\"MicroMega\",\"description\":\"Dispositifs m\u00e9dicaux destin\u00e9s \u00e0 la chirurgie dentaire\",\"publisher\":{\"@id\":\"https:\/\/www.micro-mega.com\/en\/#organization\"},\"potentialAction\":[{\"@type\":\"SearchAction\",\"target\":{\"@type\":\"EntryPoint\",\"urlTemplate\":\"https:\/\/www.micro-mega.com\/en\/?s={search_term_string}\"},\"query-input\":{\"@type\":\"PropertyValueSpecification\",\"valueRequired\":true,\"valueName\":\"search_term_string\"}}],\"inLanguage\":\"en-US\"},{\"@type\":\"Organization\",\"@id\":\"https:\/\/www.micro-mega.com\/en\/#Organization\/\",\"name\":\"Micro-Mega\",\"url\":\"https:\/\/www.micro-mega.com\/en\/\",\"logo\":{\"@type\":\"ImageObject\",\"inLanguage\":\"en-US\",\"@id\":\"https:\/\/www.micro-mega.com\/en\/#\/schema\/logo\/image\/\",\"url\":\"https:\/\/www.micro-mega.com\/wp-content\/uploads\/2025\/02\/Logo-MM-Horizontal-Original_web-png.webp\",\"contentUrl\":\"https:\/\/www.micro-mega.com\/wp-content\/uploads\/2025\/02\/Logo-MM-Horizontal-Original_web-png.webp\",\"width\":1200,\"height\":300,\"caption\":\"MicroMega\"},\"image\":{\"@id\":\"https:\/\/www.micro-mega.com\/en\/#\/schema\/logo\/image\/\"}}]}<\/script>\n<!-- \/ Yoast SEO plugin. -->","yoast_head_json":{"title":"After-Sales Service - Micro-Mega","description":"Need Micro-Mega After-Sales Service ? Contact CDI Directly for return instructions, quotations, maintenance, general overhauls or standard exchanges for MM 4000,..","robots":{"index":"index","follow":"follow","max-snippet":"max-snippet:-1","max-image-preview":"max-image-preview:large","max-video-preview":"max-video-preview:-1"},"canonical":"https:\/\/www.micro-mega.com\/en\/after-sales-service\/","og_locale":"en_US","og_type":"article","og_title":"After-Sales Service - Micro-Mega","og_description":"Need Micro-Mega After-Sales Service ? Contact CDI Directly for return instructions, quotations, maintenance, general overhauls or standard exchanges for MM 4000,..","og_url":"https:\/\/www.micro-mega.com\/en\/after-sales-service\/","og_site_name":"Micro-Mega","article_modified_time":"2026-02-03T14:46:24+00:00","og_image":[{"width":1024,"height":1024,"url":"https:\/\/www.micro-mega.com\/wp-content\/uploads\/2025\/05\/commercialSAV.webp","type":"image\/jpeg"}],"twitter_card":"summary_large_image","twitter_misc":{"Est. reading time":"3 minutes"},"schema":{"@context":"https:\/\/schema.org","@graph":[{"@type":"WebPage","@id":"https:\/\/www.micro-mega.com\/en\/after-sales-service\/","url":"https:\/\/www.micro-mega.com\/en\/after-sales-service\/","name":"After-Sales Service - Micro-Mega","isPartOf":{"@id":"https:\/\/www.micro-mega.com\/en\/#website"},"primaryImageOfPage":{"@id":"https:\/\/www.micro-mega.com\/en\/after-sales-service\/#primaryimage"},"image":{"@id":"https:\/\/www.micro-mega.com\/en\/after-sales-service\/#primaryimage"},"thumbnailUrl":"https:\/\/www.micro-mega.com\/wp-content\/uploads\/2025\/05\/commercialSAV-300x300.webp","datePublished":"2025-05-28T10:41:31+00:00","dateModified":"2026-02-03T14:46:24+00:00","description":"Need Micro-Mega After-Sales Service ? Contact CDI Directly for return instructions, quotations, maintenance, general overhauls or standard exchanges for MM 4000,..","breadcrumb":{"@id":"https:\/\/www.micro-mega.com\/en\/after-sales-service\/#breadcrumb"},"inLanguage":"en-US","potentialAction":[{"@type":"ReadAction","target":["https:\/\/www.micro-mega.com\/en\/after-sales-service\/"]}]},{"@type":"ImageObject","inLanguage":"en-US","@id":"https:\/\/www.micro-mega.com\/en\/after-sales-service\/#primaryimage","url":"https:\/\/www.micro-mega.com\/wp-content\/uploads\/2025\/05\/commercialSAV-300x300.webp","contentUrl":"https:\/\/www.micro-mega.com\/wp-content\/uploads\/2025\/05\/commercialSAV-300x300.webp"},{"@type":"BreadcrumbList","@id":"https:\/\/www.micro-mega.com\/en\/after-sales-service\/#breadcrumb","itemListElement":[{"@type":"ListItem","position":1,"name":"Accueil","item":"https:\/\/www.micro-mega.com\/en\/"},{"@type":"ListItem","position":2,"name":"After-Sales Service"}]},{"@type":"WebSite","@id":"https:\/\/www.micro-mega.com\/en\/#website","url":"https:\/\/www.micro-mega.com\/en\/","name":"MicroMega","description":"Dispositifs m\u00e9dicaux destin\u00e9s \u00e0 la chirurgie dentaire","publisher":{"@id":"https:\/\/www.micro-mega.com\/en\/#organization"},"potentialAction":[{"@type":"SearchAction","target":{"@type":"EntryPoint","urlTemplate":"https:\/\/www.micro-mega.com\/en\/?s={search_term_string}"},"query-input":{"@type":"PropertyValueSpecification","valueRequired":true,"valueName":"search_term_string"}}],"inLanguage":"en-US"},{"@type":"Organization","@id":"https:\/\/www.micro-mega.com\/en\/#Organization\/","name":"Micro-Mega","url":"https:\/\/www.micro-mega.com\/en\/","logo":{"@type":"ImageObject","inLanguage":"en-US","@id":"https:\/\/www.micro-mega.com\/en\/#\/schema\/logo\/image\/","url":"https:\/\/www.micro-mega.com\/wp-content\/uploads\/2025\/02\/Logo-MM-Horizontal-Original_web-png.webp","contentUrl":"https:\/\/www.micro-mega.com\/wp-content\/uploads\/2025\/02\/Logo-MM-Horizontal-Original_web-png.webp","width":1200,"height":300,"caption":"MicroMega"},"image":{"@id":"https:\/\/www.micro-mega.com\/en\/#\/schema\/logo\/image\/"}}]}},"_links":{"self":[{"href":"https:\/\/www.micro-mega.com\/en\/wp-json\/wp\/v2\/pages\/9170","targetHints":{"allow":["GET"]}}],"collection":[{"href":"https:\/\/www.micro-mega.com\/en\/wp-json\/wp\/v2\/pages"}],"about":[{"href":"https:\/\/www.micro-mega.com\/en\/wp-json\/wp\/v2\/types\/page"}],"author":[{"embeddable":true,"href":"https:\/\/www.micro-mega.com\/en\/wp-json\/wp\/v2\/users\/3"}],"replies":[{"embeddable":true,"href":"https:\/\/www.micro-mega.com\/en\/wp-json\/wp\/v2\/comments?post=9170"}],"version-history":[{"count":28,"href":"https:\/\/www.micro-mega.com\/en\/wp-json\/wp\/v2\/pages\/9170\/revisions"}],"predecessor-version":[{"id":12639,"href":"https:\/\/www.micro-mega.com\/en\/wp-json\/wp\/v2\/pages\/9170\/revisions\/12639"}],"wp:attachment":[{"href":"https:\/\/www.micro-mega.com\/en\/wp-json\/wp\/v2\/media?parent=9170"}],"wp:term":[{"taxonomy":"category","embeddable":true,"href":"https:\/\/www.micro-mega.com\/en\/wp-json\/wp\/v2\/categories?post=9170"},{"taxonomy":"post_tag","embeddable":true,"href":"https:\/\/www.micro-mega.com\/en\/wp-json\/wp\/v2\/tags?post=9170"}],"curies":[{"name":"wp","href":"https:\/\/api.w.org\/{rel}","templated":true}]}}